{"id":1001,"date":"2024-05-09T11:54:39","date_gmt":"2024-05-09T11:54:39","guid":{"rendered":"https:\/\/huretransports.com\/transport\/tautliners\/"},"modified":"2024-11-26T20:18:30","modified_gmt":"2024-11-26T20:18:30","slug":"tautliners","status":"publish","type":"page","link":"https:\/\/huretransports.com\/de\/transport\/tautliners\/","title":{"rendered":"Tautliners"},"content":{"rendered":"<div class=\"wpb-content-wrapper\"><p>[vc_row row_height_percent=&#8220;0&#8243; override_padding=&#8220;yes&#8220; h_padding=&#8220;2&#8243; top_padding=&#8220;0&#8243; bottom_padding=&#8220;0&#8243; overlay_alpha=&#8220;50&#8243; gutter_size=&#8220;4&#8243; column_width_percent=&#8220;100&#8243; shift_y=&#8220;0&#8243; z_index=&#8220;0&#8243; uncode_shortcode_id=&#8220;122019&#8243; css=&#8220;.vc_custom_1715345476348{padding-top: 50px !important;padding-bottom: 100px !important;}&#8220;][vc_column column_width_percent=&#8220;100&#8243; gutter_size=&#8220;3&#8243; overlay_alpha=&#8220;50&#8243; shift_x=&#8220;0&#8243; shift_y=&#8220;0&#8243; shift_y_down=&#8220;0&#8243; z_index=&#8220;0&#8243; medium_width=&#8220;7&#8243; mobile_width=&#8220;0&#8243; width=&#8220;2\/3&#8243; uncode_shortcode_id=&#8220;335085&#8243;][uncode_breadcrumbs separator=&#8220;triangle&#8220;][vc_row_inner row_inner_height_percent=&#8220;0&#8243; overlay_alpha=&#8220;50&#8243; gutter_size=&#8220;3&#8243; shift_y=&#8220;0&#8243; z_index=&#8220;0&#8243; limit_content=&#8220;&#8220; uncode_shortcode_id=&#8220;129249&#8243; css=&#8220;.vc_custom_1715345194913{margin-bottom: 50px !important;}&#8220;][vc_column_inner width=&#8220;1\/1&#8243;][vc_column_text uncode_shortcode_id=&#8220;204486&#8243;]<\/p>\n<h2>Unsere Tautliner-Flotte<\/h2>\n<p>Die Tautliner-Anh\u00e4nger sind mit Planen- und Schiebeseiten ausgestattet.<\/p>\n<p>Diese Art des Transports hat zwei Vorteile:<\/p>\n<ol>\n<li>Die Seiten eines Tautliner Anh\u00e4ngers oder Sattelanh\u00e4ngers lassen sich vollst\u00e4ndig \u00f6ffnen, um das Beladen zu erleichtern. Dieses System ist n\u00fctzlich f\u00fcr das seitliche Beladen mit Gabelstaplern und erm\u00f6glicht den Transport einer breiten Palette von G\u00fctern (Standardpaletten, unregelm\u00e4\u00dfige G\u00fcter, \u00fcbergro\u00dfe G\u00fcter).<\/li>\n<li><span style=\"font-family: -apple-system, BlinkMacSystemFont, 'Segoe UI', Roboto, Oxygen-Sans, Ubuntu, Cantarell, 'Helvetica Neue', sans-serif;\">Die Seitenplanen und das flexible Dach bieten Schutz vor den Elementen wie Regen oder Staub, w\u00e4hrend die Flexibilit\u00e4t beim Beladen erhalten bleibt.<\/span><\/li>\n<\/ol>\n<p>Diese Vielseitigkeit ist ein praktischer Vorteil, der von unseren Kunden sehr gesch\u00e4tzt wird.[\/vc_column_text][\/vc_column_inner][\/vc_row_inner][vc_row_inner row_inner_height_percent=&#8220;0&#8243; overlay_alpha=&#8220;50&#8243; gutter_size=&#8220;3&#8243; shift_y=&#8220;0&#8243; z_index=&#8220;0&#8243; limit_content=&#8220;&#8220; uncode_shortcode_id=&#8220;905698&#8243; css=&#8220;.vc_custom_1715345200142{margin-bottom: 50px !important;}&#8220;][vc_column_inner column_width_percent=&#8220;100&#8243; gutter_size=&#8220;2&#8243; overlay_alpha=&#8220;50&#8243; shift_x=&#8220;0&#8243; shift_y=&#8220;0&#8243; shift_y_down=&#8220;0&#8243; z_index=&#8220;0&#8243; medium_width=&#8220;0&#8243; mobile_width=&#8220;0&#8243; width=&#8220;1\/1&#8243; uncode_shortcode_id=&#8220;787121&#8243;][vc_column_text uncode_shortcode_id=&#8220;127684&#8243;]<\/p>\n<h2>F\u00fcr den Transport von<\/h2>\n<p>[\/vc_column_text][vc_icon position=&#8220;left&#8220; space_reduced=&#8220;yes&#8220; title_aligned_icon=&#8220;yes&#8220; icon=&#8220;fa fa-check&#8220; icon_color=&#8220;accent&#8220; size=&#8220;fa-2x&#8220; uncode_shortcode_id=&#8220;144790&#8243; title=&#8220;General&#8220; icon_color_type=&#8220;uncode-palette&#8220;]Paletten &#8211; D\u00fcngemittel[\/vc_icon][vc_icon position=&#8220;left&#8220; space_reduced=&#8220;yes&#8220; title_aligned_icon=&#8220;yes&#8220; icon=&#8220;fa fa-check&#8220; icon_color=&#8220;accent&#8220; size=&#8220;fa-2x&#8220; uncode_shortcode_id=&#8220;202753&#8243; title=&#8220;ADR&#8220; icon_color_type=&#8220;uncode-palette&#8220;][\/vc_icon][\/vc_column_inner][\/vc_row_inner][vc_row_inner row_inner_height_percent=&#8220;0&#8243; back_color=&#8220;color-393642&#8243; overlay_alpha=&#8220;50&#8243; gutter_size=&#8220;3&#8243; shift_y=&#8220;0&#8243; z_index=&#8220;0&#8243; uncode_shortcode_id=&#8220;143586&#8243; back_color_type=&#8220;uncode-palette&#8220; limit_content=&#8220;&#8220; css=&#8220;.vc_custom_1715359788874{padding-top: 50px !important;padding-right: 25px !important;padding-bottom: 50px !important;padding-left: 25px !important;}&#8220;][vc_column_inner column_width_percent=&#8220;100&#8243; position_horizontal=&#8220;left&#8220; position_vertical=&#8220;middle&#8220; align_horizontal=&#8220;align_center&#8220; gutter_size=&#8220;0&#8243; overlay_alpha=&#8220;50&#8243; shift_x=&#8220;0&#8243; shift_y=&#8220;0&#8243; shift_y_down=&#8220;0&#8243; z_index=&#8220;0&#8243; align_medium=&#8220;align_left_tablet&#8220; medium_width=&#8220;0&#8243; align_mobile=&#8220;align_left_mobile&#8220; mobile_width=&#8220;0&#8243; width=&#8220;1\/2&#8243; uncode_shortcode_id=&#8220;228778&#8243;][vc_column_text uncode_shortcode_id=&#8220;154084&#8243;]<img decoding=\"async\" class=\"alignnone wp-image-303\" src=\"https:\/\/huretransports.com\/wp-content\/uploads\/2024\/05\/huifwagen-1.png\" alt=\"\" width=\"251\" height=\"99\" srcset=\"https:\/\/huretransports.com\/wp-content\/uploads\/2024\/05\/huifwagen-1.png 400w, https:\/\/huretransports.com\/wp-content\/uploads\/2024\/05\/huifwagen-1-300x118.png 300w, https:\/\/huretransports.com\/wp-content\/uploads\/2024\/05\/huifwagen-1-350x137.png 350w\" sizes=\"(max-width: 251px) 100vw, 251px\" \/>[\/vc_column_text][\/vc_column_inner][vc_column_inner column_width_percent=&#8220;100&#8243; gutter_size=&#8220;0&#8243; overlay_alpha=&#8220;50&#8243; shift_x=&#8220;0&#8243; shift_y=&#8220;0&#8243; shift_y_down=&#8220;0&#8243; z_index=&#8220;0&#8243; medium_width=&#8220;0&#8243; mobile_width=&#8220;0&#8243; width=&#8220;1\/2&#8243; uncode_shortcode_id=&#8220;517091&#8243;][vc_column_text uncode_shortcode_id=&#8220;906112&#8243;]<\/p>\n<h2>Technische Informationen<\/h2>\n<p>[\/vc_column_text][uncode_list icon=&#8220;fa fa-circle-check&#8220; icon_color=&#8220;accent&#8220; uncode_shortcode_id=&#8220;158862&#8243; icon_color_type=&#8220;uncode-palette&#8220;]<\/p>\n<ul>\n<li>Beladung: alle Arten von Paletten<\/li>\n<li><i class=\"fa fa-circle-check text-accent-color\"><\/i><i class=\"fa fa-circle-check text-accent-color\"><\/i>Kapazit\u00e4t: 33m\u00b3.<\/li>\n<li><i class=\"fa fa-circle-check text-accent-color\"><\/i><i class=\"fa fa-circle-check text-accent-color\"><\/i>Abmessungen: 2m50 x 2m50 x 13m60<\/li>\n<\/ul>\n<p>[\/uncode_list][\/vc_column_inner][\/vc_row_inner][\/vc_column][vc_column column_width_percent=&#8220;100&#8243; gutter_size=&#8220;3&#8243; overlay_alpha=&#8220;50&#8243; shift_x=&#8220;0&#8243; shift_y=&#8220;0&#8243; shift_y_down=&#8220;0&#8243; z_index=&#8220;0&#8243; medium_width=&#8220;7&#8243; mobile_width=&#8220;0&#8243; width=&#8220;1\/3&#8243; uncode_shortcode_id=&#8220;167658&#8243; el_class=&#8220;sidebar_shifted&#8220;][uncode_block id=&#8220;75&#8243; inside_column=&#8220;yes&#8220;][\/vc_column][\/vc_row]<\/p>\n<\/div>","protected":false},"excerpt":{"rendered":"<p>[vc_row row_height_percent=&#8220;0&#8243; override_padding=&#8220;yes&#8220; h_padding=&#8220;2&#8243; top_padding=&#8220;0&#8243; bottom_padding=&#8220;0&#8243; overlay_alpha=&#8220;50&#8243; gutter_size=&#8220;4&#8243; column_width_percent=&#8220;100&#8243; shift_y=&#8220;0&#8243; z_index=&#8220;0&#8243; uncode_shortcode_id=&#8220;122019&#8243; css=&#8220;.vc_custom_1715345476348{padding-top: 50px !important;padding-bottom: 100px !important;}&#8220;][vc_column column_width_percent=&#8220;100&#8243; gutter_size=&#8220;3&#8243; overlay_alpha=&#8220;50&#8243; [&hellip;]<\/p>\n","protected":false},"author":1,"featured_media":525,"parent":920,"menu_order":0,"comment_status":"closed","ping_status":"closed","template":"","meta":{"footnotes":""},"class_list":["post-1001","page","type-page","status-publish","has-post-thumbnail","hentry"],"yoast_head":"<!-- This site is optimized with the Yoast SEO plugin v27.0 - https:\/\/yoast.com\/product\/yoast-seo-wordpress\/ -->\n<title>Tautliners - Hure<\/title>\n<meta name=\"robots\" content=\"index, follow, max-snippet:-1, max-image-preview:large, max-video-preview:-1\" \/>\n<link rel=\"canonical\" href=\"https:\/\/huretransports.com\/de\/transport\/tautliners\/\" \/>\n<meta property=\"og:locale\" content=\"de_DE\" \/>\n<meta property=\"og:type\" content=\"article\" \/>\n<meta property=\"og:title\" content=\"Tautliners - Hure\" \/>\n<meta property=\"og:description\" content=\"[vc_row row_height_percent=&#8220;0&#8243; override_padding=&#8220;yes&#8220; h_padding=&#8220;2&#8243; top_padding=&#8220;0&#8243; bottom_padding=&#8220;0&#8243; overlay_alpha=&#8220;50&#8243; gutter_size=&#8220;4&#8243; column_width_percent=&#8220;100&#8243; shift_y=&#8220;0&#8243; z_index=&#8220;0&#8243; uncode_shortcode_id=&#8220;122019&#8243; css=&#8220;.vc_custom_1715345476348{padding-top: 50px !important;padding-bottom: 100px !important;}&#8220;][vc_column column_width_percent=&#8220;100&#8243; gutter_size=&#8220;3&#8243; overlay_alpha=&#8220;50&#8243; [&hellip;]\" \/>\n<meta property=\"og:url\" content=\"https:\/\/huretransports.com\/de\/transport\/tautliners\/\" \/>\n<meta property=\"og:site_name\" content=\"Hure\" \/>\n<meta property=\"article:modified_time\" content=\"2024-11-26T20:18:30+00:00\" \/>\n<meta property=\"og:image\" content=\"https:\/\/huretransports.com\/wp-content\/uploads\/2024\/11\/tautliner.jpg\" \/>\n\t<meta property=\"og:image:width\" content=\"1900\" \/>\n\t<meta property=\"og:image:height\" content=\"532\" \/>\n\t<meta property=\"og:image:type\" content=\"image\/jpeg\" \/>\n<meta name=\"twitter:card\" content=\"summary_large_image\" \/>\n<meta name=\"twitter:label1\" content=\"Gesch\u00e4tzte Lesezeit\" \/>\n\t<meta name=\"twitter:data1\" content=\"3\u00a0Minuten\" \/>\n<script type=\"application\/ld+json\" class=\"yoast-schema-graph\">{\"@context\":\"https:\/\/schema.org\",\"@graph\":[{\"@type\":\"WebPage\",\"@id\":\"https:\/\/huretransports.com\/de\/transport\/tautliners\/\",\"url\":\"https:\/\/huretransports.com\/de\/transport\/tautliners\/\",\"name\":\"Tautliners - Hure\",\"isPartOf\":{\"@id\":\"https:\/\/huretransports.com\/de\/#website\"},\"primaryImageOfPage\":{\"@id\":\"https:\/\/huretransports.com\/de\/transport\/tautliners\/#primaryimage\"},\"image\":{\"@id\":\"https:\/\/huretransports.com\/de\/transport\/tautliners\/#primaryimage\"},\"thumbnailUrl\":\"https:\/\/huretransports.com\/wp-content\/uploads\/2024\/11\/tautliner.jpg\",\"datePublished\":\"2024-05-09T11:54:39+00:00\",\"dateModified\":\"2024-11-26T20:18:30+00:00\",\"breadcrumb\":{\"@id\":\"https:\/\/huretransports.com\/de\/transport\/tautliners\/#breadcrumb\"},\"inLanguage\":\"de\",\"potentialAction\":[{\"@type\":\"ReadAction\",\"target\":[\"https:\/\/huretransports.com\/de\/transport\/tautliners\/\"]}]},{\"@type\":\"ImageObject\",\"inLanguage\":\"de\",\"@id\":\"https:\/\/huretransports.com\/de\/transport\/tautliners\/#primaryimage\",\"url\":\"https:\/\/huretransports.com\/wp-content\/uploads\/2024\/11\/tautliner.jpg\",\"contentUrl\":\"https:\/\/huretransports.com\/wp-content\/uploads\/2024\/11\/tautliner.jpg\",\"width\":1900,\"height\":532},{\"@type\":\"BreadcrumbList\",\"@id\":\"https:\/\/huretransports.com\/de\/transport\/tautliners\/#breadcrumb\",\"itemListElement\":[{\"@type\":\"ListItem\",\"position\":1,\"name\":\"Home\",\"item\":\"https:\/\/huretransports.com\/de\/\"},{\"@type\":\"ListItem\",\"position\":2,\"name\":\"Transport\",\"item\":\"https:\/\/huretransports.com\/de\/transport\/\"},{\"@type\":\"ListItem\",\"position\":3,\"name\":\"Tautliners\"}]},{\"@type\":\"WebSite\",\"@id\":\"https:\/\/huretransports.com\/de\/#website\",\"url\":\"https:\/\/huretransports.com\/de\/\",\"name\":\"Hure\",\"description\":\"\",\"potentialAction\":[{\"@type\":\"SearchAction\",\"target\":{\"@type\":\"EntryPoint\",\"urlTemplate\":\"https:\/\/huretransports.com\/de\/?s={search_term_string}\"},\"query-input\":{\"@type\":\"PropertyValueSpecification\",\"valueRequired\":true,\"valueName\":\"search_term_string\"}}],\"inLanguage\":\"de\"}]}<\/script>\n<!-- \/ Yoast SEO plugin. -->","yoast_head_json":{"title":"Tautliners - Hure","robots":{"index":"index","follow":"follow","max-snippet":"max-snippet:-1","max-image-preview":"max-image-preview:large","max-video-preview":"max-video-preview:-1"},"canonical":"https:\/\/huretransports.com\/de\/transport\/tautliners\/","og_locale":"de_DE","og_type":"article","og_title":"Tautliners - Hure","og_description":"[vc_row row_height_percent=&#8220;0&#8243; override_padding=&#8220;yes&#8220; h_padding=&#8220;2&#8243; top_padding=&#8220;0&#8243; bottom_padding=&#8220;0&#8243; overlay_alpha=&#8220;50&#8243; gutter_size=&#8220;4&#8243; column_width_percent=&#8220;100&#8243; shift_y=&#8220;0&#8243; z_index=&#8220;0&#8243; uncode_shortcode_id=&#8220;122019&#8243; css=&#8220;.vc_custom_1715345476348{padding-top: 50px !important;padding-bottom: 100px !important;}&#8220;][vc_column column_width_percent=&#8220;100&#8243; gutter_size=&#8220;3&#8243; overlay_alpha=&#8220;50&#8243; [&hellip;]","og_url":"https:\/\/huretransports.com\/de\/transport\/tautliners\/","og_site_name":"Hure","article_modified_time":"2024-11-26T20:18:30+00:00","og_image":[{"width":1900,"height":532,"url":"https:\/\/huretransports.com\/wp-content\/uploads\/2024\/11\/tautliner.jpg","type":"image\/jpeg"}],"twitter_card":"summary_large_image","twitter_misc":{"Gesch\u00e4tzte Lesezeit":"3\u00a0Minuten"},"schema":{"@context":"https:\/\/schema.org","@graph":[{"@type":"WebPage","@id":"https:\/\/huretransports.com\/de\/transport\/tautliners\/","url":"https:\/\/huretransports.com\/de\/transport\/tautliners\/","name":"Tautliners - Hure","isPartOf":{"@id":"https:\/\/huretransports.com\/de\/#website"},"primaryImageOfPage":{"@id":"https:\/\/huretransports.com\/de\/transport\/tautliners\/#primaryimage"},"image":{"@id":"https:\/\/huretransports.com\/de\/transport\/tautliners\/#primaryimage"},"thumbnailUrl":"https:\/\/huretransports.com\/wp-content\/uploads\/2024\/11\/tautliner.jpg","datePublished":"2024-05-09T11:54:39+00:00","dateModified":"2024-11-26T20:18:30+00:00","breadcrumb":{"@id":"https:\/\/huretransports.com\/de\/transport\/tautliners\/#breadcrumb"},"inLanguage":"de","potentialAction":[{"@type":"ReadAction","target":["https:\/\/huretransports.com\/de\/transport\/tautliners\/"]}]},{"@type":"ImageObject","inLanguage":"de","@id":"https:\/\/huretransports.com\/de\/transport\/tautliners\/#primaryimage","url":"https:\/\/huretransports.com\/wp-content\/uploads\/2024\/11\/tautliner.jpg","contentUrl":"https:\/\/huretransports.com\/wp-content\/uploads\/2024\/11\/tautliner.jpg","width":1900,"height":532},{"@type":"BreadcrumbList","@id":"https:\/\/huretransports.com\/de\/transport\/tautliners\/#breadcrumb","itemListElement":[{"@type":"ListItem","position":1,"name":"Home","item":"https:\/\/huretransports.com\/de\/"},{"@type":"ListItem","position":2,"name":"Transport","item":"https:\/\/huretransports.com\/de\/transport\/"},{"@type":"ListItem","position":3,"name":"Tautliners"}]},{"@type":"WebSite","@id":"https:\/\/huretransports.com\/de\/#website","url":"https:\/\/huretransports.com\/de\/","name":"Hure","description":"","potentialAction":[{"@type":"SearchAction","target":{"@type":"EntryPoint","urlTemplate":"https:\/\/huretransports.com\/de\/?s={search_term_string}"},"query-input":{"@type":"PropertyValueSpecification","valueRequired":true,"valueName":"search_term_string"}}],"inLanguage":"de"}]}},"_links":{"self":[{"href":"https:\/\/huretransports.com\/de\/wp-json\/wp\/v2\/pages\/1001","targetHints":{"allow":["GET"]}}],"collection":[{"href":"https:\/\/huretransports.com\/de\/wp-json\/wp\/v2\/pages"}],"about":[{"href":"https:\/\/huretransports.com\/de\/wp-json\/wp\/v2\/types\/page"}],"author":[{"embeddable":true,"href":"https:\/\/huretransports.com\/de\/wp-json\/wp\/v2\/users\/1"}],"replies":[{"embeddable":true,"href":"https:\/\/huretransports.com\/de\/wp-json\/wp\/v2\/comments?post=1001"}],"version-history":[{"count":2,"href":"https:\/\/huretransports.com\/de\/wp-json\/wp\/v2\/pages\/1001\/revisions"}],"predecessor-version":[{"id":1004,"href":"https:\/\/huretransports.com\/de\/wp-json\/wp\/v2\/pages\/1001\/revisions\/1004"}],"up":[{"embeddable":true,"href":"https:\/\/huretransports.com\/de\/wp-json\/wp\/v2\/pages\/920"}],"wp:featuredmedia":[{"embeddable":true,"href":"https:\/\/huretransports.com\/de\/wp-json\/wp\/v2\/media\/525"}],"wp:attachment":[{"href":"https:\/\/huretransports.com\/de\/wp-json\/wp\/v2\/media?parent=1001"}],"curies":[{"name":"wp","href":"https:\/\/api.w.org\/{rel}","templated":true}]}}