{"id":1215,"date":"2024-10-30T12:47:50","date_gmt":"2024-10-30T12:47:50","guid":{"rendered":"https:\/\/huretransports.com\/transport\/hydrocureur\/"},"modified":"2024-12-03T15:45:29","modified_gmt":"2024-12-03T15:45:29","slug":"vakuumwagen","status":"publish","type":"page","link":"https:\/\/huretransports.com\/de\/transport\/vakuumwagen\/","title":{"rendered":"Vakuumwagen"},"content":{"rendered":"<div class=\"wpb-content-wrapper\"><p>[vc_row row_height_percent=&#8220;0&#8243; override_padding=&#8220;yes&#8220; h_padding=&#8220;2&#8243; top_padding=&#8220;0&#8243; bottom_padding=&#8220;0&#8243; overlay_alpha=&#8220;50&#8243; gutter_size=&#8220;4&#8243; column_width_percent=&#8220;100&#8243; shift_y=&#8220;0&#8243; z_index=&#8220;0&#8243; uncode_shortcode_id=&#8220;122019&#8243; css=&#8220;.vc_custom_1715345476348{padding-top: 50px !important;padding-bottom: 100px !important;}&#8220;][vc_column column_width_percent=&#8220;100&#8243; gutter_size=&#8220;3&#8243; overlay_alpha=&#8220;50&#8243; shift_x=&#8220;0&#8243; shift_y=&#8220;0&#8243; shift_y_down=&#8220;0&#8243; z_index=&#8220;0&#8243; medium_width=&#8220;7&#8243; mobile_width=&#8220;0&#8243; width=&#8220;2\/3&#8243; uncode_shortcode_id=&#8220;335085&#8243;][uncode_breadcrumbs separator=&#8220;triangle&#8220;][vc_row_inner row_inner_height_percent=&#8220;0&#8243; overlay_alpha=&#8220;50&#8243; gutter_size=&#8220;3&#8243; shift_y=&#8220;0&#8243; z_index=&#8220;0&#8243; limit_content=&#8220;&#8220; uncode_shortcode_id=&#8220;129249&#8243; css=&#8220;.vc_custom_1715345194913{margin-bottom: 50px !important;}&#8220;][vc_column_inner width=&#8220;1\/1&#8243;][vc_column_text uncode_shortcode_id=&#8220;191120&#8243;]<\/p>\n<h2>Unsere Flotte von Wasserfahrzeugen<\/h2>\n<p>Der Hydrocureur-Anh\u00e4nger ist ein Sattelauflieger, der speziell f\u00fcr das Pumpen, Sp\u00fclen und Reinigen von Teichen und Tanks entwickelt wurde.<br \/>\nSein Hauptvorteil ist seine gro\u00dfe Kapazit\u00e4t von 20 m3. Dar\u00fcber hinaus ist er kippbar und hat einen Boden, der sich auf der R\u00fcckseite \u00f6ffnen l\u00e4sst, um die Reinigung zu erleichtern.<\/p>\n<p>Er ist mit einem Wassertank, einer Hochdruckpumpe, einem Ansaugsystem und einem Gartenschlauch ausgestattet.<\/p>\n<p>Der Wassertank speichert das Wasser, das f\u00fcr die Hochdruckpumpe ben\u00f6tigt wird, die das Wasser zur Reinigung der Rohre, zur Beseitigung von Ablagerungen und Verstopfungen ausst\u00f6\u00dft. Das leistungsstarke Saugsystem sammelt den Abfall und die Reststoffe, die in dem 20 m3 gro\u00dfen Tank bis zur Entladestelle gelagert werden.<\/p>\n<p>Dieser Hydrocureur ist besonders geeignet f\u00fcr das Pumpen von Produkten mit hoher Dichte in den verschiedenen Bereichen der Lebensmittelindustrie, Methanisierung, Industrie, etc.[\/vc_column_text][\/vc_column_inner][\/vc_row_inner][vc_row_inner row_inner_height_percent=&#8220;0&#8243; back_color=&#8220;color-393642&#8243; overlay_alpha=&#8220;50&#8243; gutter_size=&#8220;3&#8243; shift_y=&#8220;0&#8243; z_index=&#8220;0&#8243; uncode_shortcode_id=&#8220;143586&#8243; back_color_type=&#8220;uncode-palette&#8220; limit_content=&#8220;&#8220; css=&#8220;.vc_custom_1715359788874{padding-top: 50px !important;padding-right: 25px !important;padding-bottom: 50px !important;padding-left: 25px !important;}&#8220;][vc_column_inner column_width_percent=&#8220;100&#8243; position_horizontal=&#8220;left&#8220; position_vertical=&#8220;middle&#8220; align_horizontal=&#8220;align_center&#8220; gutter_size=&#8220;0&#8243; overlay_alpha=&#8220;50&#8243; shift_x=&#8220;0&#8243; shift_y=&#8220;0&#8243; shift_y_down=&#8220;0&#8243; z_index=&#8220;0&#8243; align_medium=&#8220;align_left_tablet&#8220; medium_width=&#8220;0&#8243; align_mobile=&#8220;align_left_mobile&#8220; mobile_width=&#8220;0&#8243; width=&#8220;1\/2&#8243; uncode_shortcode_id=&#8220;228778&#8243;][vc_column_text uncode_shortcode_id=&#8220;463484&#8243;]<img decoding=\"async\" class=\"alignnone wp-image-305\" src=\"https:\/\/huretransports.com\/wp-content\/uploads\/2024\/12\/vacuumtank.png\" alt=\"\" width=\"250\" height=\"98\" \/>[\/vc_column_text][\/vc_column_inner][vc_column_inner column_width_percent=&#8220;100&#8243; gutter_size=&#8220;0&#8243; overlay_alpha=&#8220;50&#8243; shift_x=&#8220;0&#8243; shift_y=&#8220;0&#8243; shift_y_down=&#8220;0&#8243; z_index=&#8220;0&#8243; medium_width=&#8220;0&#8243; mobile_width=&#8220;0&#8243; width=&#8220;1\/2&#8243; uncode_shortcode_id=&#8220;517091&#8243;][vc_column_text uncode_shortcode_id=&#8220;509847&#8243;]<\/p>\n<h2>Technische Informationen<\/h2>\n<p>[\/vc_column_text][uncode_list icon=&#8220;fa fa-circle-check&#8220; icon_color=&#8220;accent&#8220; uncode_shortcode_id=&#8220;162661&#8243; icon_color_type=&#8220;uncode-palette&#8220;]<\/p>\n<ul>\n<li>Volumen: ca. 20 m3<\/li>\n<li>Nutzlast: 21 Tonnen<\/li>\n<\/ul>\n<p>[\/uncode_list][\/vc_column_inner][\/vc_row_inner][\/vc_column][vc_column column_width_percent=&#8220;100&#8243; gutter_size=&#8220;3&#8243; overlay_alpha=&#8220;50&#8243; shift_x=&#8220;0&#8243; shift_y=&#8220;0&#8243; shift_y_down=&#8220;0&#8243; z_index=&#8220;0&#8243; medium_width=&#8220;7&#8243; mobile_width=&#8220;0&#8243; width=&#8220;1\/3&#8243; uncode_shortcode_id=&#8220;167658&#8243; el_class=&#8220;sidebar_shifted&#8220;][uncode_block id=&#8220;75&#8243; inside_column=&#8220;yes&#8220;][\/vc_column][\/vc_row]<\/p>\n<\/div>","protected":false},"excerpt":{"rendered":"<p>[vc_row row_height_percent=&#8220;0&#8243; override_padding=&#8220;yes&#8220; h_padding=&#8220;2&#8243; top_padding=&#8220;0&#8243; bottom_padding=&#8220;0&#8243; overlay_alpha=&#8220;50&#8243; gutter_size=&#8220;4&#8243; column_width_percent=&#8220;100&#8243; shift_y=&#8220;0&#8243; z_index=&#8220;0&#8243; uncode_shortcode_id=&#8220;122019&#8243; css=&#8220;.vc_custom_1715345476348{padding-top: 50px !important;padding-bottom: 100px !important;}&#8220;][vc_column column_width_percent=&#8220;100&#8243; gutter_size=&#8220;3&#8243; overlay_alpha=&#8220;50&#8243; [&hellip;]<\/p>\n","protected":false},"author":1,"featured_media":428,"parent":920,"menu_order":0,"comment_status":"closed","ping_status":"closed","template":"","meta":{"footnotes":""},"class_list":["post-1215","page","type-page","status-publish","has-post-thumbnail","hentry"],"yoast_head":"<!-- This site is optimized with the Yoast SEO plugin v27.0 - https:\/\/yoast.com\/product\/yoast-seo-wordpress\/ -->\n<title>Vakuumwagen - Hure<\/title>\n<meta name=\"robots\" content=\"index, follow, max-snippet:-1, max-image-preview:large, max-video-preview:-1\" \/>\n<link rel=\"canonical\" href=\"https:\/\/huretransports.com\/de\/transport\/vakuumwagen\/\" \/>\n<meta property=\"og:locale\" content=\"de_DE\" \/>\n<meta property=\"og:type\" content=\"article\" \/>\n<meta property=\"og:title\" content=\"Vakuumwagen - Hure\" \/>\n<meta property=\"og:description\" content=\"[vc_row row_height_percent=&#8220;0&#8243; override_padding=&#8220;yes&#8220; h_padding=&#8220;2&#8243; top_padding=&#8220;0&#8243; bottom_padding=&#8220;0&#8243; overlay_alpha=&#8220;50&#8243; gutter_size=&#8220;4&#8243; column_width_percent=&#8220;100&#8243; shift_y=&#8220;0&#8243; z_index=&#8220;0&#8243; uncode_shortcode_id=&#8220;122019&#8243; css=&#8220;.vc_custom_1715345476348{padding-top: 50px !important;padding-bottom: 100px !important;}&#8220;][vc_column column_width_percent=&#8220;100&#8243; gutter_size=&#8220;3&#8243; overlay_alpha=&#8220;50&#8243; [&hellip;]\" \/>\n<meta property=\"og:url\" content=\"https:\/\/huretransports.com\/de\/transport\/vakuumwagen\/\" \/>\n<meta property=\"og:site_name\" content=\"Hure\" \/>\n<meta property=\"article:modified_time\" content=\"2024-12-03T15:45:29+00:00\" \/>\n<meta property=\"og:image\" content=\"https:\/\/huretransports.com\/wp-content\/uploads\/2024\/10\/HYDROCUREUR.jpg\" \/>\n\t<meta property=\"og:image:width\" content=\"640\" \/>\n\t<meta property=\"og:image:height\" content=\"480\" \/>\n\t<meta property=\"og:image:type\" content=\"image\/jpeg\" \/>\n<meta name=\"twitter:card\" content=\"summary_large_image\" \/>\n<meta name=\"twitter:label1\" content=\"Gesch\u00e4tzte Lesezeit\" \/>\n\t<meta name=\"twitter:data1\" content=\"2\u00a0Minuten\" \/>\n<script type=\"application\/ld+json\" class=\"yoast-schema-graph\">{\"@context\":\"https:\/\/schema.org\",\"@graph\":[{\"@type\":\"WebPage\",\"@id\":\"https:\/\/huretransports.com\/de\/transport\/vakuumwagen\/\",\"url\":\"https:\/\/huretransports.com\/de\/transport\/vakuumwagen\/\",\"name\":\"Vakuumwagen - Hure\",\"isPartOf\":{\"@id\":\"https:\/\/huretransports.com\/de\/#website\"},\"primaryImageOfPage\":{\"@id\":\"https:\/\/huretransports.com\/de\/transport\/vakuumwagen\/#primaryimage\"},\"image\":{\"@id\":\"https:\/\/huretransports.com\/de\/transport\/vakuumwagen\/#primaryimage\"},\"thumbnailUrl\":\"https:\/\/huretransports.com\/wp-content\/uploads\/2024\/10\/HYDROCUREUR.jpg\",\"datePublished\":\"2024-10-30T12:47:50+00:00\",\"dateModified\":\"2024-12-03T15:45:29+00:00\",\"breadcrumb\":{\"@id\":\"https:\/\/huretransports.com\/de\/transport\/vakuumwagen\/#breadcrumb\"},\"inLanguage\":\"de\",\"potentialAction\":[{\"@type\":\"ReadAction\",\"target\":[\"https:\/\/huretransports.com\/de\/transport\/vakuumwagen\/\"]}]},{\"@type\":\"ImageObject\",\"inLanguage\":\"de\",\"@id\":\"https:\/\/huretransports.com\/de\/transport\/vakuumwagen\/#primaryimage\",\"url\":\"https:\/\/huretransports.com\/wp-content\/uploads\/2024\/10\/HYDROCUREUR.jpg\",\"contentUrl\":\"https:\/\/huretransports.com\/wp-content\/uploads\/2024\/10\/HYDROCUREUR.jpg\",\"width\":640,\"height\":480},{\"@type\":\"BreadcrumbList\",\"@id\":\"https:\/\/huretransports.com\/de\/transport\/vakuumwagen\/#breadcrumb\",\"itemListElement\":[{\"@type\":\"ListItem\",\"position\":1,\"name\":\"Home\",\"item\":\"https:\/\/huretransports.com\/de\/\"},{\"@type\":\"ListItem\",\"position\":2,\"name\":\"Transport\",\"item\":\"https:\/\/huretransports.com\/de\/transport\/\"},{\"@type\":\"ListItem\",\"position\":3,\"name\":\"Vakuumwagen\"}]},{\"@type\":\"WebSite\",\"@id\":\"https:\/\/huretransports.com\/de\/#website\",\"url\":\"https:\/\/huretransports.com\/de\/\",\"name\":\"Hure\",\"description\":\"\",\"potentialAction\":[{\"@type\":\"SearchAction\",\"target\":{\"@type\":\"EntryPoint\",\"urlTemplate\":\"https:\/\/huretransports.com\/de\/?s={search_term_string}\"},\"query-input\":{\"@type\":\"PropertyValueSpecification\",\"valueRequired\":true,\"valueName\":\"search_term_string\"}}],\"inLanguage\":\"de\"}]}<\/script>\n<!-- \/ Yoast SEO plugin. -->","yoast_head_json":{"title":"Vakuumwagen - Hure","robots":{"index":"index","follow":"follow","max-snippet":"max-snippet:-1","max-image-preview":"max-image-preview:large","max-video-preview":"max-video-preview:-1"},"canonical":"https:\/\/huretransports.com\/de\/transport\/vakuumwagen\/","og_locale":"de_DE","og_type":"article","og_title":"Vakuumwagen - Hure","og_description":"[vc_row row_height_percent=&#8220;0&#8243; override_padding=&#8220;yes&#8220; h_padding=&#8220;2&#8243; top_padding=&#8220;0&#8243; bottom_padding=&#8220;0&#8243; overlay_alpha=&#8220;50&#8243; gutter_size=&#8220;4&#8243; column_width_percent=&#8220;100&#8243; shift_y=&#8220;0&#8243; z_index=&#8220;0&#8243; uncode_shortcode_id=&#8220;122019&#8243; css=&#8220;.vc_custom_1715345476348{padding-top: 50px !important;padding-bottom: 100px !important;}&#8220;][vc_column column_width_percent=&#8220;100&#8243; gutter_size=&#8220;3&#8243; overlay_alpha=&#8220;50&#8243; [&hellip;]","og_url":"https:\/\/huretransports.com\/de\/transport\/vakuumwagen\/","og_site_name":"Hure","article_modified_time":"2024-12-03T15:45:29+00:00","og_image":[{"width":640,"height":480,"url":"https:\/\/huretransports.com\/wp-content\/uploads\/2024\/10\/HYDROCUREUR.jpg","type":"image\/jpeg"}],"twitter_card":"summary_large_image","twitter_misc":{"Gesch\u00e4tzte Lesezeit":"2\u00a0Minuten"},"schema":{"@context":"https:\/\/schema.org","@graph":[{"@type":"WebPage","@id":"https:\/\/huretransports.com\/de\/transport\/vakuumwagen\/","url":"https:\/\/huretransports.com\/de\/transport\/vakuumwagen\/","name":"Vakuumwagen - Hure","isPartOf":{"@id":"https:\/\/huretransports.com\/de\/#website"},"primaryImageOfPage":{"@id":"https:\/\/huretransports.com\/de\/transport\/vakuumwagen\/#primaryimage"},"image":{"@id":"https:\/\/huretransports.com\/de\/transport\/vakuumwagen\/#primaryimage"},"thumbnailUrl":"https:\/\/huretransports.com\/wp-content\/uploads\/2024\/10\/HYDROCUREUR.jpg","datePublished":"2024-10-30T12:47:50+00:00","dateModified":"2024-12-03T15:45:29+00:00","breadcrumb":{"@id":"https:\/\/huretransports.com\/de\/transport\/vakuumwagen\/#breadcrumb"},"inLanguage":"de","potentialAction":[{"@type":"ReadAction","target":["https:\/\/huretransports.com\/de\/transport\/vakuumwagen\/"]}]},{"@type":"ImageObject","inLanguage":"de","@id":"https:\/\/huretransports.com\/de\/transport\/vakuumwagen\/#primaryimage","url":"https:\/\/huretransports.com\/wp-content\/uploads\/2024\/10\/HYDROCUREUR.jpg","contentUrl":"https:\/\/huretransports.com\/wp-content\/uploads\/2024\/10\/HYDROCUREUR.jpg","width":640,"height":480},{"@type":"BreadcrumbList","@id":"https:\/\/huretransports.com\/de\/transport\/vakuumwagen\/#breadcrumb","itemListElement":[{"@type":"ListItem","position":1,"name":"Home","item":"https:\/\/huretransports.com\/de\/"},{"@type":"ListItem","position":2,"name":"Transport","item":"https:\/\/huretransports.com\/de\/transport\/"},{"@type":"ListItem","position":3,"name":"Vakuumwagen"}]},{"@type":"WebSite","@id":"https:\/\/huretransports.com\/de\/#website","url":"https:\/\/huretransports.com\/de\/","name":"Hure","description":"","potentialAction":[{"@type":"SearchAction","target":{"@type":"EntryPoint","urlTemplate":"https:\/\/huretransports.com\/de\/?s={search_term_string}"},"query-input":{"@type":"PropertyValueSpecification","valueRequired":true,"valueName":"search_term_string"}}],"inLanguage":"de"}]}},"_links":{"self":[{"href":"https:\/\/huretransports.com\/de\/wp-json\/wp\/v2\/pages\/1215","targetHints":{"allow":["GET"]}}],"collection":[{"href":"https:\/\/huretransports.com\/de\/wp-json\/wp\/v2\/pages"}],"about":[{"href":"https:\/\/huretransports.com\/de\/wp-json\/wp\/v2\/types\/page"}],"author":[{"embeddable":true,"href":"https:\/\/huretransports.com\/de\/wp-json\/wp\/v2\/users\/1"}],"replies":[{"embeddable":true,"href":"https:\/\/huretransports.com\/de\/wp-json\/wp\/v2\/comments?post=1215"}],"version-history":[{"count":10,"href":"https:\/\/huretransports.com\/de\/wp-json\/wp\/v2\/pages\/1215\/revisions"}],"predecessor-version":[{"id":1336,"href":"https:\/\/huretransports.com\/de\/wp-json\/wp\/v2\/pages\/1215\/revisions\/1336"}],"up":[{"embeddable":true,"href":"https:\/\/huretransports.com\/de\/wp-json\/wp\/v2\/pages\/920"}],"wp:featuredmedia":[{"embeddable":true,"href":"https:\/\/huretransports.com\/de\/wp-json\/wp\/v2\/media\/428"}],"wp:attachment":[{"href":"https:\/\/huretransports.com\/de\/wp-json\/wp\/v2\/media?parent=1215"}],"curies":[{"name":"wp","href":"https:\/\/api.w.org\/{rel}","templated":true}]}}