{"id":928,"date":"2024-05-09T11:40:40","date_gmt":"2024-05-09T11:40:40","guid":{"rendered":"https:\/\/huretransports.com\/ueber\/"},"modified":"2024-11-26T20:12:34","modified_gmt":"2024-11-26T20:12:34","slug":"ueber","status":"publish","type":"page","link":"https:\/\/huretransports.com\/de\/ueber\/","title":{"rendered":"\u00fcber"},"content":{"rendered":"<div class=\"wpb-content-wrapper\"><p>[vc_row row_height_percent=&#8220;0&#8243; override_padding=&#8220;yes&#8220; h_padding=&#8220;2&#8243; top_padding=&#8220;0&#8243; bottom_padding=&#8220;0&#8243; overlay_alpha=&#8220;50&#8243; gutter_size=&#8220;4&#8243; column_width_percent=&#8220;100&#8243; shift_y=&#8220;0&#8243; z_index=&#8220;0&#8243; uncode_shortcode_id=&#8220;161882&#8243; css=&#8220;.vc_custom_1715371396023{padding-top: 50px !important;padding-bottom: 100px !important;}&#8220; row_height_pixel=&#8220;600&#8243;][vc_column column_width_percent=&#8220;100&#8243; gutter_size=&#8220;3&#8243; overlay_alpha=&#8220;50&#8243; shift_x=&#8220;0&#8243; shift_y=&#8220;0&#8243; shift_y_down=&#8220;0&#8243; z_index=&#8220;0&#8243; medium_width=&#8220;7&#8243; mobile_width=&#8220;0&#8243; width=&#8220;2\/3&#8243; uncode_shortcode_id=&#8220;335085&#8243;][uncode_breadcrumbs separator=&#8220;triangle&#8220;][vc_column_text uncode_shortcode_id=&#8220;198219&#8243;]Hur\u00e9 Transports bietet verschiedene logistische Dienstleistungen auf dem Niveau und innerhalb der Fristen an, die vom Verlader und vom Kunden gefordert werden. Unser Ziel ist es, die bestm\u00f6gliche Qualit\u00e4t zu liefern, nicht nur bei den direkten Dienstleistungen, sondern auch bei den unterst\u00fctzenden Aktivit\u00e4ten und der Nachsorge. Die Produzenten und Kunden stellen immer h\u00f6here Anforderungen an die Produkte; wir stellen hohe Anforderungen an die Dienstleistungen.[\/vc_column_text][\/vc_column][vc_column column_width_percent=&#8220;100&#8243; gutter_size=&#8220;3&#8243; overlay_alpha=&#8220;50&#8243; shift_x=&#8220;0&#8243; shift_y=&#8220;0&#8243; shift_y_down=&#8220;0&#8243; z_index=&#8220;0&#8243; medium_width=&#8220;7&#8243; mobile_width=&#8220;0&#8243; width=&#8220;1\/3&#8243; uncode_shortcode_id=&#8220;167658&#8243; el_class=&#8220;sidebar_shifted&#8220;][uncode_block id=&#8220;75&#8243; inside_column=&#8220;yes&#8220;][\/vc_column][\/vc_row]<\/p>\n<\/div>","protected":false},"excerpt":{"rendered":"<p>[vc_row row_height_percent=&#8220;0&#8243; override_padding=&#8220;yes&#8220; h_padding=&#8220;2&#8243; top_padding=&#8220;0&#8243; bottom_padding=&#8220;0&#8243; overlay_alpha=&#8220;50&#8243; gutter_size=&#8220;4&#8243; column_width_percent=&#8220;100&#8243; shift_y=&#8220;0&#8243; z_index=&#8220;0&#8243; uncode_shortcode_id=&#8220;161882&#8243; css=&#8220;.vc_custom_1715371396023{padding-top: 50px !important;padding-bottom: 100px !important;}&#8220; row_height_pixel=&#8220;600&#8243;][vc_column column_width_percent=&#8220;100&#8243; gutter_size=&#8220;3&#8243; [&hellip;]<\/p>\n","protected":false},"author":1,"featured_media":657,"parent":0,"menu_order":0,"comment_status":"closed","ping_status":"closed","template":"","meta":{"footnotes":""},"class_list":["post-928","page","type-page","status-publish","has-post-thumbnail","hentry"],"yoast_head":"<!-- This site is optimized with the Yoast SEO plugin v27.0 - https:\/\/yoast.com\/product\/yoast-seo-wordpress\/ -->\n<title>\u00fcber - Hure<\/title>\n<meta name=\"robots\" content=\"index, follow, max-snippet:-1, max-image-preview:large, max-video-preview:-1\" \/>\n<link rel=\"canonical\" href=\"https:\/\/huretransports.com\/de\/ueber\/\" \/>\n<meta property=\"og:locale\" content=\"de_DE\" \/>\n<meta property=\"og:type\" content=\"article\" \/>\n<meta property=\"og:title\" content=\"\u00fcber - Hure\" \/>\n<meta property=\"og:description\" content=\"[vc_row row_height_percent=&#8220;0&#8243; override_padding=&#8220;yes&#8220; h_padding=&#8220;2&#8243; top_padding=&#8220;0&#8243; bottom_padding=&#8220;0&#8243; overlay_alpha=&#8220;50&#8243; gutter_size=&#8220;4&#8243; column_width_percent=&#8220;100&#8243; shift_y=&#8220;0&#8243; z_index=&#8220;0&#8243; uncode_shortcode_id=&#8220;161882&#8243; css=&#8220;.vc_custom_1715371396023{padding-top: 50px !important;padding-bottom: 100px !important;}&#8220; row_height_pixel=&#8220;600&#8243;][vc_column column_width_percent=&#8220;100&#8243; gutter_size=&#8220;3&#8243; [&hellip;]\" \/>\n<meta property=\"og:url\" content=\"https:\/\/huretransports.com\/de\/ueber\/\" \/>\n<meta property=\"og:site_name\" content=\"Hure\" \/>\n<meta property=\"article:modified_time\" content=\"2024-11-26T20:12:34+00:00\" \/>\n<meta property=\"og:image\" content=\"https:\/\/huretransports.com\/wp-content\/uploads\/2024\/05\/overons-1.jpg\" \/>\n\t<meta property=\"og:image:width\" content=\"700\" \/>\n\t<meta property=\"og:image:height\" content=\"453\" \/>\n\t<meta property=\"og:image:type\" content=\"image\/jpeg\" \/>\n<meta name=\"twitter:card\" content=\"summary_large_image\" \/>\n<meta name=\"twitter:label1\" content=\"Gesch\u00e4tzte Lesezeit\" \/>\n\t<meta name=\"twitter:data1\" content=\"1\u00a0Minute\" \/>\n<script type=\"application\/ld+json\" class=\"yoast-schema-graph\">{\"@context\":\"https:\/\/schema.org\",\"@graph\":[{\"@type\":\"WebPage\",\"@id\":\"https:\/\/huretransports.com\/de\/ueber\/\",\"url\":\"https:\/\/huretransports.com\/de\/ueber\/\",\"name\":\"\u00fcber - Hure\",\"isPartOf\":{\"@id\":\"https:\/\/huretransports.com\/de\/#website\"},\"primaryImageOfPage\":{\"@id\":\"https:\/\/huretransports.com\/de\/ueber\/#primaryimage\"},\"image\":{\"@id\":\"https:\/\/huretransports.com\/de\/ueber\/#primaryimage\"},\"thumbnailUrl\":\"https:\/\/huretransports.com\/wp-content\/uploads\/2024\/05\/overons-1.jpg\",\"datePublished\":\"2024-05-09T11:40:40+00:00\",\"dateModified\":\"2024-11-26T20:12:34+00:00\",\"breadcrumb\":{\"@id\":\"https:\/\/huretransports.com\/de\/ueber\/#breadcrumb\"},\"inLanguage\":\"de\",\"potentialAction\":[{\"@type\":\"ReadAction\",\"target\":[\"https:\/\/huretransports.com\/de\/ueber\/\"]}]},{\"@type\":\"ImageObject\",\"inLanguage\":\"de\",\"@id\":\"https:\/\/huretransports.com\/de\/ueber\/#primaryimage\",\"url\":\"https:\/\/huretransports.com\/wp-content\/uploads\/2024\/05\/overons-1.jpg\",\"contentUrl\":\"https:\/\/huretransports.com\/wp-content\/uploads\/2024\/05\/overons-1.jpg\",\"width\":700,\"height\":453},{\"@type\":\"BreadcrumbList\",\"@id\":\"https:\/\/huretransports.com\/de\/ueber\/#breadcrumb\",\"itemListElement\":[{\"@type\":\"ListItem\",\"position\":1,\"name\":\"Home\",\"item\":\"https:\/\/huretransports.com\/de\/\"},{\"@type\":\"ListItem\",\"position\":2,\"name\":\"\u00fcber\"}]},{\"@type\":\"WebSite\",\"@id\":\"https:\/\/huretransports.com\/de\/#website\",\"url\":\"https:\/\/huretransports.com\/de\/\",\"name\":\"Hure\",\"description\":\"\",\"potentialAction\":[{\"@type\":\"SearchAction\",\"target\":{\"@type\":\"EntryPoint\",\"urlTemplate\":\"https:\/\/huretransports.com\/de\/?s={search_term_string}\"},\"query-input\":{\"@type\":\"PropertyValueSpecification\",\"valueRequired\":true,\"valueName\":\"search_term_string\"}}],\"inLanguage\":\"de\"}]}<\/script>\n<!-- \/ Yoast SEO plugin. -->","yoast_head_json":{"title":"\u00fcber - Hure","robots":{"index":"index","follow":"follow","max-snippet":"max-snippet:-1","max-image-preview":"max-image-preview:large","max-video-preview":"max-video-preview:-1"},"canonical":"https:\/\/huretransports.com\/de\/ueber\/","og_locale":"de_DE","og_type":"article","og_title":"\u00fcber - Hure","og_description":"[vc_row row_height_percent=&#8220;0&#8243; override_padding=&#8220;yes&#8220; h_padding=&#8220;2&#8243; top_padding=&#8220;0&#8243; bottom_padding=&#8220;0&#8243; overlay_alpha=&#8220;50&#8243; gutter_size=&#8220;4&#8243; column_width_percent=&#8220;100&#8243; shift_y=&#8220;0&#8243; z_index=&#8220;0&#8243; uncode_shortcode_id=&#8220;161882&#8243; css=&#8220;.vc_custom_1715371396023{padding-top: 50px !important;padding-bottom: 100px !important;}&#8220; row_height_pixel=&#8220;600&#8243;][vc_column column_width_percent=&#8220;100&#8243; gutter_size=&#8220;3&#8243; [&hellip;]","og_url":"https:\/\/huretransports.com\/de\/ueber\/","og_site_name":"Hure","article_modified_time":"2024-11-26T20:12:34+00:00","og_image":[{"width":700,"height":453,"url":"https:\/\/huretransports.com\/wp-content\/uploads\/2024\/05\/overons-1.jpg","type":"image\/jpeg"}],"twitter_card":"summary_large_image","twitter_misc":{"Gesch\u00e4tzte Lesezeit":"1\u00a0Minute"},"schema":{"@context":"https:\/\/schema.org","@graph":[{"@type":"WebPage","@id":"https:\/\/huretransports.com\/de\/ueber\/","url":"https:\/\/huretransports.com\/de\/ueber\/","name":"\u00fcber - Hure","isPartOf":{"@id":"https:\/\/huretransports.com\/de\/#website"},"primaryImageOfPage":{"@id":"https:\/\/huretransports.com\/de\/ueber\/#primaryimage"},"image":{"@id":"https:\/\/huretransports.com\/de\/ueber\/#primaryimage"},"thumbnailUrl":"https:\/\/huretransports.com\/wp-content\/uploads\/2024\/05\/overons-1.jpg","datePublished":"2024-05-09T11:40:40+00:00","dateModified":"2024-11-26T20:12:34+00:00","breadcrumb":{"@id":"https:\/\/huretransports.com\/de\/ueber\/#breadcrumb"},"inLanguage":"de","potentialAction":[{"@type":"ReadAction","target":["https:\/\/huretransports.com\/de\/ueber\/"]}]},{"@type":"ImageObject","inLanguage":"de","@id":"https:\/\/huretransports.com\/de\/ueber\/#primaryimage","url":"https:\/\/huretransports.com\/wp-content\/uploads\/2024\/05\/overons-1.jpg","contentUrl":"https:\/\/huretransports.com\/wp-content\/uploads\/2024\/05\/overons-1.jpg","width":700,"height":453},{"@type":"BreadcrumbList","@id":"https:\/\/huretransports.com\/de\/ueber\/#breadcrumb","itemListElement":[{"@type":"ListItem","position":1,"name":"Home","item":"https:\/\/huretransports.com\/de\/"},{"@type":"ListItem","position":2,"name":"\u00fcber"}]},{"@type":"WebSite","@id":"https:\/\/huretransports.com\/de\/#website","url":"https:\/\/huretransports.com\/de\/","name":"Hure","description":"","potentialAction":[{"@type":"SearchAction","target":{"@type":"EntryPoint","urlTemplate":"https:\/\/huretransports.com\/de\/?s={search_term_string}"},"query-input":{"@type":"PropertyValueSpecification","valueRequired":true,"valueName":"search_term_string"}}],"inLanguage":"de"}]}},"_links":{"self":[{"href":"https:\/\/huretransports.com\/de\/wp-json\/wp\/v2\/pages\/928","targetHints":{"allow":["GET"]}}],"collection":[{"href":"https:\/\/huretransports.com\/de\/wp-json\/wp\/v2\/pages"}],"about":[{"href":"https:\/\/huretransports.com\/de\/wp-json\/wp\/v2\/types\/page"}],"author":[{"embeddable":true,"href":"https:\/\/huretransports.com\/de\/wp-json\/wp\/v2\/users\/1"}],"replies":[{"embeddable":true,"href":"https:\/\/huretransports.com\/de\/wp-json\/wp\/v2\/comments?post=928"}],"version-history":[{"count":2,"href":"https:\/\/huretransports.com\/de\/wp-json\/wp\/v2\/pages\/928\/revisions"}],"predecessor-version":[{"id":932,"href":"https:\/\/huretransports.com\/de\/wp-json\/wp\/v2\/pages\/928\/revisions\/932"}],"wp:featuredmedia":[{"embeddable":true,"href":"https:\/\/huretransports.com\/de\/wp-json\/wp\/v2\/media\/657"}],"wp:attachment":[{"href":"https:\/\/huretransports.com\/de\/wp-json\/wp\/v2\/media?parent=928"}],"curies":[{"name":"wp","href":"https:\/\/api.w.org\/{rel}","templated":true}]}}