{"id":988,"date":"2024-05-09T11:54:08","date_gmt":"2024-05-09T11:54:08","guid":{"rendered":"https:\/\/huretransports.com\/transport\/muellcontainer\/"},"modified":"2024-12-02T15:35:10","modified_gmt":"2024-12-02T15:35:10","slug":"kipper","status":"publish","type":"page","link":"https:\/\/huretransports.com\/de\/transport\/kipper\/","title":{"rendered":"Kipper"},"content":{"rendered":"<div class=\"wpb-content-wrapper\"><p>[vc_row row_height_percent=&#8220;0&#8243; override_padding=&#8220;yes&#8220; h_padding=&#8220;2&#8243; top_padding=&#8220;0&#8243; bottom_padding=&#8220;0&#8243; overlay_alpha=&#8220;50&#8243; gutter_size=&#8220;4&#8243; column_width_percent=&#8220;100&#8243; shift_y=&#8220;0&#8243; z_index=&#8220;0&#8243; uncode_shortcode_id=&#8220;122019&#8243; css=&#8220;.vc_custom_1715345476348{padding-top: 50px !important;padding-bottom: 100px !important;}&#8220;][vc_column column_width_percent=&#8220;100&#8243; gutter_size=&#8220;3&#8243; overlay_alpha=&#8220;50&#8243; shift_x=&#8220;0&#8243; shift_y=&#8220;0&#8243; shift_y_down=&#8220;0&#8243; z_index=&#8220;0&#8243; medium_width=&#8220;7&#8243; mobile_width=&#8220;0&#8243; width=&#8220;2\/3&#8243; uncode_shortcode_id=&#8220;335085&#8243;][uncode_breadcrumbs separator=&#8220;triangle&#8220;][vc_row_inner row_inner_height_percent=&#8220;0&#8243; overlay_alpha=&#8220;50&#8243; gutter_size=&#8220;3&#8243; shift_y=&#8220;0&#8243; z_index=&#8220;0&#8243; limit_content=&#8220;&#8220; uncode_shortcode_id=&#8220;129249&#8243; css=&#8220;.vc_custom_1715345194913{margin-bottom: 50px !important;}&#8220;][vc_column_inner width=&#8220;1\/1&#8243;][vc_column_text uncode_shortcode_id=&#8220;137906&#8243;]<\/p>\n<h2>Unsere Flotte von Kippern<\/h2>\n<p>Kipperanh\u00e4nger sind f\u00fcr den Transport von Sch\u00fcttgut konzipiert und lassen sich schnell und einfach entladen. Unsere Kipper haben ein Fassungsverm\u00f6gen von 40 bis 56 m3. Sie sind mit einer manuellen oder elektrischen Plane ausgestattet, um den Schutz und die Sicherheit der Ware w\u00e4hrend des Transports zu gew\u00e4hrleisten. Die hinteren T\u00fcren der Mulde sind w\u00e4hrend des Transports doppelt gesichert.<br \/>\nNach dem Beladen bringt der Fahrer die Haken an den T\u00fcren an und versiegelt die T\u00fcren mit einem Siegel.<br \/>\nVier Haken verriegeln die hinteren T\u00fcren und ein Stift stellt sicher, dass die Schl\u00f6sser ausreichend verriegelt sind. Hinten sind die Kipper mit seitlich \u00f6ffnenden T\u00fcren ausgestattet. Der Fahrer hat drei verschiedene M\u00f6glichkeiten, die Ladung zu entladen:<\/p>\n<ul>\n<li>Entladen durch \u00d6ffnen der Hintert\u00fcr links und rechts<\/li>\n<li>Entladen durch automatisches \u00d6ffnen der hinteren T\u00fcren<\/li>\n<li>Entladung \u00fcber die Kornluken<\/li>\n<\/ul>\n<p>[\/vc_column_text][\/vc_column_inner][\/vc_row_inner][vc_row_inner row_inner_height_percent=&#8220;0&#8243; overlay_alpha=&#8220;50&#8243; gutter_size=&#8220;3&#8243; shift_y=&#8220;0&#8243; z_index=&#8220;0&#8243; limit_content=&#8220;&#8220; uncode_shortcode_id=&#8220;905698&#8243; css=&#8220;.vc_custom_1715345200142{margin-bottom: 50px !important;}&#8220;][vc_column_inner column_width_percent=&#8220;100&#8243; gutter_size=&#8220;2&#8243; overlay_alpha=&#8220;50&#8243; shift_x=&#8220;0&#8243; shift_y=&#8220;0&#8243; shift_y_down=&#8220;0&#8243; z_index=&#8220;0&#8243; medium_width=&#8220;0&#8243; mobile_width=&#8220;0&#8243; width=&#8220;1\/1&#8243; uncode_shortcode_id=&#8220;787121&#8243;][vc_column_text uncode_shortcode_id=&#8220;122071&#8243;]<\/p>\n<h2>F\u00fcr den Transport von<\/h2>\n<p>[\/vc_column_text][vc_icon position=&#8220;left&#8220; space_reduced=&#8220;yes&#8220; title_aligned_icon=&#8220;yes&#8220; icon=&#8220;fa fa-check&#8220; icon_color=&#8220;accent&#8220; size=&#8220;fa-2x&#8220; uncode_shortcode_id=&#8220;138922&#8243; title=&#8220;Recycling und Verwertung&#8220; icon_color_type=&#8220;uncode-palette&#8220;]Kompost &#8211; Schlamm aus Kl\u00e4ranlagen &#8211; Industrie- und Lebensmittelabf\u00e4lle &#8211; &#8230;[\/vc_icon][vc_icon position=&#8220;left&#8220; space_reduced=&#8220;yes&#8220; title_aligned_icon=&#8220;yes&#8220; icon=&#8220;fa fa-check&#8220; icon_color=&#8220;accent&#8220; size=&#8220;fa-2x&#8220; uncode_shortcode_id=&#8220;126630&#8243; title=&#8220;Mineralien&#8220; icon_color_type=&#8220;uncode-palette&#8220;]Gesteinsk\u00f6rnungen &#8211; Sand &#8211; Kohle &#8211; Gips &#8211; Petrolkoks &#8211; Kalkstein &#8211; Stahlwerksschlamm &#8211; Kieselsteine[\/vc_icon][vc_icon position=&#8220;left&#8220; space_reduced=&#8220;yes&#8220; title_aligned_icon=&#8220;yes&#8220; icon=&#8220;fa fa-check&#8220; icon_color=&#8220;accent&#8220; size=&#8220;fa-2x&#8220; uncode_shortcode_id=&#8220;144885&#8243; title=&#8220;Industrie und chemische Produkte&#8220; icon_color_type=&#8220;uncode-palette&#8220;][\/vc_icon][vc_icon position=&#8220;left&#8220; space_reduced=&#8220;yes&#8220; title_aligned_icon=&#8220;yes&#8220; icon=&#8220;fa fa-check&#8220; icon_color=&#8220;accent&#8220; size=&#8220;fa-2x&#8220; uncode_shortcode_id=&#8220;182906&#8243; title=&#8220;Abfall&#8220; icon_color_type=&#8220;uncode-palette&#8220;]Impr\u00e4gniertes S\u00e4gemehl &#8211; Verschiedene Abfallarten[\/vc_icon][vc_icon position=&#8220;left&#8220; space_reduced=&#8220;yes&#8220; title_aligned_icon=&#8220;yes&#8220; icon=&#8220;fa fa-check&#8220; icon_color=&#8220;accent&#8220; size=&#8220;fa-2x&#8220; uncode_shortcode_id=&#8220;214726&#8243; title=&#8220;ADR&#8220; icon_color_type=&#8220;uncode-palette&#8220;][\/vc_icon][\/vc_column_inner][\/vc_row_inner][vc_row_inner row_inner_height_percent=&#8220;0&#8243; back_color=&#8220;color-393642&#8243; overlay_alpha=&#8220;50&#8243; gutter_size=&#8220;3&#8243; shift_y=&#8220;0&#8243; z_index=&#8220;0&#8243; uncode_shortcode_id=&#8220;143586&#8243; back_color_type=&#8220;uncode-palette&#8220; limit_content=&#8220;&#8220; css=&#8220;.vc_custom_1715359788874{padding-top: 50px !important;padding-right: 25px !important;padding-bottom: 50px !important;padding-left: 25px !important;}&#8220;][vc_column_inner column_width_percent=&#8220;100&#8243; position_horizontal=&#8220;left&#8220; position_vertical=&#8220;middle&#8220; align_horizontal=&#8220;align_center&#8220; gutter_size=&#8220;0&#8243; overlay_alpha=&#8220;50&#8243; shift_x=&#8220;0&#8243; shift_y=&#8220;0&#8243; shift_y_down=&#8220;0&#8243; z_index=&#8220;0&#8243; align_medium=&#8220;align_left_tablet&#8220; medium_width=&#8220;0&#8243; align_mobile=&#8220;align_left_mobile&#8220; mobile_width=&#8220;0&#8243; width=&#8220;1\/2&#8243; uncode_shortcode_id=&#8220;228778&#8243;][vc_column_text uncode_shortcode_id=&#8220;474183&#8243;]<img decoding=\"async\" class=\"alignnone wp-image-290\" src=\"https:\/\/huretransports.com\/wp-content\/uploads\/2024\/05\/kipper-2.png\" alt=\"\" width=\"250\" height=\"98\" srcset=\"https:\/\/huretransports.com\/wp-content\/uploads\/2024\/05\/kipper-2.png 400w, https:\/\/huretransports.com\/wp-content\/uploads\/2024\/05\/kipper-2-300x118.png 300w, https:\/\/huretransports.com\/wp-content\/uploads\/2024\/05\/kipper-2-350x137.png 350w\" sizes=\"(max-width: 250px) 100vw, 250px\" \/>[\/vc_column_text][\/vc_column_inner][vc_column_inner column_width_percent=&#8220;100&#8243; gutter_size=&#8220;0&#8243; overlay_alpha=&#8220;50&#8243; shift_x=&#8220;0&#8243; shift_y=&#8220;0&#8243; shift_y_down=&#8220;0&#8243; z_index=&#8220;0&#8243; medium_width=&#8220;0&#8243; mobile_width=&#8220;0&#8243; width=&#8220;1\/2&#8243; uncode_shortcode_id=&#8220;517091&#8243;][vc_column_text uncode_shortcode_id=&#8220;760808&#8243;]<\/p>\n<h2>Technische Informationen<\/h2>\n<p>[\/vc_column_text][uncode_list icon=&#8220;fa fa-circle-check&#8220; icon_color=&#8220;accent&#8220; uncode_shortcode_id=&#8220;631665&#8243; icon_color_type=&#8220;uncode-palette&#8220;]<\/p>\n<ul>\n<li>Volumen: 40m\u00b3-56m\u00b3<\/li>\n<li>Verst\u00e4rktes Aluminium<\/li>\n<li>ADR-genehmigt<\/li>\n<li>Manuelle und elektrische Knebelung<\/li>\n<\/ul>\n<p>[\/uncode_list][\/vc_column_inner][\/vc_row_inner][\/vc_column][vc_column column_width_percent=&#8220;100&#8243; gutter_size=&#8220;3&#8243; overlay_alpha=&#8220;50&#8243; shift_x=&#8220;0&#8243; shift_y=&#8220;0&#8243; shift_y_down=&#8220;0&#8243; z_index=&#8220;0&#8243; medium_width=&#8220;7&#8243; mobile_width=&#8220;0&#8243; width=&#8220;1\/3&#8243; uncode_shortcode_id=&#8220;167658&#8243; el_class=&#8220;sidebar_shifted&#8220;][uncode_block id=&#8220;75&#8243; inside_column=&#8220;yes&#8220;][\/vc_column][\/vc_row]<\/p>\n<\/div>","protected":false},"excerpt":{"rendered":"<p>[vc_row row_height_percent=&#8220;0&#8243; override_padding=&#8220;yes&#8220; h_padding=&#8220;2&#8243; top_padding=&#8220;0&#8243; bottom_padding=&#8220;0&#8243; overlay_alpha=&#8220;50&#8243; gutter_size=&#8220;4&#8243; column_width_percent=&#8220;100&#8243; shift_y=&#8220;0&#8243; z_index=&#8220;0&#8243; uncode_shortcode_id=&#8220;122019&#8243; css=&#8220;.vc_custom_1715345476348{padding-top: 50px !important;padding-bottom: 100px !important;}&#8220;][vc_column column_width_percent=&#8220;100&#8243; gutter_size=&#8220;3&#8243; overlay_alpha=&#8220;50&#8243; [&hellip;]<\/p>\n","protected":false},"author":1,"featured_media":524,"parent":920,"menu_order":0,"comment_status":"closed","ping_status":"closed","template":"","meta":{"footnotes":""},"class_list":["post-988","page","type-page","status-publish","has-post-thumbnail","hentry"],"yoast_head":"<!-- This site is optimized with the Yoast SEO plugin v27.0 - https:\/\/yoast.com\/product\/yoast-seo-wordpress\/ -->\n<title>Kipper - Hure<\/title>\n<meta name=\"robots\" content=\"index, follow, max-snippet:-1, max-image-preview:large, max-video-preview:-1\" \/>\n<link rel=\"canonical\" href=\"https:\/\/huretransports.com\/de\/transport\/kipper\/\" \/>\n<meta property=\"og:locale\" content=\"de_DE\" \/>\n<meta property=\"og:type\" content=\"article\" \/>\n<meta property=\"og:title\" content=\"Kipper - Hure\" \/>\n<meta property=\"og:description\" content=\"[vc_row row_height_percent=&#8220;0&#8243; override_padding=&#8220;yes&#8220; h_padding=&#8220;2&#8243; top_padding=&#8220;0&#8243; bottom_padding=&#8220;0&#8243; overlay_alpha=&#8220;50&#8243; gutter_size=&#8220;4&#8243; column_width_percent=&#8220;100&#8243; shift_y=&#8220;0&#8243; z_index=&#8220;0&#8243; uncode_shortcode_id=&#8220;122019&#8243; css=&#8220;.vc_custom_1715345476348{padding-top: 50px !important;padding-bottom: 100px !important;}&#8220;][vc_column column_width_percent=&#8220;100&#8243; gutter_size=&#8220;3&#8243; overlay_alpha=&#8220;50&#8243; [&hellip;]\" \/>\n<meta property=\"og:url\" content=\"https:\/\/huretransports.com\/de\/transport\/kipper\/\" \/>\n<meta property=\"og:site_name\" content=\"Hure\" \/>\n<meta property=\"article:modified_time\" content=\"2024-12-02T15:35:10+00:00\" \/>\n<meta property=\"og:image\" content=\"https:\/\/huretransports.com\/wp-content\/uploads\/2024\/11\/benne.jpg\" \/>\n\t<meta property=\"og:image:width\" content=\"1900\" \/>\n\t<meta property=\"og:image:height\" content=\"532\" \/>\n\t<meta property=\"og:image:type\" content=\"image\/jpeg\" \/>\n<meta name=\"twitter:card\" content=\"summary_large_image\" \/>\n<meta name=\"twitter:label1\" content=\"Gesch\u00e4tzte Lesezeit\" \/>\n\t<meta name=\"twitter:data1\" content=\"3\u00a0Minuten\" \/>\n<script type=\"application\/ld+json\" class=\"yoast-schema-graph\">{\"@context\":\"https:\/\/schema.org\",\"@graph\":[{\"@type\":\"WebPage\",\"@id\":\"https:\/\/huretransports.com\/de\/transport\/kipper\/\",\"url\":\"https:\/\/huretransports.com\/de\/transport\/kipper\/\",\"name\":\"Kipper - Hure\",\"isPartOf\":{\"@id\":\"https:\/\/huretransports.com\/de\/#website\"},\"primaryImageOfPage\":{\"@id\":\"https:\/\/huretransports.com\/de\/transport\/kipper\/#primaryimage\"},\"image\":{\"@id\":\"https:\/\/huretransports.com\/de\/transport\/kipper\/#primaryimage\"},\"thumbnailUrl\":\"https:\/\/huretransports.com\/wp-content\/uploads\/2024\/11\/benne.jpg\",\"datePublished\":\"2024-05-09T11:54:08+00:00\",\"dateModified\":\"2024-12-02T15:35:10+00:00\",\"breadcrumb\":{\"@id\":\"https:\/\/huretransports.com\/de\/transport\/kipper\/#breadcrumb\"},\"inLanguage\":\"de\",\"potentialAction\":[{\"@type\":\"ReadAction\",\"target\":[\"https:\/\/huretransports.com\/de\/transport\/kipper\/\"]}]},{\"@type\":\"ImageObject\",\"inLanguage\":\"de\",\"@id\":\"https:\/\/huretransports.com\/de\/transport\/kipper\/#primaryimage\",\"url\":\"https:\/\/huretransports.com\/wp-content\/uploads\/2024\/11\/benne.jpg\",\"contentUrl\":\"https:\/\/huretransports.com\/wp-content\/uploads\/2024\/11\/benne.jpg\",\"width\":1900,\"height\":532},{\"@type\":\"BreadcrumbList\",\"@id\":\"https:\/\/huretransports.com\/de\/transport\/kipper\/#breadcrumb\",\"itemListElement\":[{\"@type\":\"ListItem\",\"position\":1,\"name\":\"Home\",\"item\":\"https:\/\/huretransports.com\/de\/\"},{\"@type\":\"ListItem\",\"position\":2,\"name\":\"Transport\",\"item\":\"https:\/\/huretransports.com\/de\/transport\/\"},{\"@type\":\"ListItem\",\"position\":3,\"name\":\"Kipper\"}]},{\"@type\":\"WebSite\",\"@id\":\"https:\/\/huretransports.com\/de\/#website\",\"url\":\"https:\/\/huretransports.com\/de\/\",\"name\":\"Hure\",\"description\":\"\",\"potentialAction\":[{\"@type\":\"SearchAction\",\"target\":{\"@type\":\"EntryPoint\",\"urlTemplate\":\"https:\/\/huretransports.com\/de\/?s={search_term_string}\"},\"query-input\":{\"@type\":\"PropertyValueSpecification\",\"valueRequired\":true,\"valueName\":\"search_term_string\"}}],\"inLanguage\":\"de\"}]}<\/script>\n<!-- \/ Yoast SEO plugin. -->","yoast_head_json":{"title":"Kipper - Hure","robots":{"index":"index","follow":"follow","max-snippet":"max-snippet:-1","max-image-preview":"max-image-preview:large","max-video-preview":"max-video-preview:-1"},"canonical":"https:\/\/huretransports.com\/de\/transport\/kipper\/","og_locale":"de_DE","og_type":"article","og_title":"Kipper - Hure","og_description":"[vc_row row_height_percent=&#8220;0&#8243; override_padding=&#8220;yes&#8220; h_padding=&#8220;2&#8243; top_padding=&#8220;0&#8243; bottom_padding=&#8220;0&#8243; overlay_alpha=&#8220;50&#8243; gutter_size=&#8220;4&#8243; column_width_percent=&#8220;100&#8243; shift_y=&#8220;0&#8243; z_index=&#8220;0&#8243; uncode_shortcode_id=&#8220;122019&#8243; css=&#8220;.vc_custom_1715345476348{padding-top: 50px !important;padding-bottom: 100px !important;}&#8220;][vc_column column_width_percent=&#8220;100&#8243; gutter_size=&#8220;3&#8243; overlay_alpha=&#8220;50&#8243; [&hellip;]","og_url":"https:\/\/huretransports.com\/de\/transport\/kipper\/","og_site_name":"Hure","article_modified_time":"2024-12-02T15:35:10+00:00","og_image":[{"width":1900,"height":532,"url":"https:\/\/huretransports.com\/wp-content\/uploads\/2024\/11\/benne.jpg","type":"image\/jpeg"}],"twitter_card":"summary_large_image","twitter_misc":{"Gesch\u00e4tzte Lesezeit":"3\u00a0Minuten"},"schema":{"@context":"https:\/\/schema.org","@graph":[{"@type":"WebPage","@id":"https:\/\/huretransports.com\/de\/transport\/kipper\/","url":"https:\/\/huretransports.com\/de\/transport\/kipper\/","name":"Kipper - Hure","isPartOf":{"@id":"https:\/\/huretransports.com\/de\/#website"},"primaryImageOfPage":{"@id":"https:\/\/huretransports.com\/de\/transport\/kipper\/#primaryimage"},"image":{"@id":"https:\/\/huretransports.com\/de\/transport\/kipper\/#primaryimage"},"thumbnailUrl":"https:\/\/huretransports.com\/wp-content\/uploads\/2024\/11\/benne.jpg","datePublished":"2024-05-09T11:54:08+00:00","dateModified":"2024-12-02T15:35:10+00:00","breadcrumb":{"@id":"https:\/\/huretransports.com\/de\/transport\/kipper\/#breadcrumb"},"inLanguage":"de","potentialAction":[{"@type":"ReadAction","target":["https:\/\/huretransports.com\/de\/transport\/kipper\/"]}]},{"@type":"ImageObject","inLanguage":"de","@id":"https:\/\/huretransports.com\/de\/transport\/kipper\/#primaryimage","url":"https:\/\/huretransports.com\/wp-content\/uploads\/2024\/11\/benne.jpg","contentUrl":"https:\/\/huretransports.com\/wp-content\/uploads\/2024\/11\/benne.jpg","width":1900,"height":532},{"@type":"BreadcrumbList","@id":"https:\/\/huretransports.com\/de\/transport\/kipper\/#breadcrumb","itemListElement":[{"@type":"ListItem","position":1,"name":"Home","item":"https:\/\/huretransports.com\/de\/"},{"@type":"ListItem","position":2,"name":"Transport","item":"https:\/\/huretransports.com\/de\/transport\/"},{"@type":"ListItem","position":3,"name":"Kipper"}]},{"@type":"WebSite","@id":"https:\/\/huretransports.com\/de\/#website","url":"https:\/\/huretransports.com\/de\/","name":"Hure","description":"","potentialAction":[{"@type":"SearchAction","target":{"@type":"EntryPoint","urlTemplate":"https:\/\/huretransports.com\/de\/?s={search_term_string}"},"query-input":{"@type":"PropertyValueSpecification","valueRequired":true,"valueName":"search_term_string"}}],"inLanguage":"de"}]}},"_links":{"self":[{"href":"https:\/\/huretransports.com\/de\/wp-json\/wp\/v2\/pages\/988","targetHints":{"allow":["GET"]}}],"collection":[{"href":"https:\/\/huretransports.com\/de\/wp-json\/wp\/v2\/pages"}],"about":[{"href":"https:\/\/huretransports.com\/de\/wp-json\/wp\/v2\/types\/page"}],"author":[{"embeddable":true,"href":"https:\/\/huretransports.com\/de\/wp-json\/wp\/v2\/users\/1"}],"replies":[{"embeddable":true,"href":"https:\/\/huretransports.com\/de\/wp-json\/wp\/v2\/comments?post=988"}],"version-history":[{"count":3,"href":"https:\/\/huretransports.com\/de\/wp-json\/wp\/v2\/pages\/988\/revisions"}],"predecessor-version":[{"id":1263,"href":"https:\/\/huretransports.com\/de\/wp-json\/wp\/v2\/pages\/988\/revisions\/1263"}],"up":[{"embeddable":true,"href":"https:\/\/huretransports.com\/de\/wp-json\/wp\/v2\/pages\/920"}],"wp:featuredmedia":[{"embeddable":true,"href":"https:\/\/huretransports.com\/de\/wp-json\/wp\/v2\/media\/524"}],"wp:attachment":[{"href":"https:\/\/huretransports.com\/de\/wp-json\/wp\/v2\/media?parent=988"}],"curies":[{"name":"wp","href":"https:\/\/api.w.org\/{rel}","templated":true}]}}