{"id":1209,"date":"2024-05-09T11:54:59","date_gmt":"2024-05-09T11:54:59","guid":{"rendered":"https:\/\/huretransports.com\/transport\/vloeistoftanks-biologisch-afbreekbaar-afval\/"},"modified":"2024-11-27T15:03:57","modified_gmt":"2024-11-27T15:03:57","slug":"tank-bio-afval","status":"publish","type":"page","link":"https:\/\/huretransports.com\/nl\/transport\/tank-bio-afval\/","title":{"rendered":"Tank bio afval"},"content":{"rendered":"<div class=\"wpb-content-wrapper\"><p>[vc_row row_height_percent=&#8221;0&#8243; override_padding=&#8221;yes&#8221; h_padding=&#8221;2&#8243; top_padding=&#8221;0&#8243; bottom_padding=&#8221;0&#8243; overlay_alpha=&#8221;50&#8243; gutter_size=&#8221;4&#8243; column_width_percent=&#8221;100&#8243; shift_y=&#8221;0&#8243; z_index=&#8221;0&#8243; uncode_shortcode_id=&#8221;122019&#8243; css=&#8221;.vc_custom_1715345476348{padding-top: 50px !important;padding-bottom: 100px !important;}&#8221;][vc_column column_width_percent=&#8221;100&#8243; gutter_size=&#8221;3&#8243; overlay_alpha=&#8221;50&#8243; shift_x=&#8221;0&#8243; shift_y=&#8221;0&#8243; shift_y_down=&#8221;0&#8243; z_index=&#8221;0&#8243; medium_width=&#8221;7&#8243; mobile_width=&#8221;0&#8243; width=&#8221;2\/3&#8243; uncode_shortcode_id=&#8221;335085&#8243;][uncode_breadcrumbs separator=&#8221;triangle&#8221;][vc_row_inner row_inner_height_percent=&#8221;0&#8243; overlay_alpha=&#8221;50&#8243; gutter_size=&#8221;3&#8243; shift_y=&#8221;0&#8243; z_index=&#8221;0&#8243; limit_content=&#8221;&#8221; uncode_shortcode_id=&#8221;129249&#8243; css=&#8221;.vc_custom_1715345194913{margin-bottom: 50px !important;}&#8221;][vc_column_inner width=&#8221;1\/1&#8243;][vc_column_text uncode_shortcode_id=&#8221;758177&#8243;]<\/p>\n<h2>Onze vloot van biologisch afbreekbare vloeistoftankwagens<\/h2>\n<p>De tanks, die zijn ontwikkeld in samenwerking met Spitzer, zijn gemaakt van glasvezelversterkte composiet en hebben een inhoud van 34 m3. Deze tanks zijn bijzonder geschikt voor het transporteren van vloeistoffen in de voedingsmiddelen-, methanisatie- en industri\u00eble sector, etc. Voor het laden en lossen zijn ze uitgerust met zelfaanzuigende, kleploze, volumetrische lobbenpompen. De regelmatige rotatie van de lobbenparen cre\u00ebert een vacu\u00fcm aan de zuigzijde, bepaald door de draairichting van de aandrijving. Dit vacu\u00fcm trekt de vloeistof in het pompcompartiment.<br \/>\nTerwijl de pomp blijft draaien, wordt de verpompte vloeistof door de lobben langs de pompwand naar de afvoerzone afgevoerd. Bovendien kunnen deze lobbenpompen continu tot op een hoogte van 9 meter pompen. Ze hebben ook het voordeel dat ze kantelbaar zijn voor eenvoudig lossen en reinigen. Onze vloeistoftankwagens worden voornamelijk in Frankrijk en Belgi\u00eb gebruikt.[\/vc_column_text][\/vc_column_inner][\/vc_row_inner][vc_row_inner row_inner_height_percent=&#8221;0&#8243; back_color=&#8221;color-393642&#8243; overlay_alpha=&#8221;50&#8243; gutter_size=&#8221;3&#8243; shift_y=&#8221;0&#8243; z_index=&#8221;0&#8243; uncode_shortcode_id=&#8221;143586&#8243; back_color_type=&#8221;uncode-palette&#8221; limit_content=&#8221;&#8221; css=&#8221;.vc_custom_1715359788874{padding-top: 50px !important;padding-right: 25px !important;padding-bottom: 50px !important;padding-left: 25px !important;}&#8221;][vc_column_inner column_width_percent=&#8221;100&#8243; position_horizontal=&#8221;left&#8221; position_vertical=&#8221;middle&#8221; align_horizontal=&#8221;align_center&#8221; gutter_size=&#8221;0&#8243; overlay_alpha=&#8221;50&#8243; shift_x=&#8221;0&#8243; shift_y=&#8221;0&#8243; shift_y_down=&#8221;0&#8243; z_index=&#8221;0&#8243; align_medium=&#8221;align_left_tablet&#8221; medium_width=&#8221;0&#8243; align_mobile=&#8221;align_left_mobile&#8221; mobile_width=&#8221;0&#8243; width=&#8221;1\/2&#8243; uncode_shortcode_id=&#8221;228778&#8243;][vc_column_text uncode_shortcode_id=&#8221;118417&#8243;]<img decoding=\"async\" class=\"alignnone wp-image-305\" src=\"https:\/\/huretransports.com\/wp-content\/uploads\/2024\/05\/tank_bio_afval.png\" alt=\"\" width=\"250\" height=\"98\" srcset=\"https:\/\/huretransports.com\/wp-content\/uploads\/2024\/05\/tank_bio_afval.png 400w, https:\/\/huretransports.com\/wp-content\/uploads\/2024\/05\/tank_bio_afval-300x118.png 300w, https:\/\/huretransports.com\/wp-content\/uploads\/2024\/05\/tank_bio_afval-350x137.png 350w\" sizes=\"(max-width: 250px) 100vw, 250px\" \/>[\/vc_column_text][\/vc_column_inner][vc_column_inner column_width_percent=&#8221;100&#8243; gutter_size=&#8221;0&#8243; overlay_alpha=&#8221;50&#8243; shift_x=&#8221;0&#8243; shift_y=&#8221;0&#8243; shift_y_down=&#8221;0&#8243; z_index=&#8221;0&#8243; medium_width=&#8221;0&#8243; mobile_width=&#8221;0&#8243; width=&#8221;1\/2&#8243; uncode_shortcode_id=&#8221;517091&#8243;][vc_column_text uncode_shortcode_id=&#8221;509151&#8243;]<\/p>\n<h2>Technische informatie<\/h2>\n<p>[\/vc_column_text][uncode_list icon=&#8221;fa fa-circle-check&#8221; icon_color=&#8221;accent&#8221; uncode_shortcode_id=&#8221;183792&#8243; icon_color_type=&#8221;uncode-palette&#8221;]<\/p>\n<ul>\n<li>Volume: ongeveer 34 m3<\/li>\n<li>Laadvermogen: 27 &#8211; 31 ton<\/li>\n<li>GMP goedgekeurd<\/li>\n<\/ul>\n<p>[\/uncode_list][\/vc_column_inner][\/vc_row_inner][\/vc_column][vc_column column_width_percent=&#8221;100&#8243; gutter_size=&#8221;3&#8243; overlay_alpha=&#8221;50&#8243; shift_x=&#8221;0&#8243; shift_y=&#8221;0&#8243; shift_y_down=&#8221;0&#8243; z_index=&#8221;0&#8243; medium_width=&#8221;7&#8243; mobile_width=&#8221;0&#8243; width=&#8221;1\/3&#8243; uncode_shortcode_id=&#8221;167658&#8243; el_class=&#8221;sidebar_shifted&#8221;][uncode_block id=&#8221;75&#8243; inside_column=&#8221;yes&#8221;][\/vc_column][\/vc_row]<\/p>\n<\/div>","protected":false},"excerpt":{"rendered":"<p>[vc_row row_height_percent=&#8221;0&#8243; override_padding=&#8221;yes&#8221; h_padding=&#8221;2&#8243; top_padding=&#8221;0&#8243; bottom_padding=&#8221;0&#8243; overlay_alpha=&#8221;50&#8243; gutter_size=&#8221;4&#8243; column_width_percent=&#8221;100&#8243; shift_y=&#8221;0&#8243; z_index=&#8221;0&#8243; uncode_shortcode_id=&#8221;122019&#8243; css=&#8221;.vc_custom_1715345476348{padding-top: 50px !important;padding-bottom: 100px !important;}&#8221;][vc_column column_width_percent=&#8221;100&#8243; gutter_size=&#8221;3&#8243; overlay_alpha=&#8221;50&#8243; [&hellip;]<\/p>\n","protected":false},"author":1,"featured_media":448,"parent":933,"menu_order":0,"comment_status":"closed","ping_status":"closed","template":"","meta":{"footnotes":""},"class_list":["post-1209","page","type-page","status-publish","has-post-thumbnail","hentry"],"yoast_head":"<!-- This site is optimized with the Yoast SEO plugin v27.0 - https:\/\/yoast.com\/product\/yoast-seo-wordpress\/ -->\n<title>Tank bio afval - Hure<\/title>\n<meta name=\"robots\" content=\"index, follow, max-snippet:-1, max-image-preview:large, max-video-preview:-1\" \/>\n<link rel=\"canonical\" href=\"https:\/\/huretransports.com\/nl\/transport\/tank-bio-afval\/\" \/>\n<meta property=\"og:locale\" content=\"nl_NL\" \/>\n<meta property=\"og:type\" content=\"article\" \/>\n<meta property=\"og:title\" content=\"Tank bio afval - Hure\" \/>\n<meta property=\"og:description\" content=\"[vc_row row_height_percent=&#8221;0&#8243; override_padding=&#8221;yes&#8221; h_padding=&#8221;2&#8243; top_padding=&#8221;0&#8243; bottom_padding=&#8221;0&#8243; overlay_alpha=&#8221;50&#8243; gutter_size=&#8221;4&#8243; column_width_percent=&#8221;100&#8243; shift_y=&#8221;0&#8243; z_index=&#8221;0&#8243; uncode_shortcode_id=&#8221;122019&#8243; css=&#8221;.vc_custom_1715345476348{padding-top: 50px !important;padding-bottom: 100px !important;}&#8221;][vc_column column_width_percent=&#8221;100&#8243; gutter_size=&#8221;3&#8243; overlay_alpha=&#8221;50&#8243; [&hellip;]\" \/>\n<meta property=\"og:url\" content=\"https:\/\/huretransports.com\/nl\/transport\/tank-bio-afval\/\" \/>\n<meta property=\"og:site_name\" content=\"Hure\" \/>\n<meta property=\"article:modified_time\" content=\"2024-11-27T15:03:57+00:00\" \/>\n<meta property=\"og:image\" content=\"https:\/\/huretransports.com\/wp-content\/uploads\/2024\/10\/bio.jpg\" \/>\n\t<meta property=\"og:image:width\" content=\"1900\" \/>\n\t<meta property=\"og:image:height\" content=\"532\" \/>\n\t<meta property=\"og:image:type\" content=\"image\/jpeg\" \/>\n<meta name=\"twitter:card\" content=\"summary_large_image\" \/>\n<meta name=\"twitter:label1\" content=\"Geschatte leestijd\" \/>\n\t<meta name=\"twitter:data1\" content=\"2 minuten\" \/>\n<script type=\"application\/ld+json\" class=\"yoast-schema-graph\">{\"@context\":\"https:\/\/schema.org\",\"@graph\":[{\"@type\":\"WebPage\",\"@id\":\"https:\/\/huretransports.com\/nl\/transport\/tank-bio-afval\/\",\"url\":\"https:\/\/huretransports.com\/nl\/transport\/tank-bio-afval\/\",\"name\":\"Tank bio afval - Hure\",\"isPartOf\":{\"@id\":\"https:\/\/huretransports.com\/nl\/#website\"},\"primaryImageOfPage\":{\"@id\":\"https:\/\/huretransports.com\/nl\/transport\/tank-bio-afval\/#primaryimage\"},\"image\":{\"@id\":\"https:\/\/huretransports.com\/nl\/transport\/tank-bio-afval\/#primaryimage\"},\"thumbnailUrl\":\"https:\/\/huretransports.com\/wp-content\/uploads\/2024\/10\/bio.jpg\",\"datePublished\":\"2024-05-09T11:54:59+00:00\",\"dateModified\":\"2024-11-27T15:03:57+00:00\",\"breadcrumb\":{\"@id\":\"https:\/\/huretransports.com\/nl\/transport\/tank-bio-afval\/#breadcrumb\"},\"inLanguage\":\"nl-NL\",\"potentialAction\":[{\"@type\":\"ReadAction\",\"target\":[\"https:\/\/huretransports.com\/nl\/transport\/tank-bio-afval\/\"]}]},{\"@type\":\"ImageObject\",\"inLanguage\":\"nl-NL\",\"@id\":\"https:\/\/huretransports.com\/nl\/transport\/tank-bio-afval\/#primaryimage\",\"url\":\"https:\/\/huretransports.com\/wp-content\/uploads\/2024\/10\/bio.jpg\",\"contentUrl\":\"https:\/\/huretransports.com\/wp-content\/uploads\/2024\/10\/bio.jpg\",\"width\":1900,\"height\":532},{\"@type\":\"BreadcrumbList\",\"@id\":\"https:\/\/huretransports.com\/nl\/transport\/tank-bio-afval\/#breadcrumb\",\"itemListElement\":[{\"@type\":\"ListItem\",\"position\":1,\"name\":\"Home\",\"item\":\"https:\/\/huretransports.com\/nl\/\"},{\"@type\":\"ListItem\",\"position\":2,\"name\":\"Transport\",\"item\":\"https:\/\/huretransports.com\/nl\/transport\/\"},{\"@type\":\"ListItem\",\"position\":3,\"name\":\"Tank bio afval\"}]},{\"@type\":\"WebSite\",\"@id\":\"https:\/\/huretransports.com\/nl\/#website\",\"url\":\"https:\/\/huretransports.com\/nl\/\",\"name\":\"Hure\",\"description\":\"\",\"potentialAction\":[{\"@type\":\"SearchAction\",\"target\":{\"@type\":\"EntryPoint\",\"urlTemplate\":\"https:\/\/huretransports.com\/nl\/?s={search_term_string}\"},\"query-input\":{\"@type\":\"PropertyValueSpecification\",\"valueRequired\":true,\"valueName\":\"search_term_string\"}}],\"inLanguage\":\"nl-NL\"}]}<\/script>\n<!-- \/ Yoast SEO plugin. -->","yoast_head_json":{"title":"Tank bio afval - Hure","robots":{"index":"index","follow":"follow","max-snippet":"max-snippet:-1","max-image-preview":"max-image-preview:large","max-video-preview":"max-video-preview:-1"},"canonical":"https:\/\/huretransports.com\/nl\/transport\/tank-bio-afval\/","og_locale":"nl_NL","og_type":"article","og_title":"Tank bio afval - Hure","og_description":"[vc_row row_height_percent=&#8221;0&#8243; override_padding=&#8221;yes&#8221; h_padding=&#8221;2&#8243; top_padding=&#8221;0&#8243; bottom_padding=&#8221;0&#8243; overlay_alpha=&#8221;50&#8243; gutter_size=&#8221;4&#8243; column_width_percent=&#8221;100&#8243; shift_y=&#8221;0&#8243; z_index=&#8221;0&#8243; uncode_shortcode_id=&#8221;122019&#8243; css=&#8221;.vc_custom_1715345476348{padding-top: 50px !important;padding-bottom: 100px !important;}&#8221;][vc_column column_width_percent=&#8221;100&#8243; gutter_size=&#8221;3&#8243; overlay_alpha=&#8221;50&#8243; [&hellip;]","og_url":"https:\/\/huretransports.com\/nl\/transport\/tank-bio-afval\/","og_site_name":"Hure","article_modified_time":"2024-11-27T15:03:57+00:00","og_image":[{"width":1900,"height":532,"url":"https:\/\/huretransports.com\/wp-content\/uploads\/2024\/10\/bio.jpg","type":"image\/jpeg"}],"twitter_card":"summary_large_image","twitter_misc":{"Geschatte leestijd":"2 minuten"},"schema":{"@context":"https:\/\/schema.org","@graph":[{"@type":"WebPage","@id":"https:\/\/huretransports.com\/nl\/transport\/tank-bio-afval\/","url":"https:\/\/huretransports.com\/nl\/transport\/tank-bio-afval\/","name":"Tank bio afval - Hure","isPartOf":{"@id":"https:\/\/huretransports.com\/nl\/#website"},"primaryImageOfPage":{"@id":"https:\/\/huretransports.com\/nl\/transport\/tank-bio-afval\/#primaryimage"},"image":{"@id":"https:\/\/huretransports.com\/nl\/transport\/tank-bio-afval\/#primaryimage"},"thumbnailUrl":"https:\/\/huretransports.com\/wp-content\/uploads\/2024\/10\/bio.jpg","datePublished":"2024-05-09T11:54:59+00:00","dateModified":"2024-11-27T15:03:57+00:00","breadcrumb":{"@id":"https:\/\/huretransports.com\/nl\/transport\/tank-bio-afval\/#breadcrumb"},"inLanguage":"nl-NL","potentialAction":[{"@type":"ReadAction","target":["https:\/\/huretransports.com\/nl\/transport\/tank-bio-afval\/"]}]},{"@type":"ImageObject","inLanguage":"nl-NL","@id":"https:\/\/huretransports.com\/nl\/transport\/tank-bio-afval\/#primaryimage","url":"https:\/\/huretransports.com\/wp-content\/uploads\/2024\/10\/bio.jpg","contentUrl":"https:\/\/huretransports.com\/wp-content\/uploads\/2024\/10\/bio.jpg","width":1900,"height":532},{"@type":"BreadcrumbList","@id":"https:\/\/huretransports.com\/nl\/transport\/tank-bio-afval\/#breadcrumb","itemListElement":[{"@type":"ListItem","position":1,"name":"Home","item":"https:\/\/huretransports.com\/nl\/"},{"@type":"ListItem","position":2,"name":"Transport","item":"https:\/\/huretransports.com\/nl\/transport\/"},{"@type":"ListItem","position":3,"name":"Tank bio afval"}]},{"@type":"WebSite","@id":"https:\/\/huretransports.com\/nl\/#website","url":"https:\/\/huretransports.com\/nl\/","name":"Hure","description":"","potentialAction":[{"@type":"SearchAction","target":{"@type":"EntryPoint","urlTemplate":"https:\/\/huretransports.com\/nl\/?s={search_term_string}"},"query-input":{"@type":"PropertyValueSpecification","valueRequired":true,"valueName":"search_term_string"}}],"inLanguage":"nl-NL"}]}},"_links":{"self":[{"href":"https:\/\/huretransports.com\/nl\/wp-json\/wp\/v2\/pages\/1209","targetHints":{"allow":["GET"]}}],"collection":[{"href":"https:\/\/huretransports.com\/nl\/wp-json\/wp\/v2\/pages"}],"about":[{"href":"https:\/\/huretransports.com\/nl\/wp-json\/wp\/v2\/types\/page"}],"author":[{"embeddable":true,"href":"https:\/\/huretransports.com\/nl\/wp-json\/wp\/v2\/users\/1"}],"replies":[{"embeddable":true,"href":"https:\/\/huretransports.com\/nl\/wp-json\/wp\/v2\/comments?post=1209"}],"version-history":[{"count":3,"href":"https:\/\/huretransports.com\/nl\/wp-json\/wp\/v2\/pages\/1209\/revisions"}],"predecessor-version":[{"id":1241,"href":"https:\/\/huretransports.com\/nl\/wp-json\/wp\/v2\/pages\/1209\/revisions\/1241"}],"up":[{"embeddable":true,"href":"https:\/\/huretransports.com\/nl\/wp-json\/wp\/v2\/pages\/933"}],"wp:featuredmedia":[{"embeddable":true,"href":"https:\/\/huretransports.com\/nl\/wp-json\/wp\/v2\/media\/448"}],"wp:attachment":[{"href":"https:\/\/huretransports.com\/nl\/wp-json\/wp\/v2\/media?parent=1209"}],"curies":[{"name":"wp","href":"https:\/\/api.w.org\/{rel}","templated":true}]}}