{"id":1015,"date":"2024-05-09T11:54:22","date_gmt":"2024-05-09T11:54:22","guid":{"rendered":"https:\/\/huretransports.com\/transport\/zbiorniki-wywrotne\/"},"modified":"2024-12-02T17:49:13","modified_gmt":"2024-12-02T17:49:13","slug":"wywrotek-do-silosow","status":"publish","type":"page","link":"https:\/\/huretransports.com\/pl\/transport\/wywrotek-do-silosow\/","title":{"rendered":"Wywrotek do silos\u00f3w"},"content":{"rendered":"<div class=\"wpb-content-wrapper\"><p>[vc_row row_height_percent=&#8221;0&#8243; override_padding=&#8221;yes&#8221; h_padding=&#8221;2&#8243; top_padding=&#8221;0&#8243; bottom_padding=&#8221;0&#8243; overlay_alpha=&#8221;50&#8243; gutter_size=&#8221;4&#8243; column_width_percent=&#8221;100&#8243; shift_y=&#8221;0&#8243; z_index=&#8221;0&#8243; uncode_shortcode_id=&#8221;122019&#8243; css=&#8221;.vc_custom_1715345476348{padding-top: 50px !important;padding-bottom: 100px !important;}&#8221;][vc_column column_width_percent=&#8221;100&#8243; gutter_size=&#8221;3&#8243; overlay_alpha=&#8221;50&#8243; shift_x=&#8221;0&#8243; shift_y=&#8221;0&#8243; shift_y_down=&#8221;0&#8243; z_index=&#8221;0&#8243; medium_width=&#8221;7&#8243; mobile_width=&#8221;0&#8243; width=&#8221;2\/3&#8243; uncode_shortcode_id=&#8221;335085&#8243;][uncode_breadcrumbs separator=&#8221;triangle&#8221;][vc_row_inner row_inner_height_percent=&#8221;0&#8243; overlay_alpha=&#8221;50&#8243; gutter_size=&#8221;3&#8243; shift_y=&#8221;0&#8243; z_index=&#8221;0&#8243; limit_content=&#8221;&#8221; uncode_shortcode_id=&#8221;129249&#8243; css=&#8221;.vc_custom_1715345194913{margin-bottom: 50px !important;}&#8221;][vc_column_inner width=&#8221;1\/1&#8243;][vc_column_text uncode_shortcode_id=&#8221;113649&#8243;]<\/p>\n<h2>Nasza flota wywrotek<\/h2>\n<p>Nasze naczepy wywrotki s\u0105 u\u017cywane do przewozu produkt\u00f3w sypkich i maj\u0105 pojemno\u015b\u0107 od 52 m\u00b3 do 60 m\u00b3. Przyczepy te nadaj\u0105 si\u0119 do wszystkich suchych, sproszkowanych i granulowanych substancji. Mo\u017cemy r\u00f3wnie\u017c transportowa\u0107 wszystkie produkty GMP, proszkowe i granulowane.<\/p>\n<p>Przyczepy s\u0105 \u0142adowane poprzez otwarcie jednych lub wi\u0119cej drzwi w g\u00f3rnej cz\u0119\u015bci ci\u0119\u017car\u00f3wki. Na g\u00f3rze wszystkie przyczepy s\u0105 wyposa\u017cone w sk\u0142adan\u0105 barierk\u0119 ochronn\u0105. W miar\u0119 mo\u017cliwo\u015bci nale\u017cy zagwarantowa\u0107 bezpiecze\u0144stwo os\u00f3b znajduj\u0105cych si\u0119 na g\u00f3rze \u0142adunku.<\/p>\n<p>Roz\u0142adunek odbywa si\u0119 poprzez przechylenie naczepy w taki spos\u00f3b, \u017ce produkt trafia do leja zasypowego znajduj\u0105cego si\u0119 z ty\u0142u naczepy, a nast\u0119pnie za pomoc\u0105 kompresora jest spr\u0119\u017cany, dzi\u0119ki czemu produkt jest &#8222;skraplany&#8221; powietrzem i mo\u017ce by\u0107 wdmuchiwany do silosu.<\/p>\n<p>Ca\u0142y nasz sprz\u0119t transportowy jest wykonany z wysokiej jako\u015bci aluminium, aby utrzyma\u0107 wag\u0119 netto ci\u0105gnika siod\u0142owego na jak najni\u017cszym poziomie, dzi\u0119ki czemu mo\u017cemy transportowa\u0107 jak najwi\u0119cej produkt\u00f3w dla naszych klient\u00f3w, a tak\u017ce uzyska\u0107 mo\u017cliwie najkorzystniejsze stawki.<\/p>\n<p>Nasza firma przywi\u0105zuje du\u017c\u0105 wag\u0119 do bezpiecze\u0144stwa za\u0142adunku i roz\u0142adunku. Nasze wywrotki do produkt\u00f3w sypkich s\u0105 u\u017cywane g\u0142\u00f3wnie w Belgii i Francji.[\/vc_column_text][\/vc_column_inner][\/vc_row_inner][vc_row_inner row_inner_height_percent=&#8221;0&#8243; overlay_alpha=&#8221;50&#8243; gutter_size=&#8221;3&#8243; shift_y=&#8221;0&#8243; z_index=&#8221;0&#8243; limit_content=&#8221;&#8221; uncode_shortcode_id=&#8221;905698&#8243; css=&#8221;.vc_custom_1715345200142{margin-bottom: 50px !important;}&#8221;][vc_column_inner column_width_percent=&#8221;100&#8243; gutter_size=&#8221;2&#8243; overlay_alpha=&#8221;50&#8243; shift_x=&#8221;0&#8243; shift_y=&#8221;0&#8243; shift_y_down=&#8221;0&#8243; z_index=&#8221;0&#8243; medium_width=&#8221;0&#8243; mobile_width=&#8221;0&#8243; width=&#8221;1\/1&#8243; uncode_shortcode_id=&#8221;787121&#8243;][vc_column_text uncode_shortcode_id=&#8221;163716&#8243;]<\/p>\n<h2>Do transportu<\/h2>\n<p>[\/vc_column_text][vc_icon position=&#8221;left&#8221; space_reduced=&#8221;yes&#8221; title_aligned_icon=&#8221;yes&#8221; icon=&#8221;fa fa-check&#8221; icon_color=&#8221;accent&#8221; size=&#8221;fa-2x&#8221; uncode_shortcode_id=&#8221;164682&#8243; title=&#8221;Karma dla zwierz\u0105t domowych&#8221; icon_color_type=&#8221;uncode-palette&#8221;][\/vc_icon][vc_icon position=&#8221;left&#8221; space_reduced=&#8221;yes&#8221; title_aligned_icon=&#8221;yes&#8221; icon=&#8221;fa fa-check&#8221; icon_color=&#8221;accent&#8221; size=&#8221;fa-2x&#8221; uncode_shortcode_id=&#8221;129173&#8243; title=&#8221;Przemys\u0142 i chemikalia&#8221; icon_color_type=&#8221;uncode-palette&#8221;]Cement &#8211; Wype\u0142niacz &#8211; Wapno[\/vc_icon][\/vc_column_inner][\/vc_row_inner][vc_row_inner row_inner_height_percent=&#8221;0&#8243; back_color=&#8221;color-393642&#8243; overlay_alpha=&#8221;50&#8243; gutter_size=&#8221;3&#8243; shift_y=&#8221;0&#8243; z_index=&#8221;0&#8243; uncode_shortcode_id=&#8221;143586&#8243; back_color_type=&#8221;uncode-palette&#8221; limit_content=&#8221;&#8221; css=&#8221;.vc_custom_1715359788874{padding-top: 50px !important;padding-right: 25px !important;padding-bottom: 50px !important;padding-left: 25px !important;}&#8221;][vc_column_inner column_width_percent=&#8221;100&#8243; position_horizontal=&#8221;left&#8221; position_vertical=&#8221;middle&#8221; align_horizontal=&#8221;align_center&#8221; gutter_size=&#8221;0&#8243; overlay_alpha=&#8221;50&#8243; shift_x=&#8221;0&#8243; shift_y=&#8221;0&#8243; shift_y_down=&#8221;0&#8243; z_index=&#8221;0&#8243; align_medium=&#8221;align_left_tablet&#8221; medium_width=&#8221;0&#8243; align_mobile=&#8221;align_left_mobile&#8221; mobile_width=&#8221;0&#8243; width=&#8221;1\/2&#8243; uncode_shortcode_id=&#8221;228778&#8243;][vc_column_text uncode_shortcode_id=&#8221;123538&#8243;]<img decoding=\"async\" class=\"alignnone wp-image-301\" src=\"https:\/\/huretransports.com\/wp-content\/uploads\/2024\/05\/silo_kipper-1.png\" alt=\"\" width=\"251\" height=\"99\" srcset=\"https:\/\/huretransports.com\/wp-content\/uploads\/2024\/05\/silo_kipper-1.png 400w, https:\/\/huretransports.com\/wp-content\/uploads\/2024\/05\/silo_kipper-1-300x118.png 300w, https:\/\/huretransports.com\/wp-content\/uploads\/2024\/05\/silo_kipper-1-350x137.png 350w\" sizes=\"(max-width: 251px) 100vw, 251px\" \/>[\/vc_column_text][\/vc_column_inner][vc_column_inner column_width_percent=&#8221;100&#8243; gutter_size=&#8221;0&#8243; overlay_alpha=&#8221;50&#8243; shift_x=&#8221;0&#8243; shift_y=&#8221;0&#8243; shift_y_down=&#8221;0&#8243; z_index=&#8221;0&#8243; medium_width=&#8221;0&#8243; mobile_width=&#8221;0&#8243; width=&#8221;1\/2&#8243; uncode_shortcode_id=&#8221;517091&#8243;][vc_column_text uncode_shortcode_id=&#8221;238056&#8243;]<\/p>\n<h2>Informacje techniczne<\/h2>\n<p>[\/vc_column_text][uncode_list icon=&#8221;fa fa-circle-check&#8221; icon_color=&#8221;accent&#8221; uncode_shortcode_id=&#8221;446615&#8243; icon_color_type=&#8221;uncode-palette&#8221;]<\/p>\n<ul>\n<li>Pojemno\u015b\u0107: 52m\u00b3 &#8211; 60m\u00b3<\/li>\n<li>\u0141adowno\u015b\u0107: 27-31 ton<\/li>\n<li>Zatwierdzony przez GMP<\/li>\n<li>Wysokiej jako\u015bci aluminium<\/li>\n<\/ul>\n<p>[\/uncode_list][\/vc_column_inner][\/vc_row_inner][\/vc_column][vc_column column_width_percent=&#8221;100&#8243; gutter_size=&#8221;3&#8243; overlay_alpha=&#8221;50&#8243; shift_x=&#8221;0&#8243; shift_y=&#8221;0&#8243; shift_y_down=&#8221;0&#8243; z_index=&#8221;0&#8243; medium_width=&#8221;7&#8243; mobile_width=&#8221;0&#8243; width=&#8221;1\/3&#8243; uncode_shortcode_id=&#8221;167658&#8243; el_class=&#8221;sidebar_shifted&#8221;][uncode_block id=&#8221;75&#8243; inside_column=&#8221;yes&#8221;][\/vc_column][\/vc_row]<\/p>\n<\/div>","protected":false},"excerpt":{"rendered":"<p>[vc_row row_height_percent=&#8221;0&#8243; override_padding=&#8221;yes&#8221; h_padding=&#8221;2&#8243; top_padding=&#8221;0&#8243; bottom_padding=&#8221;0&#8243; overlay_alpha=&#8221;50&#8243; gutter_size=&#8221;4&#8243; column_width_percent=&#8221;100&#8243; shift_y=&#8221;0&#8243; z_index=&#8221;0&#8243; uncode_shortcode_id=&#8221;122019&#8243; css=&#8221;.vc_custom_1715345476348{padding-top: 50px !important;padding-bottom: 100px !important;}&#8221;][vc_column column_width_percent=&#8221;100&#8243; gutter_size=&#8221;3&#8243; overlay_alpha=&#8221;50&#8243; [&hellip;]<\/p>\n","protected":false},"author":1,"featured_media":460,"parent":919,"menu_order":0,"comment_status":"closed","ping_status":"closed","template":"","meta":{"footnotes":""},"class_list":["post-1015","page","type-page","status-publish","has-post-thumbnail","hentry"],"yoast_head":"<!-- This site is optimized with the Yoast SEO plugin v27.0 - https:\/\/yoast.com\/product\/yoast-seo-wordpress\/ -->\n<title>Wywrotek do silos\u00f3w - Hure<\/title>\n<meta name=\"robots\" content=\"index, follow, max-snippet:-1, max-image-preview:large, max-video-preview:-1\" \/>\n<link rel=\"canonical\" href=\"https:\/\/huretransports.com\/pl\/transport\/wywrotek-do-silosow\/\" \/>\n<meta property=\"og:locale\" content=\"pl_PL\" \/>\n<meta property=\"og:type\" content=\"article\" \/>\n<meta property=\"og:title\" content=\"Wywrotek do silos\u00f3w - Hure\" \/>\n<meta property=\"og:description\" content=\"[vc_row row_height_percent=&#8221;0&#8243; override_padding=&#8221;yes&#8221; h_padding=&#8221;2&#8243; top_padding=&#8221;0&#8243; bottom_padding=&#8221;0&#8243; overlay_alpha=&#8221;50&#8243; gutter_size=&#8221;4&#8243; column_width_percent=&#8221;100&#8243; shift_y=&#8221;0&#8243; z_index=&#8221;0&#8243; uncode_shortcode_id=&#8221;122019&#8243; css=&#8221;.vc_custom_1715345476348{padding-top: 50px !important;padding-bottom: 100px !important;}&#8221;][vc_column column_width_percent=&#8221;100&#8243; gutter_size=&#8221;3&#8243; overlay_alpha=&#8221;50&#8243; [&hellip;]\" \/>\n<meta property=\"og:url\" content=\"https:\/\/huretransports.com\/pl\/transport\/wywrotek-do-silosow\/\" \/>\n<meta property=\"og:site_name\" content=\"Hure\" \/>\n<meta property=\"article:modified_time\" content=\"2024-12-02T17:49:13+00:00\" \/>\n<meta property=\"og:image\" content=\"https:\/\/huretransports.com\/wp-content\/uploads\/2024\/10\/new.jpg\" \/>\n\t<meta property=\"og:image:width\" content=\"1900\" \/>\n\t<meta property=\"og:image:height\" content=\"532\" \/>\n\t<meta property=\"og:image:type\" content=\"image\/jpeg\" \/>\n<meta name=\"twitter:card\" content=\"summary_large_image\" \/>\n<meta name=\"twitter:label1\" content=\"Szacowany czas czytania\" \/>\n\t<meta name=\"twitter:data1\" content=\"3 minuty\" \/>\n<script type=\"application\/ld+json\" class=\"yoast-schema-graph\">{\"@context\":\"https:\/\/schema.org\",\"@graph\":[{\"@type\":\"WebPage\",\"@id\":\"https:\/\/huretransports.com\/pl\/transport\/wywrotek-do-silosow\/\",\"url\":\"https:\/\/huretransports.com\/pl\/transport\/wywrotek-do-silosow\/\",\"name\":\"Wywrotek do silos\u00f3w - Hure\",\"isPartOf\":{\"@id\":\"https:\/\/huretransports.com\/pl\/#website\"},\"primaryImageOfPage\":{\"@id\":\"https:\/\/huretransports.com\/pl\/transport\/wywrotek-do-silosow\/#primaryimage\"},\"image\":{\"@id\":\"https:\/\/huretransports.com\/pl\/transport\/wywrotek-do-silosow\/#primaryimage\"},\"thumbnailUrl\":\"https:\/\/huretransports.com\/wp-content\/uploads\/2024\/10\/new.jpg\",\"datePublished\":\"2024-05-09T11:54:22+00:00\",\"dateModified\":\"2024-12-02T17:49:13+00:00\",\"breadcrumb\":{\"@id\":\"https:\/\/huretransports.com\/pl\/transport\/wywrotek-do-silosow\/#breadcrumb\"},\"inLanguage\":\"pl-PL\",\"potentialAction\":[{\"@type\":\"ReadAction\",\"target\":[\"https:\/\/huretransports.com\/pl\/transport\/wywrotek-do-silosow\/\"]}]},{\"@type\":\"ImageObject\",\"inLanguage\":\"pl-PL\",\"@id\":\"https:\/\/huretransports.com\/pl\/transport\/wywrotek-do-silosow\/#primaryimage\",\"url\":\"https:\/\/huretransports.com\/wp-content\/uploads\/2024\/10\/new.jpg\",\"contentUrl\":\"https:\/\/huretransports.com\/wp-content\/uploads\/2024\/10\/new.jpg\",\"width\":1900,\"height\":532},{\"@type\":\"BreadcrumbList\",\"@id\":\"https:\/\/huretransports.com\/pl\/transport\/wywrotek-do-silosow\/#breadcrumb\",\"itemListElement\":[{\"@type\":\"ListItem\",\"position\":1,\"name\":\"Home\",\"item\":\"https:\/\/huretransports.com\/pl\/\"},{\"@type\":\"ListItem\",\"position\":2,\"name\":\"Transport\",\"item\":\"https:\/\/huretransports.com\/pl\/transport\/\"},{\"@type\":\"ListItem\",\"position\":3,\"name\":\"Wywrotek do silos\u00f3w\"}]},{\"@type\":\"WebSite\",\"@id\":\"https:\/\/huretransports.com\/pl\/#website\",\"url\":\"https:\/\/huretransports.com\/pl\/\",\"name\":\"Hure\",\"description\":\"\",\"potentialAction\":[{\"@type\":\"SearchAction\",\"target\":{\"@type\":\"EntryPoint\",\"urlTemplate\":\"https:\/\/huretransports.com\/pl\/?s={search_term_string}\"},\"query-input\":{\"@type\":\"PropertyValueSpecification\",\"valueRequired\":true,\"valueName\":\"search_term_string\"}}],\"inLanguage\":\"pl-PL\"}]}<\/script>\n<!-- \/ Yoast SEO plugin. -->","yoast_head_json":{"title":"Wywrotek do silos\u00f3w - Hure","robots":{"index":"index","follow":"follow","max-snippet":"max-snippet:-1","max-image-preview":"max-image-preview:large","max-video-preview":"max-video-preview:-1"},"canonical":"https:\/\/huretransports.com\/pl\/transport\/wywrotek-do-silosow\/","og_locale":"pl_PL","og_type":"article","og_title":"Wywrotek do silos\u00f3w - Hure","og_description":"[vc_row row_height_percent=&#8221;0&#8243; override_padding=&#8221;yes&#8221; h_padding=&#8221;2&#8243; top_padding=&#8221;0&#8243; bottom_padding=&#8221;0&#8243; overlay_alpha=&#8221;50&#8243; gutter_size=&#8221;4&#8243; column_width_percent=&#8221;100&#8243; shift_y=&#8221;0&#8243; z_index=&#8221;0&#8243; uncode_shortcode_id=&#8221;122019&#8243; css=&#8221;.vc_custom_1715345476348{padding-top: 50px !important;padding-bottom: 100px !important;}&#8221;][vc_column column_width_percent=&#8221;100&#8243; gutter_size=&#8221;3&#8243; overlay_alpha=&#8221;50&#8243; [&hellip;]","og_url":"https:\/\/huretransports.com\/pl\/transport\/wywrotek-do-silosow\/","og_site_name":"Hure","article_modified_time":"2024-12-02T17:49:13+00:00","og_image":[{"width":1900,"height":532,"url":"https:\/\/huretransports.com\/wp-content\/uploads\/2024\/10\/new.jpg","type":"image\/jpeg"}],"twitter_card":"summary_large_image","twitter_misc":{"Szacowany czas czytania":"3 minuty"},"schema":{"@context":"https:\/\/schema.org","@graph":[{"@type":"WebPage","@id":"https:\/\/huretransports.com\/pl\/transport\/wywrotek-do-silosow\/","url":"https:\/\/huretransports.com\/pl\/transport\/wywrotek-do-silosow\/","name":"Wywrotek do silos\u00f3w - Hure","isPartOf":{"@id":"https:\/\/huretransports.com\/pl\/#website"},"primaryImageOfPage":{"@id":"https:\/\/huretransports.com\/pl\/transport\/wywrotek-do-silosow\/#primaryimage"},"image":{"@id":"https:\/\/huretransports.com\/pl\/transport\/wywrotek-do-silosow\/#primaryimage"},"thumbnailUrl":"https:\/\/huretransports.com\/wp-content\/uploads\/2024\/10\/new.jpg","datePublished":"2024-05-09T11:54:22+00:00","dateModified":"2024-12-02T17:49:13+00:00","breadcrumb":{"@id":"https:\/\/huretransports.com\/pl\/transport\/wywrotek-do-silosow\/#breadcrumb"},"inLanguage":"pl-PL","potentialAction":[{"@type":"ReadAction","target":["https:\/\/huretransports.com\/pl\/transport\/wywrotek-do-silosow\/"]}]},{"@type":"ImageObject","inLanguage":"pl-PL","@id":"https:\/\/huretransports.com\/pl\/transport\/wywrotek-do-silosow\/#primaryimage","url":"https:\/\/huretransports.com\/wp-content\/uploads\/2024\/10\/new.jpg","contentUrl":"https:\/\/huretransports.com\/wp-content\/uploads\/2024\/10\/new.jpg","width":1900,"height":532},{"@type":"BreadcrumbList","@id":"https:\/\/huretransports.com\/pl\/transport\/wywrotek-do-silosow\/#breadcrumb","itemListElement":[{"@type":"ListItem","position":1,"name":"Home","item":"https:\/\/huretransports.com\/pl\/"},{"@type":"ListItem","position":2,"name":"Transport","item":"https:\/\/huretransports.com\/pl\/transport\/"},{"@type":"ListItem","position":3,"name":"Wywrotek do silos\u00f3w"}]},{"@type":"WebSite","@id":"https:\/\/huretransports.com\/pl\/#website","url":"https:\/\/huretransports.com\/pl\/","name":"Hure","description":"","potentialAction":[{"@type":"SearchAction","target":{"@type":"EntryPoint","urlTemplate":"https:\/\/huretransports.com\/pl\/?s={search_term_string}"},"query-input":{"@type":"PropertyValueSpecification","valueRequired":true,"valueName":"search_term_string"}}],"inLanguage":"pl-PL"}]}},"_links":{"self":[{"href":"https:\/\/huretransports.com\/pl\/wp-json\/wp\/v2\/pages\/1015","targetHints":{"allow":["GET"]}}],"collection":[{"href":"https:\/\/huretransports.com\/pl\/wp-json\/wp\/v2\/pages"}],"about":[{"href":"https:\/\/huretransports.com\/pl\/wp-json\/wp\/v2\/types\/page"}],"author":[{"embeddable":true,"href":"https:\/\/huretransports.com\/pl\/wp-json\/wp\/v2\/users\/1"}],"replies":[{"embeddable":true,"href":"https:\/\/huretransports.com\/pl\/wp-json\/wp\/v2\/comments?post=1015"}],"version-history":[{"count":3,"href":"https:\/\/huretransports.com\/pl\/wp-json\/wp\/v2\/pages\/1015\/revisions"}],"predecessor-version":[{"id":1273,"href":"https:\/\/huretransports.com\/pl\/wp-json\/wp\/v2\/pages\/1015\/revisions\/1273"}],"up":[{"embeddable":true,"href":"https:\/\/huretransports.com\/pl\/wp-json\/wp\/v2\/pages\/919"}],"wp:featuredmedia":[{"embeddable":true,"href":"https:\/\/huretransports.com\/pl\/wp-json\/wp\/v2\/media\/460"}],"wp:attachment":[{"href":"https:\/\/huretransports.com\/pl\/wp-json\/wp\/v2\/media?parent=1015"}],"curies":[{"name":"wp","href":"https:\/\/api.w.org\/{rel}","templated":true}]}}