{"id":1020,"date":"2024-05-09T11:54:50","date_gmt":"2024-05-09T11:54:50","guid":{"rendered":"https:\/\/huretransports.com\/transport\/taca\/"},"modified":"2024-12-03T15:48:47","modified_gmt":"2024-12-03T15:48:47","slug":"plateau","status":"publish","type":"page","link":"https:\/\/huretransports.com\/pl\/transport\/plateau\/","title":{"rendered":"Plateau"},"content":{"rendered":"<div class=\"wpb-content-wrapper\"><p>[vc_row row_height_percent=&#8221;0&#8243; override_padding=&#8221;yes&#8221; h_padding=&#8221;2&#8243; top_padding=&#8221;0&#8243; bottom_padding=&#8221;0&#8243; overlay_alpha=&#8221;50&#8243; gutter_size=&#8221;4&#8243; column_width_percent=&#8221;100&#8243; shift_y=&#8221;0&#8243; z_index=&#8221;0&#8243; uncode_shortcode_id=&#8221;122019&#8243; css=&#8221;.vc_custom_1715345476348{padding-top: 50px !important;padding-bottom: 100px !important;}&#8221;][vc_column column_width_percent=&#8221;100&#8243; gutter_size=&#8221;3&#8243; overlay_alpha=&#8221;50&#8243; shift_x=&#8221;0&#8243; shift_y=&#8221;0&#8243; shift_y_down=&#8221;0&#8243; z_index=&#8221;0&#8243; medium_width=&#8221;7&#8243; mobile_width=&#8221;0&#8243; width=&#8221;2\/3&#8243; uncode_shortcode_id=&#8221;335085&#8243;][uncode_breadcrumbs separator=&#8221;triangle&#8221;][vc_row_inner row_inner_height_percent=&#8221;0&#8243; overlay_alpha=&#8221;50&#8243; gutter_size=&#8221;3&#8243; shift_y=&#8221;0&#8243; z_index=&#8221;0&#8243; limit_content=&#8221;&#8221; uncode_shortcode_id=&#8221;129249&#8243; css=&#8221;.vc_custom_1715345194913{margin-bottom: 50px !important;}&#8221;][vc_column_inner width=&#8221;1\/1&#8243;][vc_column_text uncode_shortcode_id=&#8221;978505&#8243;]<\/p>\n<h2>Plateau<\/h2>\n<p>Naczepy p\u0142askie maj\u0105 otwarte nadwozie, bez dachu i bok\u00f3w. Naczepy p\u0142askie s\u0105 u\u017cywane do transportu ci\u0119\u017ckich, ponadgabarytowych, szerokich towar\u00f3w, kt\u00f3re nie s\u0105 nara\u017cone na dzia\u0142anie czynnik\u00f3w atmosferycznych, takich jak palety kryte, materia\u0142y budowlane lub sprz\u0119t. P\u0142aski kszta\u0142t nadwozia znacznie u\u0142atwia za\u0142adunek i roz\u0142adunek towar\u00f3w. Towary s\u0105 zabezpieczone pasami w celu zapewnienia bezpiecznego przemieszczania.[\/vc_column_text][\/vc_column_inner][\/vc_row_inner][vc_row_inner row_inner_height_percent=&#8221;0&#8243; overlay_alpha=&#8221;50&#8243; gutter_size=&#8221;3&#8243; shift_y=&#8221;0&#8243; z_index=&#8221;0&#8243; limit_content=&#8221;&#8221; uncode_shortcode_id=&#8221;905698&#8243; css=&#8221;.vc_custom_1715345200142{margin-bottom: 50px !important;}&#8221;][vc_column_inner column_width_percent=&#8221;100&#8243; gutter_size=&#8221;2&#8243; overlay_alpha=&#8221;50&#8243; shift_x=&#8221;0&#8243; shift_y=&#8221;0&#8243; shift_y_down=&#8221;0&#8243; z_index=&#8221;0&#8243; medium_width=&#8221;0&#8243; mobile_width=&#8221;0&#8243; width=&#8221;1\/1&#8243; uncode_shortcode_id=&#8221;787121&#8243;][vc_column_text uncode_shortcode_id=&#8221;136135&#8243;]<\/p>\n<h2>Do transportu<\/h2>\n<p>[\/vc_column_text][vc_icon position=&#8221;left&#8221; space_reduced=&#8221;yes&#8221; title_aligned_icon=&#8221;yes&#8221; icon=&#8221;fa fa-check&#8221; icon_color=&#8221;accent&#8221; size=&#8221;fa-2x&#8221; uncode_shortcode_id=&#8221;200495&#8243; title=&#8221;Og\u00f3lne&#8221; icon_color_type=&#8221;uncode-palette&#8221;]Wszystkie rodzaje palet &#8211; Materia\u0142y budowlane &#8211; Sprz\u0119t budowlany[\/vc_icon][\/vc_column_inner][\/vc_row_inner][vc_row_inner row_inner_height_percent=&#8221;0&#8243; back_color=&#8221;color-393642&#8243; overlay_alpha=&#8221;50&#8243; gutter_size=&#8221;3&#8243; shift_y=&#8221;0&#8243; z_index=&#8221;0&#8243; uncode_shortcode_id=&#8221;143586&#8243; back_color_type=&#8221;uncode-palette&#8221; limit_content=&#8221;&#8221; css=&#8221;.vc_custom_1715359788874{padding-top: 50px !important;padding-right: 25px !important;padding-bottom: 50px !important;padding-left: 25px !important;}&#8221;][vc_column_inner column_width_percent=&#8221;100&#8243; position_horizontal=&#8221;left&#8221; position_vertical=&#8221;middle&#8221; align_horizontal=&#8221;align_center&#8221; gutter_size=&#8221;0&#8243; overlay_alpha=&#8221;50&#8243; shift_x=&#8221;0&#8243; shift_y=&#8221;0&#8243; shift_y_down=&#8221;0&#8243; z_index=&#8221;0&#8243; align_medium=&#8221;align_left_tablet&#8221; medium_width=&#8221;0&#8243; align_mobile=&#8221;align_left_mobile&#8221; mobile_width=&#8221;0&#8243; width=&#8221;1\/2&#8243; uncode_shortcode_id=&#8221;228778&#8243;][vc_column_text uncode_shortcode_id=&#8221;230448&#8243;]<img decoding=\"async\" class=\"alignnone wp-image-304\" src=\"https:\/\/huretransports.com\/wp-content\/uploads\/2024\/05\/plateau-1.png\" alt=\"\" width=\"250\" height=\"98\" srcset=\"https:\/\/huretransports.com\/wp-content\/uploads\/2024\/05\/plateau-1.png 400w, https:\/\/huretransports.com\/wp-content\/uploads\/2024\/05\/plateau-1-300x118.png 300w, https:\/\/huretransports.com\/wp-content\/uploads\/2024\/05\/plateau-1-350x137.png 350w\" sizes=\"(max-width: 250px) 100vw, 250px\" \/>[\/vc_column_text][\/vc_column_inner][vc_column_inner column_width_percent=&#8221;100&#8243; gutter_size=&#8221;0&#8243; overlay_alpha=&#8221;50&#8243; shift_x=&#8221;0&#8243; shift_y=&#8221;0&#8243; shift_y_down=&#8221;0&#8243; z_index=&#8221;0&#8243; medium_width=&#8221;0&#8243; mobile_width=&#8221;0&#8243; width=&#8221;1\/2&#8243; uncode_shortcode_id=&#8221;517091&#8243;][vc_column_text uncode_shortcode_id=&#8221;755715&#8243;]<\/p>\n<h2>Informacje techniczne<\/h2>\n<p>[\/vc_column_text][uncode_list icon=&#8221;fa fa-circle-check&#8221; icon_color=&#8221;accent&#8221; uncode_shortcode_id=&#8221;418251&#8243; icon_color_type=&#8221;uncode-palette&#8221;]<\/p>\n<ul>\n<li>\u0141adowno\u015b\u0107: 26-30 ton<\/li>\n<li>Wymiary: 2m50 x 13m60<\/li>\n<\/ul>\n<p>[\/uncode_list][\/vc_column_inner][\/vc_row_inner][\/vc_column][vc_column column_width_percent=&#8221;100&#8243; gutter_size=&#8221;3&#8243; overlay_alpha=&#8221;50&#8243; shift_x=&#8221;0&#8243; shift_y=&#8221;0&#8243; shift_y_down=&#8221;0&#8243; z_index=&#8221;0&#8243; medium_width=&#8221;7&#8243; mobile_width=&#8221;0&#8243; width=&#8221;1\/3&#8243; uncode_shortcode_id=&#8221;167658&#8243; el_class=&#8221;sidebar_shifted&#8221;][uncode_block id=&#8221;75&#8243; inside_column=&#8221;yes&#8221;][\/vc_column][\/vc_row]<\/p>\n<\/div>","protected":false},"excerpt":{"rendered":"<p>[vc_row row_height_percent=&#8221;0&#8243; override_padding=&#8221;yes&#8221; h_padding=&#8221;2&#8243; top_padding=&#8221;0&#8243; bottom_padding=&#8221;0&#8243; overlay_alpha=&#8221;50&#8243; gutter_size=&#8221;4&#8243; column_width_percent=&#8221;100&#8243; shift_y=&#8221;0&#8243; z_index=&#8221;0&#8243; uncode_shortcode_id=&#8221;122019&#8243; css=&#8221;.vc_custom_1715345476348{padding-top: 50px !important;padding-bottom: 100px !important;}&#8221;][vc_column column_width_percent=&#8221;100&#8243; gutter_size=&#8221;3&#8243; overlay_alpha=&#8221;50&#8243; [&hellip;]<\/p>\n","protected":false},"author":1,"featured_media":456,"parent":919,"menu_order":0,"comment_status":"closed","ping_status":"closed","template":"","meta":{"footnotes":""},"class_list":["post-1020","page","type-page","status-publish","has-post-thumbnail","hentry"],"yoast_head":"<!-- This site is optimized with the Yoast SEO plugin v27.0 - https:\/\/yoast.com\/product\/yoast-seo-wordpress\/ -->\n<title>Plateau - Hure<\/title>\n<meta name=\"robots\" content=\"index, follow, max-snippet:-1, max-image-preview:large, max-video-preview:-1\" \/>\n<link rel=\"canonical\" href=\"https:\/\/huretransports.com\/pl\/transport\/plateau\/\" \/>\n<meta property=\"og:locale\" content=\"pl_PL\" \/>\n<meta property=\"og:type\" content=\"article\" \/>\n<meta property=\"og:title\" content=\"Plateau - Hure\" \/>\n<meta property=\"og:description\" content=\"[vc_row row_height_percent=&#8221;0&#8243; override_padding=&#8221;yes&#8221; h_padding=&#8221;2&#8243; top_padding=&#8221;0&#8243; bottom_padding=&#8221;0&#8243; overlay_alpha=&#8221;50&#8243; gutter_size=&#8221;4&#8243; column_width_percent=&#8221;100&#8243; shift_y=&#8221;0&#8243; z_index=&#8221;0&#8243; uncode_shortcode_id=&#8221;122019&#8243; css=&#8221;.vc_custom_1715345476348{padding-top: 50px !important;padding-bottom: 100px !important;}&#8221;][vc_column column_width_percent=&#8221;100&#8243; gutter_size=&#8221;3&#8243; overlay_alpha=&#8221;50&#8243; [&hellip;]\" \/>\n<meta property=\"og:url\" content=\"https:\/\/huretransports.com\/pl\/transport\/plateau\/\" \/>\n<meta property=\"og:site_name\" content=\"Hure\" \/>\n<meta property=\"article:modified_time\" content=\"2024-12-03T15:48:47+00:00\" \/>\n<meta property=\"og:image\" content=\"https:\/\/huretransports.com\/wp-content\/uploads\/2024\/10\/header22.jpg\" \/>\n\t<meta property=\"og:image:width\" content=\"1900\" \/>\n\t<meta property=\"og:image:height\" content=\"532\" \/>\n\t<meta property=\"og:image:type\" content=\"image\/jpeg\" \/>\n<meta name=\"twitter:card\" content=\"summary_large_image\" \/>\n<meta name=\"twitter:label1\" content=\"Szacowany czas czytania\" \/>\n\t<meta name=\"twitter:data1\" content=\"2 minuty\" \/>\n<script type=\"application\/ld+json\" class=\"yoast-schema-graph\">{\"@context\":\"https:\/\/schema.org\",\"@graph\":[{\"@type\":\"WebPage\",\"@id\":\"https:\/\/huretransports.com\/pl\/transport\/plateau\/\",\"url\":\"https:\/\/huretransports.com\/pl\/transport\/plateau\/\",\"name\":\"Plateau - Hure\",\"isPartOf\":{\"@id\":\"https:\/\/huretransports.com\/pl\/#website\"},\"primaryImageOfPage\":{\"@id\":\"https:\/\/huretransports.com\/pl\/transport\/plateau\/#primaryimage\"},\"image\":{\"@id\":\"https:\/\/huretransports.com\/pl\/transport\/plateau\/#primaryimage\"},\"thumbnailUrl\":\"https:\/\/huretransports.com\/wp-content\/uploads\/2024\/10\/header22.jpg\",\"datePublished\":\"2024-05-09T11:54:50+00:00\",\"dateModified\":\"2024-12-03T15:48:47+00:00\",\"breadcrumb\":{\"@id\":\"https:\/\/huretransports.com\/pl\/transport\/plateau\/#breadcrumb\"},\"inLanguage\":\"pl-PL\",\"potentialAction\":[{\"@type\":\"ReadAction\",\"target\":[\"https:\/\/huretransports.com\/pl\/transport\/plateau\/\"]}]},{\"@type\":\"ImageObject\",\"inLanguage\":\"pl-PL\",\"@id\":\"https:\/\/huretransports.com\/pl\/transport\/plateau\/#primaryimage\",\"url\":\"https:\/\/huretransports.com\/wp-content\/uploads\/2024\/10\/header22.jpg\",\"contentUrl\":\"https:\/\/huretransports.com\/wp-content\/uploads\/2024\/10\/header22.jpg\",\"width\":1900,\"height\":532},{\"@type\":\"BreadcrumbList\",\"@id\":\"https:\/\/huretransports.com\/pl\/transport\/plateau\/#breadcrumb\",\"itemListElement\":[{\"@type\":\"ListItem\",\"position\":1,\"name\":\"Home\",\"item\":\"https:\/\/huretransports.com\/pl\/\"},{\"@type\":\"ListItem\",\"position\":2,\"name\":\"Transport\",\"item\":\"https:\/\/huretransports.com\/pl\/transport\/\"},{\"@type\":\"ListItem\",\"position\":3,\"name\":\"Plateau\"}]},{\"@type\":\"WebSite\",\"@id\":\"https:\/\/huretransports.com\/pl\/#website\",\"url\":\"https:\/\/huretransports.com\/pl\/\",\"name\":\"Hure\",\"description\":\"\",\"potentialAction\":[{\"@type\":\"SearchAction\",\"target\":{\"@type\":\"EntryPoint\",\"urlTemplate\":\"https:\/\/huretransports.com\/pl\/?s={search_term_string}\"},\"query-input\":{\"@type\":\"PropertyValueSpecification\",\"valueRequired\":true,\"valueName\":\"search_term_string\"}}],\"inLanguage\":\"pl-PL\"}]}<\/script>\n<!-- \/ Yoast SEO plugin. -->","yoast_head_json":{"title":"Plateau - Hure","robots":{"index":"index","follow":"follow","max-snippet":"max-snippet:-1","max-image-preview":"max-image-preview:large","max-video-preview":"max-video-preview:-1"},"canonical":"https:\/\/huretransports.com\/pl\/transport\/plateau\/","og_locale":"pl_PL","og_type":"article","og_title":"Plateau - Hure","og_description":"[vc_row row_height_percent=&#8221;0&#8243; override_padding=&#8221;yes&#8221; h_padding=&#8221;2&#8243; top_padding=&#8221;0&#8243; bottom_padding=&#8221;0&#8243; overlay_alpha=&#8221;50&#8243; gutter_size=&#8221;4&#8243; column_width_percent=&#8221;100&#8243; shift_y=&#8221;0&#8243; z_index=&#8221;0&#8243; uncode_shortcode_id=&#8221;122019&#8243; css=&#8221;.vc_custom_1715345476348{padding-top: 50px !important;padding-bottom: 100px !important;}&#8221;][vc_column column_width_percent=&#8221;100&#8243; gutter_size=&#8221;3&#8243; overlay_alpha=&#8221;50&#8243; [&hellip;]","og_url":"https:\/\/huretransports.com\/pl\/transport\/plateau\/","og_site_name":"Hure","article_modified_time":"2024-12-03T15:48:47+00:00","og_image":[{"width":1900,"height":532,"url":"https:\/\/huretransports.com\/wp-content\/uploads\/2024\/10\/header22.jpg","type":"image\/jpeg"}],"twitter_card":"summary_large_image","twitter_misc":{"Szacowany czas czytania":"2 minuty"},"schema":{"@context":"https:\/\/schema.org","@graph":[{"@type":"WebPage","@id":"https:\/\/huretransports.com\/pl\/transport\/plateau\/","url":"https:\/\/huretransports.com\/pl\/transport\/plateau\/","name":"Plateau - Hure","isPartOf":{"@id":"https:\/\/huretransports.com\/pl\/#website"},"primaryImageOfPage":{"@id":"https:\/\/huretransports.com\/pl\/transport\/plateau\/#primaryimage"},"image":{"@id":"https:\/\/huretransports.com\/pl\/transport\/plateau\/#primaryimage"},"thumbnailUrl":"https:\/\/huretransports.com\/wp-content\/uploads\/2024\/10\/header22.jpg","datePublished":"2024-05-09T11:54:50+00:00","dateModified":"2024-12-03T15:48:47+00:00","breadcrumb":{"@id":"https:\/\/huretransports.com\/pl\/transport\/plateau\/#breadcrumb"},"inLanguage":"pl-PL","potentialAction":[{"@type":"ReadAction","target":["https:\/\/huretransports.com\/pl\/transport\/plateau\/"]}]},{"@type":"ImageObject","inLanguage":"pl-PL","@id":"https:\/\/huretransports.com\/pl\/transport\/plateau\/#primaryimage","url":"https:\/\/huretransports.com\/wp-content\/uploads\/2024\/10\/header22.jpg","contentUrl":"https:\/\/huretransports.com\/wp-content\/uploads\/2024\/10\/header22.jpg","width":1900,"height":532},{"@type":"BreadcrumbList","@id":"https:\/\/huretransports.com\/pl\/transport\/plateau\/#breadcrumb","itemListElement":[{"@type":"ListItem","position":1,"name":"Home","item":"https:\/\/huretransports.com\/pl\/"},{"@type":"ListItem","position":2,"name":"Transport","item":"https:\/\/huretransports.com\/pl\/transport\/"},{"@type":"ListItem","position":3,"name":"Plateau"}]},{"@type":"WebSite","@id":"https:\/\/huretransports.com\/pl\/#website","url":"https:\/\/huretransports.com\/pl\/","name":"Hure","description":"","potentialAction":[{"@type":"SearchAction","target":{"@type":"EntryPoint","urlTemplate":"https:\/\/huretransports.com\/pl\/?s={search_term_string}"},"query-input":{"@type":"PropertyValueSpecification","valueRequired":true,"valueName":"search_term_string"}}],"inLanguage":"pl-PL"}]}},"_links":{"self":[{"href":"https:\/\/huretransports.com\/pl\/wp-json\/wp\/v2\/pages\/1020","targetHints":{"allow":["GET"]}}],"collection":[{"href":"https:\/\/huretransports.com\/pl\/wp-json\/wp\/v2\/pages"}],"about":[{"href":"https:\/\/huretransports.com\/pl\/wp-json\/wp\/v2\/types\/page"}],"author":[{"embeddable":true,"href":"https:\/\/huretransports.com\/pl\/wp-json\/wp\/v2\/users\/1"}],"replies":[{"embeddable":true,"href":"https:\/\/huretransports.com\/pl\/wp-json\/wp\/v2\/comments?post=1020"}],"version-history":[{"count":4,"href":"https:\/\/huretransports.com\/pl\/wp-json\/wp\/v2\/pages\/1020\/revisions"}],"predecessor-version":[{"id":1343,"href":"https:\/\/huretransports.com\/pl\/wp-json\/wp\/v2\/pages\/1020\/revisions\/1343"}],"up":[{"embeddable":true,"href":"https:\/\/huretransports.com\/pl\/wp-json\/wp\/v2\/pages\/919"}],"wp:featuredmedia":[{"embeddable":true,"href":"https:\/\/huretransports.com\/pl\/wp-json\/wp\/v2\/media\/456"}],"wp:attachment":[{"href":"https:\/\/huretransports.com\/pl\/wp-json\/wp\/v2\/media?parent=1020"}],"curies":[{"name":"wp","href":"https:\/\/api.w.org\/{rel}","templated":true}]}}