{"id":1075,"date":"2024-10-30T12:52:27","date_gmt":"2024-10-30T12:52:27","guid":{"rendered":"https:\/\/huretransports.com\/transport\/ladowarka-dzwig\/"},"modified":"2024-11-26T20:21:01","modified_gmt":"2024-11-26T20:21:01","slug":"ladowarka-dzwig","status":"publish","type":"page","link":"https:\/\/huretransports.com\/pl\/transport\/ladowarka-dzwig\/","title":{"rendered":"\u0141adowarka \/ d\u017awig"},"content":{"rendered":"<div class=\"wpb-content-wrapper\"><p>[vc_row row_height_percent=&#8221;0&#8243; override_padding=&#8221;yes&#8221; h_padding=&#8221;2&#8243; top_padding=&#8221;0&#8243; bottom_padding=&#8221;0&#8243; overlay_alpha=&#8221;50&#8243; gutter_size=&#8221;4&#8243; column_width_percent=&#8221;100&#8243; shift_y=&#8221;0&#8243; z_index=&#8221;0&#8243; uncode_shortcode_id=&#8221;122019&#8243; css=&#8221;.vc_custom_1715345476348{padding-top: 50px !important;padding-bottom: 100px !important;}&#8221;][vc_column column_width_percent=&#8221;100&#8243; gutter_size=&#8221;3&#8243; overlay_alpha=&#8221;50&#8243; shift_x=&#8221;0&#8243; shift_y=&#8221;0&#8243; shift_y_down=&#8221;0&#8243; z_index=&#8221;0&#8243; medium_width=&#8221;7&#8243; mobile_width=&#8221;0&#8243; width=&#8221;2\/3&#8243; uncode_shortcode_id=&#8221;335085&#8243;][uncode_breadcrumbs separator=&#8221;triangle&#8221;][vc_row_inner row_inner_height_percent=&#8221;0&#8243; overlay_alpha=&#8221;50&#8243; gutter_size=&#8221;3&#8243; shift_y=&#8221;0&#8243; z_index=&#8221;0&#8243; limit_content=&#8221;&#8221; uncode_shortcode_id=&#8221;129249&#8243; css=&#8221;.vc_custom_1715345194913{margin-bottom: 50px !important;}&#8221;][vc_column_inner width=&#8221;1\/1&#8243;][vc_column_text uncode_shortcode_id=&#8221;157652&#8243;]<\/p>\n<h2>\u0141adowarki<\/h2>\n<p>\u0141adowarki ko\u0142owe s\u0105 u\u017cywane g\u0142\u00f3wnie na platformach naszych klient\u00f3w.<br \/>  S\u0105 one w stanie szybko transportowa\u0107 i przenosi\u0107 znaczne ilo\u015bci materia\u0142\u00f3w.<\/p>\n<p>Nasza firma posiada 3 \u0142adowarki z 2 r\u00f3\u017cnymi osprz\u0119tami:<\/p>\n<ul>\n<li>\u0141y\u017cka wysypowa GHD: \u0141y\u017cka ma du\u017c\u0105 pojemno\u015b\u0107 do przenoszenia materia\u0142\u00f3w o niskiej g\u0119sto\u015bci, takich jak kompost, szlam, odpady, w\u0119giel itp. Oferuje wi\u0119ksz\u0105 wysoko\u015b\u0107 wysypu dzi\u0119ki zintegrowanemu mechanizmowi przechy\u0142u i zapewnia dodatkow\u0105 wysoko\u015b\u0107 potrzebn\u0105 do dosi\u0119gni\u0119cia pojemnik\u00f3w o du\u017cej pojemno\u015bci.<\/li>\n<li><span style=\"font-family: -apple-system, BlinkMacSystemFont, 'Segoe UI', Roboto, Oxygen-Sans, Ubuntu, Cantarell, 'Helvetica Neue', sans-serif;\">Wid\u0142y: Wid\u0142y to narz\u0119dzia u\u017cywane do transportu materia\u0142\u00f3w takich jak kompost, szlam i odpady z obszaru A do obszaru B.<\/span><\/li>\n<\/ul>\n<p>Pozytywna reakcja jest naszym priorytetem, a \u0142adowarka z \u0142y\u017ck\u0105 jest dost\u0119pna przez ca\u0142y rok dla wszystkich zg\u0142osze\u0144.[\/vc_column_text][\/vc_column_inner][\/vc_row_inner][vc_row_inner row_inner_height_percent=&#8221;0&#8243; back_color=&#8221;color-393642&#8243; overlay_alpha=&#8221;50&#8243; gutter_size=&#8221;3&#8243; shift_y=&#8221;0&#8243; z_index=&#8221;0&#8243; uncode_shortcode_id=&#8221;143586&#8243; back_color_type=&#8221;uncode-palette&#8221; limit_content=&#8221;&#8221; css=&#8221;.vc_custom_1715359788874{padding-top: 50px !important;padding-right: 25px !important;padding-bottom: 50px !important;padding-left: 25px !important;}&#8221;][vc_column_inner column_width_percent=&#8221;100&#8243; position_horizontal=&#8221;left&#8221; position_vertical=&#8221;middle&#8221; align_horizontal=&#8221;align_center&#8221; gutter_size=&#8221;0&#8243; overlay_alpha=&#8221;50&#8243; shift_x=&#8221;0&#8243; shift_y=&#8221;0&#8243; shift_y_down=&#8221;0&#8243; z_index=&#8221;0&#8243; align_medium=&#8221;align_left_tablet&#8221; medium_width=&#8221;0&#8243; align_mobile=&#8221;align_left_mobile&#8221; mobile_width=&#8221;0&#8243; width=&#8221;1\/2&#8243; uncode_shortcode_id=&#8221;228778&#8243;][vc_column_text uncode_shortcode_id=&#8221;178680&#8243;]<img decoding=\"async\" class=\"alignnone wp-image-305\" src=\"https:\/\/huretransports.com\/wp-content\/uploads\/2024\/10\/bull.png\" alt=\"\" width=\"250\" height=\"98\">[\/vc_column_text][\/vc_column_inner][vc_column_inner column_width_percent=&#8221;100&#8243; gutter_size=&#8221;0&#8243; overlay_alpha=&#8221;50&#8243; shift_x=&#8221;0&#8243; shift_y=&#8221;0&#8243; shift_y_down=&#8221;0&#8243; z_index=&#8221;0&#8243; medium_width=&#8221;0&#8243; mobile_width=&#8221;0&#8243; width=&#8221;1\/2&#8243; uncode_shortcode_id=&#8221;517091&#8243;][vc_column_text uncode_shortcode_id=&#8221;509847&#8243;]<\/p>\n<h2>Informacje techniczne<\/h2>\n<p>[\/vc_column_text][uncode_list icon=&#8221;fa fa-circle-check&#8221; icon_color=&#8221;accent&#8221; uncode_shortcode_id=&#8221;926317&#8243; icon_color_type=&#8221;uncode-palette&#8221;]<\/p>\n<ul>\n<li>15-tonowa \u0142adowarka<\/li>\n<li>\u0141y\u017cki i wid\u0142y do opr\u00f3\u017cniania<\/li>\n<\/ul>\n<p>[\/uncode_list][\/vc_column_inner][\/vc_row_inner][vc_row_inner row_inner_height_percent=&#8221;0&#8243; overlay_alpha=&#8221;50&#8243; gutter_size=&#8221;3&#8243; shift_y=&#8221;0&#8243; z_index=&#8221;0&#8243; limit_content=&#8221;&#8221; uncode_shortcode_id=&#8221;189175&#8243; css=&#8221;.vc_custom_1730294589357{margin-top: 100px !important;margin-bottom: 50px !important;}&#8221; shape_dividers=&#8221;&#8221;][vc_column_inner width=&#8221;1\/1&#8243;][vc_column_text uncode_shortcode_id=&#8221;180326&#8243;]<\/p>\n<h2>\u017buraw<\/h2>\n<p>Ko\u0142owy w\u00f3zek wid\u0142owy jest u\u017cywany wsz\u0119dzie tam, gdzie trzeba przemieszcza\u0107 du\u017ce ilo\u015bci materia\u0142\u00f3w.<br \/>  Jedn\u0105 z jego kluczowych cech jest wysoka no\u015bno\u015b\u0107<\/p>\n<p>Jest przeznaczony do prac prze\u0142adunkowych, uk\u0142adania stos\u00f3w, za\u0142adunku i roz\u0142adunku barek itp. &#8230;.<\/p>\n<p>Zasi\u0119g 15,5 m zapewnia szeroki zakres roboczy.<\/p>\n<p>Nasze koparki korzystaj\u0105 z nowego sprz\u0119tu i technologii zapewniaj\u0105cych wydajno\u015b\u0107, produktywno\u015b\u0107 i niezawodno\u015b\u0107, a tak\u017ce komfort i bezpiecze\u0144stwo operatora.[\/vc_column_text][\/vc_column_inner][\/vc_row_inner][vc_row_inner row_inner_height_percent=&#8221;0&#8243; back_color=&#8221;color-393642&#8243; overlay_alpha=&#8221;50&#8243; gutter_size=&#8221;3&#8243; shift_y=&#8221;0&#8243; z_index=&#8221;0&#8243; uncode_shortcode_id=&#8221;143586&#8243; back_color_type=&#8221;uncode-palette&#8221; limit_content=&#8221;&#8221; css=&#8221;.vc_custom_1715359788874{padding-top: 50px !important;padding-right: 25px !important;padding-bottom: 50px !important;padding-left: 25px !important;}&#8221;][vc_column_inner column_width_percent=&#8221;100&#8243; position_horizontal=&#8221;left&#8221; position_vertical=&#8221;middle&#8221; align_horizontal=&#8221;align_center&#8221; gutter_size=&#8221;0&#8243; overlay_alpha=&#8221;50&#8243; shift_x=&#8221;0&#8243; shift_y=&#8221;0&#8243; shift_y_down=&#8221;0&#8243; z_index=&#8221;0&#8243; align_medium=&#8221;align_left_tablet&#8221; medium_width=&#8221;0&#8243; align_mobile=&#8221;align_left_mobile&#8221; mobile_width=&#8221;0&#8243; width=&#8221;1\/2&#8243; uncode_shortcode_id=&#8221;228778&#8243;][vc_column_text uncode_shortcode_id=&#8221;403197&#8243;]<img decoding=\"async\" class=\"alignnone wp-image-305\" src=\"https:\/\/huretransports.com\/wp-content\/uploads\/2024\/10\/kraan.png\" alt=\"\" width=\"250\" height=\"98\">[\/vc_column_text][\/vc_column_inner][vc_column_inner column_width_percent=&#8221;100&#8243; gutter_size=&#8221;0&#8243; overlay_alpha=&#8221;50&#8243; shift_x=&#8221;0&#8243; shift_y=&#8221;0&#8243; shift_y_down=&#8221;0&#8243; z_index=&#8221;0&#8243; medium_width=&#8221;0&#8243; mobile_width=&#8221;0&#8243; width=&#8221;1\/2&#8243; uncode_shortcode_id=&#8221;517091&#8243;][vc_column_text uncode_shortcode_id=&#8221;509847&#8243;]<\/p>\n<h2>Informacje techniczne<\/h2>\n<p>[\/vc_column_text][uncode_list icon=&#8221;fa fa-circle-check&#8221; icon_color=&#8221;accent&#8221; uncode_shortcode_id=&#8221;149513&#8243; icon_color_type=&#8221;uncode-palette&#8221;]<\/p>\n<ul>\n<li>38-tonowa koparka<\/li>\n<li>Strza\u0142ka 15m5<\/li>\n<li>Technologia telematyczna<\/li>\n<li>Bezpieczna kabina<\/li>\n<\/ul>\n<p>[\/uncode_list][\/vc_column_inner][\/vc_row_inner][\/vc_column][vc_column column_width_percent=&#8221;100&#8243; gutter_size=&#8221;3&#8243; overlay_alpha=&#8221;50&#8243; shift_x=&#8221;0&#8243; shift_y=&#8221;0&#8243; shift_y_down=&#8221;0&#8243; z_index=&#8221;0&#8243; medium_width=&#8221;7&#8243; mobile_width=&#8221;0&#8243; width=&#8221;1\/3&#8243; uncode_shortcode_id=&#8221;167658&#8243; el_class=&#8221;sidebar_shifted&#8221;][uncode_block id=&#8221;75&#8243; inside_column=&#8221;yes&#8221;][\/vc_column][\/vc_row]<\/p>\n<\/div>","protected":false},"excerpt":{"rendered":"<p>[vc_row row_height_percent=&#8221;0&#8243; override_padding=&#8221;yes&#8221; h_padding=&#8221;2&#8243; top_padding=&#8221;0&#8243; bottom_padding=&#8221;0&#8243; overlay_alpha=&#8221;50&#8243; gutter_size=&#8221;4&#8243; column_width_percent=&#8221;100&#8243; shift_y=&#8221;0&#8243; z_index=&#8221;0&#8243; uncode_shortcode_id=&#8221;122019&#8243; css=&#8221;.vc_custom_1715345476348{padding-top: 50px !important;padding-bottom: 100px !important;}&#8221;][vc_column column_width_percent=&#8221;100&#8243; gutter_size=&#8221;3&#8243; overlay_alpha=&#8221;50&#8243; [&hellip;]<\/p>\n","protected":false},"author":1,"featured_media":454,"parent":919,"menu_order":0,"comment_status":"closed","ping_status":"closed","template":"","meta":{"footnotes":""},"class_list":["post-1075","page","type-page","status-publish","has-post-thumbnail","hentry"],"yoast_head":"<!-- This site is optimized with the Yoast SEO plugin v27.0 - https:\/\/yoast.com\/product\/yoast-seo-wordpress\/ -->\n<title>\u0141adowarka \/ d\u017awig - Hure<\/title>\n<meta name=\"robots\" content=\"index, follow, max-snippet:-1, max-image-preview:large, max-video-preview:-1\" \/>\n<link rel=\"canonical\" href=\"https:\/\/huretransports.com\/pl\/transport\/ladowarka-dzwig\/\" \/>\n<meta property=\"og:locale\" content=\"pl_PL\" \/>\n<meta property=\"og:type\" content=\"article\" \/>\n<meta property=\"og:title\" content=\"\u0141adowarka \/ d\u017awig - Hure\" \/>\n<meta property=\"og:description\" content=\"[vc_row row_height_percent=&#8221;0&#8243; override_padding=&#8221;yes&#8221; h_padding=&#8221;2&#8243; top_padding=&#8221;0&#8243; bottom_padding=&#8221;0&#8243; overlay_alpha=&#8221;50&#8243; gutter_size=&#8221;4&#8243; column_width_percent=&#8221;100&#8243; shift_y=&#8221;0&#8243; z_index=&#8221;0&#8243; uncode_shortcode_id=&#8221;122019&#8243; css=&#8221;.vc_custom_1715345476348{padding-top: 50px !important;padding-bottom: 100px !important;}&#8221;][vc_column column_width_percent=&#8221;100&#8243; gutter_size=&#8221;3&#8243; overlay_alpha=&#8221;50&#8243; [&hellip;]\" \/>\n<meta property=\"og:url\" content=\"https:\/\/huretransports.com\/pl\/transport\/ladowarka-dzwig\/\" \/>\n<meta property=\"og:site_name\" content=\"Hure\" \/>\n<meta property=\"article:modified_time\" content=\"2024-11-26T20:21:01+00:00\" \/>\n<meta property=\"og:image\" content=\"https:\/\/huretransports.com\/wp-content\/uploads\/2024\/10\/grue.jpg\" \/>\n\t<meta property=\"og:image:width\" content=\"1900\" \/>\n\t<meta property=\"og:image:height\" content=\"532\" \/>\n\t<meta property=\"og:image:type\" content=\"image\/jpeg\" \/>\n<meta name=\"twitter:card\" content=\"summary_large_image\" \/>\n<meta name=\"twitter:label1\" content=\"Szacowany czas czytania\" \/>\n\t<meta name=\"twitter:data1\" content=\"4 minuty\" \/>\n<script type=\"application\/ld+json\" class=\"yoast-schema-graph\">{\"@context\":\"https:\/\/schema.org\",\"@graph\":[{\"@type\":\"WebPage\",\"@id\":\"https:\/\/huretransports.com\/pl\/transport\/ladowarka-dzwig\/\",\"url\":\"https:\/\/huretransports.com\/pl\/transport\/ladowarka-dzwig\/\",\"name\":\"\u0141adowarka \/ d\u017awig - Hure\",\"isPartOf\":{\"@id\":\"https:\/\/huretransports.com\/pl\/#website\"},\"primaryImageOfPage\":{\"@id\":\"https:\/\/huretransports.com\/pl\/transport\/ladowarka-dzwig\/#primaryimage\"},\"image\":{\"@id\":\"https:\/\/huretransports.com\/pl\/transport\/ladowarka-dzwig\/#primaryimage\"},\"thumbnailUrl\":\"https:\/\/huretransports.com\/wp-content\/uploads\/2024\/10\/grue.jpg\",\"datePublished\":\"2024-10-30T12:52:27+00:00\",\"dateModified\":\"2024-11-26T20:21:01+00:00\",\"breadcrumb\":{\"@id\":\"https:\/\/huretransports.com\/pl\/transport\/ladowarka-dzwig\/#breadcrumb\"},\"inLanguage\":\"pl-PL\",\"potentialAction\":[{\"@type\":\"ReadAction\",\"target\":[\"https:\/\/huretransports.com\/pl\/transport\/ladowarka-dzwig\/\"]}]},{\"@type\":\"ImageObject\",\"inLanguage\":\"pl-PL\",\"@id\":\"https:\/\/huretransports.com\/pl\/transport\/ladowarka-dzwig\/#primaryimage\",\"url\":\"https:\/\/huretransports.com\/wp-content\/uploads\/2024\/10\/grue.jpg\",\"contentUrl\":\"https:\/\/huretransports.com\/wp-content\/uploads\/2024\/10\/grue.jpg\",\"width\":1900,\"height\":532},{\"@type\":\"BreadcrumbList\",\"@id\":\"https:\/\/huretransports.com\/pl\/transport\/ladowarka-dzwig\/#breadcrumb\",\"itemListElement\":[{\"@type\":\"ListItem\",\"position\":1,\"name\":\"Home\",\"item\":\"https:\/\/huretransports.com\/pl\/\"},{\"@type\":\"ListItem\",\"position\":2,\"name\":\"Transport\",\"item\":\"https:\/\/huretransports.com\/pl\/transport\/\"},{\"@type\":\"ListItem\",\"position\":3,\"name\":\"\u0141adowarka \/ d\u017awig\"}]},{\"@type\":\"WebSite\",\"@id\":\"https:\/\/huretransports.com\/pl\/#website\",\"url\":\"https:\/\/huretransports.com\/pl\/\",\"name\":\"Hure\",\"description\":\"\",\"potentialAction\":[{\"@type\":\"SearchAction\",\"target\":{\"@type\":\"EntryPoint\",\"urlTemplate\":\"https:\/\/huretransports.com\/pl\/?s={search_term_string}\"},\"query-input\":{\"@type\":\"PropertyValueSpecification\",\"valueRequired\":true,\"valueName\":\"search_term_string\"}}],\"inLanguage\":\"pl-PL\"}]}<\/script>\n<!-- \/ Yoast SEO plugin. -->","yoast_head_json":{"title":"\u0141adowarka \/ d\u017awig - Hure","robots":{"index":"index","follow":"follow","max-snippet":"max-snippet:-1","max-image-preview":"max-image-preview:large","max-video-preview":"max-video-preview:-1"},"canonical":"https:\/\/huretransports.com\/pl\/transport\/ladowarka-dzwig\/","og_locale":"pl_PL","og_type":"article","og_title":"\u0141adowarka \/ d\u017awig - Hure","og_description":"[vc_row row_height_percent=&#8221;0&#8243; override_padding=&#8221;yes&#8221; h_padding=&#8221;2&#8243; top_padding=&#8221;0&#8243; bottom_padding=&#8221;0&#8243; overlay_alpha=&#8221;50&#8243; gutter_size=&#8221;4&#8243; column_width_percent=&#8221;100&#8243; shift_y=&#8221;0&#8243; z_index=&#8221;0&#8243; uncode_shortcode_id=&#8221;122019&#8243; css=&#8221;.vc_custom_1715345476348{padding-top: 50px !important;padding-bottom: 100px !important;}&#8221;][vc_column column_width_percent=&#8221;100&#8243; gutter_size=&#8221;3&#8243; overlay_alpha=&#8221;50&#8243; [&hellip;]","og_url":"https:\/\/huretransports.com\/pl\/transport\/ladowarka-dzwig\/","og_site_name":"Hure","article_modified_time":"2024-11-26T20:21:01+00:00","og_image":[{"width":1900,"height":532,"url":"https:\/\/huretransports.com\/wp-content\/uploads\/2024\/10\/grue.jpg","type":"image\/jpeg"}],"twitter_card":"summary_large_image","twitter_misc":{"Szacowany czas czytania":"4 minuty"},"schema":{"@context":"https:\/\/schema.org","@graph":[{"@type":"WebPage","@id":"https:\/\/huretransports.com\/pl\/transport\/ladowarka-dzwig\/","url":"https:\/\/huretransports.com\/pl\/transport\/ladowarka-dzwig\/","name":"\u0141adowarka \/ d\u017awig - Hure","isPartOf":{"@id":"https:\/\/huretransports.com\/pl\/#website"},"primaryImageOfPage":{"@id":"https:\/\/huretransports.com\/pl\/transport\/ladowarka-dzwig\/#primaryimage"},"image":{"@id":"https:\/\/huretransports.com\/pl\/transport\/ladowarka-dzwig\/#primaryimage"},"thumbnailUrl":"https:\/\/huretransports.com\/wp-content\/uploads\/2024\/10\/grue.jpg","datePublished":"2024-10-30T12:52:27+00:00","dateModified":"2024-11-26T20:21:01+00:00","breadcrumb":{"@id":"https:\/\/huretransports.com\/pl\/transport\/ladowarka-dzwig\/#breadcrumb"},"inLanguage":"pl-PL","potentialAction":[{"@type":"ReadAction","target":["https:\/\/huretransports.com\/pl\/transport\/ladowarka-dzwig\/"]}]},{"@type":"ImageObject","inLanguage":"pl-PL","@id":"https:\/\/huretransports.com\/pl\/transport\/ladowarka-dzwig\/#primaryimage","url":"https:\/\/huretransports.com\/wp-content\/uploads\/2024\/10\/grue.jpg","contentUrl":"https:\/\/huretransports.com\/wp-content\/uploads\/2024\/10\/grue.jpg","width":1900,"height":532},{"@type":"BreadcrumbList","@id":"https:\/\/huretransports.com\/pl\/transport\/ladowarka-dzwig\/#breadcrumb","itemListElement":[{"@type":"ListItem","position":1,"name":"Home","item":"https:\/\/huretransports.com\/pl\/"},{"@type":"ListItem","position":2,"name":"Transport","item":"https:\/\/huretransports.com\/pl\/transport\/"},{"@type":"ListItem","position":3,"name":"\u0141adowarka \/ d\u017awig"}]},{"@type":"WebSite","@id":"https:\/\/huretransports.com\/pl\/#website","url":"https:\/\/huretransports.com\/pl\/","name":"Hure","description":"","potentialAction":[{"@type":"SearchAction","target":{"@type":"EntryPoint","urlTemplate":"https:\/\/huretransports.com\/pl\/?s={search_term_string}"},"query-input":{"@type":"PropertyValueSpecification","valueRequired":true,"valueName":"search_term_string"}}],"inLanguage":"pl-PL"}]}},"_links":{"self":[{"href":"https:\/\/huretransports.com\/pl\/wp-json\/wp\/v2\/pages\/1075","targetHints":{"allow":["GET"]}}],"collection":[{"href":"https:\/\/huretransports.com\/pl\/wp-json\/wp\/v2\/pages"}],"about":[{"href":"https:\/\/huretransports.com\/pl\/wp-json\/wp\/v2\/types\/page"}],"author":[{"embeddable":true,"href":"https:\/\/huretransports.com\/pl\/wp-json\/wp\/v2\/users\/1"}],"replies":[{"embeddable":true,"href":"https:\/\/huretransports.com\/pl\/wp-json\/wp\/v2\/comments?post=1075"}],"version-history":[{"count":2,"href":"https:\/\/huretransports.com\/pl\/wp-json\/wp\/v2\/pages\/1075\/revisions"}],"predecessor-version":[{"id":1077,"href":"https:\/\/huretransports.com\/pl\/wp-json\/wp\/v2\/pages\/1075\/revisions\/1077"}],"up":[{"embeddable":true,"href":"https:\/\/huretransports.com\/pl\/wp-json\/wp\/v2\/pages\/919"}],"wp:featuredmedia":[{"embeddable":true,"href":"https:\/\/huretransports.com\/pl\/wp-json\/wp\/v2\/media\/454"}],"wp:attachment":[{"href":"https:\/\/huretransports.com\/pl\/wp-json\/wp\/v2\/media?parent=1075"}],"curies":[{"name":"wp","href":"https:\/\/api.w.org\/{rel}","templated":true}]}}