{"id":1171,"date":"2024-10-30T12:47:50","date_gmt":"2024-10-30T12:47:50","guid":{"rendered":"https:\/\/huretransports.com\/transport\/hydrocureur\/"},"modified":"2024-12-03T15:45:45","modified_gmt":"2024-12-03T15:45:45","slug":"ciezarowka-prozniowa","status":"publish","type":"page","link":"https:\/\/huretransports.com\/pl\/transport\/ciezarowka-prozniowa\/","title":{"rendered":"Ci\u0119\u017car\u00f3wka Pr\u00f3\u017cniowa"},"content":{"rendered":"<div class=\"wpb-content-wrapper\"><p>[vc_row row_height_percent=&#8221;0&#8243; override_padding=&#8221;yes&#8221; h_padding=&#8221;2&#8243; top_padding=&#8221;0&#8243; bottom_padding=&#8221;0&#8243; overlay_alpha=&#8221;50&#8243; gutter_size=&#8221;4&#8243; column_width_percent=&#8221;100&#8243; shift_y=&#8221;0&#8243; z_index=&#8221;0&#8243; uncode_shortcode_id=&#8221;122019&#8243; css=&#8221;.vc_custom_1715345476348{padding-top: 50px !important;padding-bottom: 100px !important;}&#8221;][vc_column column_width_percent=&#8221;100&#8243; gutter_size=&#8221;3&#8243; overlay_alpha=&#8221;50&#8243; shift_x=&#8221;0&#8243; shift_y=&#8221;0&#8243; shift_y_down=&#8221;0&#8243; z_index=&#8221;0&#8243; medium_width=&#8221;7&#8243; mobile_width=&#8221;0&#8243; width=&#8221;2\/3&#8243; uncode_shortcode_id=&#8221;335085&#8243;][uncode_breadcrumbs separator=&#8221;triangle&#8221;][vc_row_inner row_inner_height_percent=&#8221;0&#8243; overlay_alpha=&#8221;50&#8243; gutter_size=&#8221;3&#8243; shift_y=&#8221;0&#8243; z_index=&#8221;0&#8243; limit_content=&#8221;&#8221; uncode_shortcode_id=&#8221;129249&#8243; css=&#8221;.vc_custom_1715345194913{margin-bottom: 50px !important;}&#8221;][vc_column_inner width=&#8221;1\/1&#8243;][vc_column_text uncode_shortcode_id=&#8221;191120&#8243;]<\/p>\n<h2>Nasza flota hydrocurer\u00f3w<\/h2>\n<p>Przyczepa hydrocureur to naczepa specjalnie zaprojektowana do pompowania, opr\u00f3\u017cniania i czyszczenia zbiornik\u00f3w.<br \/>\nJego g\u0142\u00f3wn\u0105 zalet\u0105 jest du\u017ca pojemno\u015b\u0107 20 m3. Co wi\u0119cej, mo\u017cna go przechyla\u0107 i ma otwierany tylny panel u\u0142atwiaj\u0105cy czyszczenie.<\/p>\n<p>Urz\u0105dzenie jest wyposa\u017cone w zbiornik na wod\u0119, pomp\u0119 wysokoci\u015bnieniow\u0105, system ss\u0105cy i w\u0105\u017c.<\/p>\n<p>Zbiornik wody przechowuje wod\u0119 potrzebn\u0105 do zasilania pompy wysokoci\u015bnieniowej, kt\u00f3ra rozpyla wod\u0119 w celu oczyszczenia rur i usuni\u0119cia zanieczyszcze\u0144 i zator\u00f3w. Wydajny system ss\u0105cy odzyskuje odpady i resztki materia\u0142\u00f3w, kt\u00f3re s\u0105 przechowywane w zbiorniku o pojemno\u015bci 20 m3 do momentu dotarcia do miejsca roz\u0142adunku.<\/p>\n<p>Ten hydrokompaktor szczeg\u00f3lnie dobrze nadaje si\u0119 do pompowania produkt\u00f3w o du\u017cej g\u0119sto\u015bci w sektorze spo\u017cywczym, metanizacji i przemys\u0142owym&#8230;.[\/vc_column_text][\/vc_column_inner][\/vc_row_inner][vc_row_inner row_inner_height_percent=&#8221;0&#8243; back_color=&#8221;color-393642&#8243; overlay_alpha=&#8221;50&#8243; gutter_size=&#8221;3&#8243; shift_y=&#8221;0&#8243; z_index=&#8221;0&#8243; uncode_shortcode_id=&#8221;143586&#8243; back_color_type=&#8221;uncode-palette&#8221; limit_content=&#8221;&#8221; css=&#8221;.vc_custom_1715359788874{padding-top: 50px !important;padding-right: 25px !important;padding-bottom: 50px !important;padding-left: 25px !important;}&#8221;][vc_column_inner column_width_percent=&#8221;100&#8243; position_horizontal=&#8221;left&#8221; position_vertical=&#8221;middle&#8221; align_horizontal=&#8221;align_center&#8221; gutter_size=&#8221;0&#8243; overlay_alpha=&#8221;50&#8243; shift_x=&#8221;0&#8243; shift_y=&#8221;0&#8243; shift_y_down=&#8221;0&#8243; z_index=&#8221;0&#8243; align_medium=&#8221;align_left_tablet&#8221; medium_width=&#8221;0&#8243; align_mobile=&#8221;align_left_mobile&#8221; mobile_width=&#8221;0&#8243; width=&#8221;1\/2&#8243; uncode_shortcode_id=&#8221;228778&#8243;][vc_column_text uncode_shortcode_id=&#8221;551332&#8243;]<img decoding=\"async\" class=\"alignnone wp-image-305\" src=\"https:\/\/huretransports.com\/wp-content\/uploads\/2024\/12\/vacuumtank.png\" alt=\"\" width=\"250\" height=\"98\" \/>[\/vc_column_text][\/vc_column_inner][vc_column_inner column_width_percent=&#8221;100&#8243; gutter_size=&#8221;0&#8243; overlay_alpha=&#8221;50&#8243; shift_x=&#8221;0&#8243; shift_y=&#8221;0&#8243; shift_y_down=&#8221;0&#8243; z_index=&#8221;0&#8243; medium_width=&#8221;0&#8243; mobile_width=&#8221;0&#8243; width=&#8221;1\/2&#8243; uncode_shortcode_id=&#8221;517091&#8243;][vc_column_text uncode_shortcode_id=&#8221;509847&#8243;]<\/p>\n<h2>Informacje techniczne<\/h2>\n<p>[\/vc_column_text][uncode_list icon=&#8221;fa fa-circle-check&#8221; icon_color=&#8221;accent&#8221; uncode_shortcode_id=&#8221;162661&#8243; icon_color_type=&#8221;uncode-palette&#8221;]<\/p>\n<ul>\n<li>Pojemno\u015b\u0107: oko\u0142o 20 m3<\/li>\n<li>\u0141adowno\u015b\u0107: 21 ton<\/li>\n<\/ul>\n<p>[\/uncode_list][\/vc_column_inner][\/vc_row_inner][\/vc_column][vc_column column_width_percent=&#8221;100&#8243; gutter_size=&#8221;3&#8243; overlay_alpha=&#8221;50&#8243; shift_x=&#8221;0&#8243; shift_y=&#8221;0&#8243; shift_y_down=&#8221;0&#8243; z_index=&#8221;0&#8243; medium_width=&#8221;7&#8243; mobile_width=&#8221;0&#8243; width=&#8221;1\/3&#8243; uncode_shortcode_id=&#8221;167658&#8243; el_class=&#8221;sidebar_shifted&#8221;][uncode_block id=&#8221;75&#8243; inside_column=&#8221;yes&#8221;][\/vc_column][\/vc_row]<\/p>\n<\/div>","protected":false},"excerpt":{"rendered":"<p>[vc_row row_height_percent=&#8221;0&#8243; override_padding=&#8221;yes&#8221; h_padding=&#8221;2&#8243; top_padding=&#8221;0&#8243; bottom_padding=&#8221;0&#8243; overlay_alpha=&#8221;50&#8243; gutter_size=&#8221;4&#8243; column_width_percent=&#8221;100&#8243; shift_y=&#8221;0&#8243; z_index=&#8221;0&#8243; uncode_shortcode_id=&#8221;122019&#8243; css=&#8221;.vc_custom_1715345476348{padding-top: 50px !important;padding-bottom: 100px !important;}&#8221;][vc_column column_width_percent=&#8221;100&#8243; gutter_size=&#8221;3&#8243; overlay_alpha=&#8221;50&#8243; [&hellip;]<\/p>\n","protected":false},"author":1,"featured_media":428,"parent":919,"menu_order":0,"comment_status":"closed","ping_status":"closed","template":"","meta":{"footnotes":""},"class_list":["post-1171","page","type-page","status-publish","has-post-thumbnail","hentry"],"yoast_head":"<!-- This site is optimized with the Yoast SEO plugin v27.0 - https:\/\/yoast.com\/product\/yoast-seo-wordpress\/ -->\n<title>Ci\u0119\u017car\u00f3wka Pr\u00f3\u017cniowa - Hure<\/title>\n<meta name=\"robots\" content=\"index, follow, max-snippet:-1, max-image-preview:large, max-video-preview:-1\" \/>\n<link rel=\"canonical\" href=\"https:\/\/huretransports.com\/pl\/transport\/ciezarowka-prozniowa\/\" \/>\n<meta property=\"og:locale\" content=\"pl_PL\" \/>\n<meta property=\"og:type\" content=\"article\" \/>\n<meta property=\"og:title\" content=\"Ci\u0119\u017car\u00f3wka Pr\u00f3\u017cniowa - Hure\" \/>\n<meta property=\"og:description\" content=\"[vc_row row_height_percent=&#8221;0&#8243; override_padding=&#8221;yes&#8221; h_padding=&#8221;2&#8243; top_padding=&#8221;0&#8243; bottom_padding=&#8221;0&#8243; overlay_alpha=&#8221;50&#8243; gutter_size=&#8221;4&#8243; column_width_percent=&#8221;100&#8243; shift_y=&#8221;0&#8243; z_index=&#8221;0&#8243; uncode_shortcode_id=&#8221;122019&#8243; css=&#8221;.vc_custom_1715345476348{padding-top: 50px !important;padding-bottom: 100px !important;}&#8221;][vc_column column_width_percent=&#8221;100&#8243; gutter_size=&#8221;3&#8243; overlay_alpha=&#8221;50&#8243; [&hellip;]\" \/>\n<meta property=\"og:url\" content=\"https:\/\/huretransports.com\/pl\/transport\/ciezarowka-prozniowa\/\" \/>\n<meta property=\"og:site_name\" content=\"Hure\" \/>\n<meta property=\"article:modified_time\" content=\"2024-12-03T15:45:45+00:00\" \/>\n<meta property=\"og:image\" content=\"https:\/\/huretransports.com\/wp-content\/uploads\/2024\/10\/HYDROCUREUR.jpg\" \/>\n\t<meta property=\"og:image:width\" content=\"640\" \/>\n\t<meta property=\"og:image:height\" content=\"480\" \/>\n\t<meta property=\"og:image:type\" content=\"image\/jpeg\" \/>\n<meta name=\"twitter:card\" content=\"summary_large_image\" \/>\n<meta name=\"twitter:label1\" content=\"Szacowany czas czytania\" \/>\n\t<meta name=\"twitter:data1\" content=\"2 minuty\" \/>\n<script type=\"application\/ld+json\" class=\"yoast-schema-graph\">{\"@context\":\"https:\/\/schema.org\",\"@graph\":[{\"@type\":\"WebPage\",\"@id\":\"https:\/\/huretransports.com\/pl\/transport\/ciezarowka-prozniowa\/\",\"url\":\"https:\/\/huretransports.com\/pl\/transport\/ciezarowka-prozniowa\/\",\"name\":\"Ci\u0119\u017car\u00f3wka Pr\u00f3\u017cniowa - Hure\",\"isPartOf\":{\"@id\":\"https:\/\/huretransports.com\/pl\/#website\"},\"primaryImageOfPage\":{\"@id\":\"https:\/\/huretransports.com\/pl\/transport\/ciezarowka-prozniowa\/#primaryimage\"},\"image\":{\"@id\":\"https:\/\/huretransports.com\/pl\/transport\/ciezarowka-prozniowa\/#primaryimage\"},\"thumbnailUrl\":\"https:\/\/huretransports.com\/wp-content\/uploads\/2024\/10\/HYDROCUREUR.jpg\",\"datePublished\":\"2024-10-30T12:47:50+00:00\",\"dateModified\":\"2024-12-03T15:45:45+00:00\",\"breadcrumb\":{\"@id\":\"https:\/\/huretransports.com\/pl\/transport\/ciezarowka-prozniowa\/#breadcrumb\"},\"inLanguage\":\"pl-PL\",\"potentialAction\":[{\"@type\":\"ReadAction\",\"target\":[\"https:\/\/huretransports.com\/pl\/transport\/ciezarowka-prozniowa\/\"]}]},{\"@type\":\"ImageObject\",\"inLanguage\":\"pl-PL\",\"@id\":\"https:\/\/huretransports.com\/pl\/transport\/ciezarowka-prozniowa\/#primaryimage\",\"url\":\"https:\/\/huretransports.com\/wp-content\/uploads\/2024\/10\/HYDROCUREUR.jpg\",\"contentUrl\":\"https:\/\/huretransports.com\/wp-content\/uploads\/2024\/10\/HYDROCUREUR.jpg\",\"width\":640,\"height\":480},{\"@type\":\"BreadcrumbList\",\"@id\":\"https:\/\/huretransports.com\/pl\/transport\/ciezarowka-prozniowa\/#breadcrumb\",\"itemListElement\":[{\"@type\":\"ListItem\",\"position\":1,\"name\":\"Home\",\"item\":\"https:\/\/huretransports.com\/pl\/\"},{\"@type\":\"ListItem\",\"position\":2,\"name\":\"Transport\",\"item\":\"https:\/\/huretransports.com\/pl\/transport\/\"},{\"@type\":\"ListItem\",\"position\":3,\"name\":\"Ci\u0119\u017car\u00f3wka Pr\u00f3\u017cniowa\"}]},{\"@type\":\"WebSite\",\"@id\":\"https:\/\/huretransports.com\/pl\/#website\",\"url\":\"https:\/\/huretransports.com\/pl\/\",\"name\":\"Hure\",\"description\":\"\",\"potentialAction\":[{\"@type\":\"SearchAction\",\"target\":{\"@type\":\"EntryPoint\",\"urlTemplate\":\"https:\/\/huretransports.com\/pl\/?s={search_term_string}\"},\"query-input\":{\"@type\":\"PropertyValueSpecification\",\"valueRequired\":true,\"valueName\":\"search_term_string\"}}],\"inLanguage\":\"pl-PL\"}]}<\/script>\n<!-- \/ Yoast SEO plugin. -->","yoast_head_json":{"title":"Ci\u0119\u017car\u00f3wka Pr\u00f3\u017cniowa - Hure","robots":{"index":"index","follow":"follow","max-snippet":"max-snippet:-1","max-image-preview":"max-image-preview:large","max-video-preview":"max-video-preview:-1"},"canonical":"https:\/\/huretransports.com\/pl\/transport\/ciezarowka-prozniowa\/","og_locale":"pl_PL","og_type":"article","og_title":"Ci\u0119\u017car\u00f3wka Pr\u00f3\u017cniowa - Hure","og_description":"[vc_row row_height_percent=&#8221;0&#8243; override_padding=&#8221;yes&#8221; h_padding=&#8221;2&#8243; top_padding=&#8221;0&#8243; bottom_padding=&#8221;0&#8243; overlay_alpha=&#8221;50&#8243; gutter_size=&#8221;4&#8243; column_width_percent=&#8221;100&#8243; shift_y=&#8221;0&#8243; z_index=&#8221;0&#8243; uncode_shortcode_id=&#8221;122019&#8243; css=&#8221;.vc_custom_1715345476348{padding-top: 50px !important;padding-bottom: 100px !important;}&#8221;][vc_column column_width_percent=&#8221;100&#8243; gutter_size=&#8221;3&#8243; overlay_alpha=&#8221;50&#8243; [&hellip;]","og_url":"https:\/\/huretransports.com\/pl\/transport\/ciezarowka-prozniowa\/","og_site_name":"Hure","article_modified_time":"2024-12-03T15:45:45+00:00","og_image":[{"width":640,"height":480,"url":"https:\/\/huretransports.com\/wp-content\/uploads\/2024\/10\/HYDROCUREUR.jpg","type":"image\/jpeg"}],"twitter_card":"summary_large_image","twitter_misc":{"Szacowany czas czytania":"2 minuty"},"schema":{"@context":"https:\/\/schema.org","@graph":[{"@type":"WebPage","@id":"https:\/\/huretransports.com\/pl\/transport\/ciezarowka-prozniowa\/","url":"https:\/\/huretransports.com\/pl\/transport\/ciezarowka-prozniowa\/","name":"Ci\u0119\u017car\u00f3wka Pr\u00f3\u017cniowa - Hure","isPartOf":{"@id":"https:\/\/huretransports.com\/pl\/#website"},"primaryImageOfPage":{"@id":"https:\/\/huretransports.com\/pl\/transport\/ciezarowka-prozniowa\/#primaryimage"},"image":{"@id":"https:\/\/huretransports.com\/pl\/transport\/ciezarowka-prozniowa\/#primaryimage"},"thumbnailUrl":"https:\/\/huretransports.com\/wp-content\/uploads\/2024\/10\/HYDROCUREUR.jpg","datePublished":"2024-10-30T12:47:50+00:00","dateModified":"2024-12-03T15:45:45+00:00","breadcrumb":{"@id":"https:\/\/huretransports.com\/pl\/transport\/ciezarowka-prozniowa\/#breadcrumb"},"inLanguage":"pl-PL","potentialAction":[{"@type":"ReadAction","target":["https:\/\/huretransports.com\/pl\/transport\/ciezarowka-prozniowa\/"]}]},{"@type":"ImageObject","inLanguage":"pl-PL","@id":"https:\/\/huretransports.com\/pl\/transport\/ciezarowka-prozniowa\/#primaryimage","url":"https:\/\/huretransports.com\/wp-content\/uploads\/2024\/10\/HYDROCUREUR.jpg","contentUrl":"https:\/\/huretransports.com\/wp-content\/uploads\/2024\/10\/HYDROCUREUR.jpg","width":640,"height":480},{"@type":"BreadcrumbList","@id":"https:\/\/huretransports.com\/pl\/transport\/ciezarowka-prozniowa\/#breadcrumb","itemListElement":[{"@type":"ListItem","position":1,"name":"Home","item":"https:\/\/huretransports.com\/pl\/"},{"@type":"ListItem","position":2,"name":"Transport","item":"https:\/\/huretransports.com\/pl\/transport\/"},{"@type":"ListItem","position":3,"name":"Ci\u0119\u017car\u00f3wka Pr\u00f3\u017cniowa"}]},{"@type":"WebSite","@id":"https:\/\/huretransports.com\/pl\/#website","url":"https:\/\/huretransports.com\/pl\/","name":"Hure","description":"","potentialAction":[{"@type":"SearchAction","target":{"@type":"EntryPoint","urlTemplate":"https:\/\/huretransports.com\/pl\/?s={search_term_string}"},"query-input":{"@type":"PropertyValueSpecification","valueRequired":true,"valueName":"search_term_string"}}],"inLanguage":"pl-PL"}]}},"_links":{"self":[{"href":"https:\/\/huretransports.com\/pl\/wp-json\/wp\/v2\/pages\/1171","targetHints":{"allow":["GET"]}}],"collection":[{"href":"https:\/\/huretransports.com\/pl\/wp-json\/wp\/v2\/pages"}],"about":[{"href":"https:\/\/huretransports.com\/pl\/wp-json\/wp\/v2\/types\/page"}],"author":[{"embeddable":true,"href":"https:\/\/huretransports.com\/pl\/wp-json\/wp\/v2\/users\/1"}],"replies":[{"embeddable":true,"href":"https:\/\/huretransports.com\/pl\/wp-json\/wp\/v2\/comments?post=1171"}],"version-history":[{"count":3,"href":"https:\/\/huretransports.com\/pl\/wp-json\/wp\/v2\/pages\/1171\/revisions"}],"predecessor-version":[{"id":1337,"href":"https:\/\/huretransports.com\/pl\/wp-json\/wp\/v2\/pages\/1171\/revisions\/1337"}],"up":[{"embeddable":true,"href":"https:\/\/huretransports.com\/pl\/wp-json\/wp\/v2\/pages\/919"}],"wp:featuredmedia":[{"embeddable":true,"href":"https:\/\/huretransports.com\/pl\/wp-json\/wp\/v2\/media\/428"}],"wp:attachment":[{"href":"https:\/\/huretransports.com\/pl\/wp-json\/wp\/v2\/media?parent=1171"}],"curies":[{"name":"wp","href":"https:\/\/api.w.org\/{rel}","templated":true}]}}