{"id":961,"date":"2024-05-09T11:54:08","date_gmt":"2024-05-09T11:54:08","guid":{"rendered":"https:\/\/huretransports.com\/transport\/wywrotka\/"},"modified":"2024-11-26T20:16:06","modified_gmt":"2024-11-26T20:16:06","slug":"wywrotka","status":"publish","type":"page","link":"https:\/\/huretransports.com\/pl\/transport\/wywrotka\/","title":{"rendered":"Wywrotka"},"content":{"rendered":"<div class=\"wpb-content-wrapper\"><p>[vc_row row_height_percent=&#8221;0&#8243; override_padding=&#8221;yes&#8221; h_padding=&#8221;2&#8243; top_padding=&#8221;0&#8243; bottom_padding=&#8221;0&#8243; overlay_alpha=&#8221;50&#8243; gutter_size=&#8221;4&#8243; column_width_percent=&#8221;100&#8243; shift_y=&#8221;0&#8243; z_index=&#8221;0&#8243; uncode_shortcode_id=&#8221;122019&#8243; css=&#8221;.vc_custom_1715345476348{padding-top: 50px !important;padding-bottom: 100px !important;}&#8221;][vc_column column_width_percent=&#8221;100&#8243; gutter_size=&#8221;3&#8243; overlay_alpha=&#8221;50&#8243; shift_x=&#8221;0&#8243; shift_y=&#8221;0&#8243; shift_y_down=&#8221;0&#8243; z_index=&#8221;0&#8243; medium_width=&#8221;7&#8243; mobile_width=&#8221;0&#8243; width=&#8221;2\/3&#8243; uncode_shortcode_id=&#8221;335085&#8243;][uncode_breadcrumbs separator=&#8221;triangle&#8221;][vc_row_inner row_inner_height_percent=&#8221;0&#8243; overlay_alpha=&#8221;50&#8243; gutter_size=&#8221;3&#8243; shift_y=&#8221;0&#8243; z_index=&#8221;0&#8243; limit_content=&#8221;&#8221; uncode_shortcode_id=&#8221;129249&#8243; css=&#8221;.vc_custom_1715345194913{margin-bottom: 50px !important;}&#8221;][vc_column_inner width=&#8221;1\/1&#8243;][vc_column_text uncode_shortcode_id=&#8221;137906&#8243;]<\/p>\n<h2>Nasza flota wywrotek<\/h2>\n<p>Naczepy wywrotki s\u0105 przeznaczone do transportu materia\u0142\u00f3w sypkich oraz szybkiego i \u0142atwego roz\u0142adunku. Nasze wywrotki maj\u0105 pojemno\u015b\u0107 od 40 do 56 m3. S\u0105 one wyposa\u017cone w r\u0119czne lub elektryczne plandeki chroni\u0105ce i zabezpieczaj\u0105ce towary podczas transportu.<\/p>\n<p>Tylne drzwi wywrotki zapewniaj\u0105 podw\u00f3jne bezpiecze\u0144stwo podczas transportu. Po za\u0142adunku kierowca umieszcza haki na drzwiach i zamyka je plomb\u0105. Cztery haki blokuj\u0105 tylne drzwi, a sworze\u0144 zapewnia odpowiednie zabezpieczenie zamk\u00f3w. Z ty\u0142u wywrotki s\u0105 wyposa\u017cone w drzwi otwierane na bok. Kierowca ma do dyspozycji 3 r\u00f3\u017cne sposoby roz\u0142adunku:<\/p>\n<ul>\n<li>Roz\u0142adunek przez otwarcie tylnych drzwi w lewo i w prawo<\/li>\n<li>Roz\u0142adunek z automatycznym otwieraniem tylnych drzwi<\/li>\n<li>Roz\u0142adunek przez w\u0142az zbo\u017cowy<\/li>\n<\/ul>\n<p>[\/vc_column_text][\/vc_column_inner][\/vc_row_inner][vc_row_inner row_inner_height_percent=&#8221;0&#8243; overlay_alpha=&#8221;50&#8243; gutter_size=&#8221;3&#8243; shift_y=&#8221;0&#8243; z_index=&#8221;0&#8243; limit_content=&#8221;&#8221; uncode_shortcode_id=&#8221;905698&#8243; css=&#8221;.vc_custom_1715345200142{margin-bottom: 50px !important;}&#8221;][vc_column_inner column_width_percent=&#8221;100&#8243; gutter_size=&#8221;2&#8243; overlay_alpha=&#8221;50&#8243; shift_x=&#8221;0&#8243; shift_y=&#8221;0&#8243; shift_y_down=&#8221;0&#8243; z_index=&#8221;0&#8243; medium_width=&#8221;0&#8243; mobile_width=&#8221;0&#8243; width=&#8221;1\/1&#8243; uncode_shortcode_id=&#8221;787121&#8243;][vc_column_text uncode_shortcode_id=&#8221;122071&#8243;]<\/p>\n<h2>Do transportu<\/h2>\n<p>[\/vc_column_text][vc_icon position=&#8221;left&#8221; space_reduced=&#8221;yes&#8221; title_aligned_icon=&#8221;yes&#8221; icon=&#8221;fa fa-check&#8221; icon_color=&#8221;accent&#8221; size=&#8221;fa-2x&#8221; uncode_shortcode_id=&#8221;138922&#8243; title=&#8221;Recykling i odzyskiwanie&#8221; icon_color_type=&#8221;uncode-palette&#8221;]Kompost &#8211; Osady z oczyszczalni \u015bciek\u00f3w &#8211; Bezpieczne odpady przemys\u0142owe i spo\u017cywcze &#8211; &#8230;[\/vc_icon][vc_icon position=&#8221;left&#8221; space_reduced=&#8221;yes&#8221; title_aligned_icon=&#8221;yes&#8221; icon=&#8221;fa fa-check&#8221; icon_color=&#8221;accent&#8221; size=&#8221;fa-2x&#8221; uncode_shortcode_id=&#8221;126630&#8243; title=&#8221;Minera\u0142y&#8221; icon_color_type=&#8221;uncode-palette&#8221;]Kruszywa &#8211; Piasek &#8211; W\u0119giel &#8211; Gips &#8211; Koks naftowy &#8211; Wapie\u0144 &#8211; Szlam hutniczy &#8211; Kamyczki[\/vc_icon][vc_icon position=&#8221;left&#8221; space_reduced=&#8221;yes&#8221; title_aligned_icon=&#8221;yes&#8221; icon=&#8221;fa fa-check&#8221; icon_color=&#8221;accent&#8221; size=&#8221;fa-2x&#8221; uncode_shortcode_id=&#8221;144885&#8243; title=&#8221;Przemys\u0142 i chemikalia&#8221; icon_color_type=&#8221;uncode-palette&#8221;][\/vc_icon][vc_icon position=&#8221;left&#8221; space_reduced=&#8221;yes&#8221; title_aligned_icon=&#8221;yes&#8221; icon=&#8221;fa fa-check&#8221; icon_color=&#8221;accent&#8221; size=&#8221;fa-2x&#8221; uncode_shortcode_id=&#8221;182906&#8243; title=&#8221;Odpady&#8221; icon_color_type=&#8221;uncode-palette&#8221;]Impregnowane trociny &#8211; R\u00f3\u017cne rodzaje odpad\u00f3w[\/vc_icon][vc_icon position=&#8221;left&#8221; space_reduced=&#8221;yes&#8221; title_aligned_icon=&#8221;yes&#8221; icon=&#8221;fa fa-check&#8221; icon_color=&#8221;accent&#8221; size=&#8221;fa-2x&#8221; uncode_shortcode_id=&#8221;214726&#8243; title=&#8221;ADR&#8221; icon_color_type=&#8221;uncode-palette&#8221;][\/vc_icon][\/vc_column_inner][\/vc_row_inner][vc_row_inner row_inner_height_percent=&#8221;0&#8243; back_color=&#8221;color-393642&#8243; overlay_alpha=&#8221;50&#8243; gutter_size=&#8221;3&#8243; shift_y=&#8221;0&#8243; z_index=&#8221;0&#8243; uncode_shortcode_id=&#8221;143586&#8243; back_color_type=&#8221;uncode-palette&#8221; limit_content=&#8221;&#8221; css=&#8221;.vc_custom_1715359788874{padding-top: 50px !important;padding-right: 25px !important;padding-bottom: 50px !important;padding-left: 25px !important;}&#8221;][vc_column_inner column_width_percent=&#8221;100&#8243; position_horizontal=&#8221;left&#8221; position_vertical=&#8221;middle&#8221; align_horizontal=&#8221;align_center&#8221; gutter_size=&#8221;0&#8243; overlay_alpha=&#8221;50&#8243; shift_x=&#8221;0&#8243; shift_y=&#8221;0&#8243; shift_y_down=&#8221;0&#8243; z_index=&#8221;0&#8243; align_medium=&#8221;align_left_tablet&#8221; medium_width=&#8221;0&#8243; align_mobile=&#8221;align_left_mobile&#8221; mobile_width=&#8221;0&#8243; width=&#8221;1\/2&#8243; uncode_shortcode_id=&#8221;228778&#8243;][vc_column_text uncode_shortcode_id=&#8221;474183&#8243;]<img decoding=\"async\" class=\"alignnone wp-image-290\" src=\"https:\/\/huretransports.com\/wp-content\/uploads\/2024\/05\/kipper-2.png\" alt=\"\" width=\"250\" height=\"98\" srcset=\"https:\/\/huretransports.com\/wp-content\/uploads\/2024\/05\/kipper-2.png 400w, https:\/\/huretransports.com\/wp-content\/uploads\/2024\/05\/kipper-2-300x118.png 300w, https:\/\/huretransports.com\/wp-content\/uploads\/2024\/05\/kipper-2-350x137.png 350w\" sizes=\"(max-width: 250px) 100vw, 250px\" \/>[\/vc_column_text][\/vc_column_inner][vc_column_inner column_width_percent=&#8221;100&#8243; gutter_size=&#8221;0&#8243; overlay_alpha=&#8221;50&#8243; shift_x=&#8221;0&#8243; shift_y=&#8221;0&#8243; shift_y_down=&#8221;0&#8243; z_index=&#8221;0&#8243; medium_width=&#8221;0&#8243; mobile_width=&#8221;0&#8243; width=&#8221;1\/2&#8243; uncode_shortcode_id=&#8221;517091&#8243;][vc_column_text uncode_shortcode_id=&#8221;760808&#8243;]<\/p>\n<h2>Informacje techniczne<\/h2>\n<p>[\/vc_column_text][uncode_list icon=&#8221;fa fa-circle-check&#8221; icon_color=&#8221;accent&#8221; uncode_shortcode_id=&#8221;631665&#8243; icon_color_type=&#8221;uncode-palette&#8221;]<\/p>\n<ul>\n<li>Pojemno\u015b\u0107: 40m\u00b3-56m\u00b3<\/li>\n<li>Wzmocnione aluminium<\/li>\n<li>Zatwierdzony przez ADR<\/li>\n<li>Plandeki r\u0119czne i elektryczne<\/li>\n<\/ul>\n<p>[\/uncode_list][\/vc_column_inner][\/vc_row_inner][\/vc_column][vc_column column_width_percent=&#8221;100&#8243; gutter_size=&#8221;3&#8243; overlay_alpha=&#8221;50&#8243; shift_x=&#8221;0&#8243; shift_y=&#8221;0&#8243; shift_y_down=&#8221;0&#8243; z_index=&#8221;0&#8243; medium_width=&#8221;7&#8243; mobile_width=&#8221;0&#8243; width=&#8221;1\/3&#8243; uncode_shortcode_id=&#8221;167658&#8243; el_class=&#8221;sidebar_shifted&#8221;][uncode_block id=&#8221;75&#8243; inside_column=&#8221;yes&#8221;][\/vc_column][\/vc_row]<\/p>\n<\/div>","protected":false},"excerpt":{"rendered":"<p>[vc_row row_height_percent=&#8221;0&#8243; override_padding=&#8221;yes&#8221; h_padding=&#8221;2&#8243; top_padding=&#8221;0&#8243; bottom_padding=&#8221;0&#8243; overlay_alpha=&#8221;50&#8243; gutter_size=&#8221;4&#8243; column_width_percent=&#8221;100&#8243; shift_y=&#8221;0&#8243; z_index=&#8221;0&#8243; uncode_shortcode_id=&#8221;122019&#8243; css=&#8221;.vc_custom_1715345476348{padding-top: 50px !important;padding-bottom: 100px !important;}&#8221;][vc_column column_width_percent=&#8221;100&#8243; gutter_size=&#8221;3&#8243; overlay_alpha=&#8221;50&#8243; [&hellip;]<\/p>\n","protected":false},"author":1,"featured_media":524,"parent":919,"menu_order":0,"comment_status":"closed","ping_status":"closed","template":"","meta":{"footnotes":""},"class_list":["post-961","page","type-page","status-publish","has-post-thumbnail","hentry"],"yoast_head":"<!-- This site is optimized with the Yoast SEO plugin v27.0 - https:\/\/yoast.com\/product\/yoast-seo-wordpress\/ -->\n<title>Wywrotka - Hure<\/title>\n<meta name=\"robots\" content=\"index, follow, max-snippet:-1, max-image-preview:large, max-video-preview:-1\" \/>\n<link rel=\"canonical\" href=\"https:\/\/huretransports.com\/pl\/transport\/wywrotka\/\" \/>\n<meta property=\"og:locale\" content=\"pl_PL\" \/>\n<meta property=\"og:type\" content=\"article\" \/>\n<meta property=\"og:title\" content=\"Wywrotka - Hure\" \/>\n<meta property=\"og:description\" content=\"[vc_row row_height_percent=&#8221;0&#8243; override_padding=&#8221;yes&#8221; h_padding=&#8221;2&#8243; top_padding=&#8221;0&#8243; bottom_padding=&#8221;0&#8243; overlay_alpha=&#8221;50&#8243; gutter_size=&#8221;4&#8243; column_width_percent=&#8221;100&#8243; shift_y=&#8221;0&#8243; z_index=&#8221;0&#8243; uncode_shortcode_id=&#8221;122019&#8243; css=&#8221;.vc_custom_1715345476348{padding-top: 50px !important;padding-bottom: 100px !important;}&#8221;][vc_column column_width_percent=&#8221;100&#8243; gutter_size=&#8221;3&#8243; overlay_alpha=&#8221;50&#8243; [&hellip;]\" \/>\n<meta property=\"og:url\" content=\"https:\/\/huretransports.com\/pl\/transport\/wywrotka\/\" \/>\n<meta property=\"og:site_name\" content=\"Hure\" \/>\n<meta property=\"article:modified_time\" content=\"2024-11-26T20:16:06+00:00\" \/>\n<meta property=\"og:image\" content=\"https:\/\/huretransports.com\/wp-content\/uploads\/2024\/11\/benne.jpg\" \/>\n\t<meta property=\"og:image:width\" content=\"1900\" \/>\n\t<meta property=\"og:image:height\" content=\"532\" \/>\n\t<meta property=\"og:image:type\" content=\"image\/jpeg\" \/>\n<meta name=\"twitter:card\" content=\"summary_large_image\" \/>\n<meta name=\"twitter:label1\" content=\"Szacowany czas czytania\" \/>\n\t<meta name=\"twitter:data1\" content=\"4 minuty\" \/>\n<script type=\"application\/ld+json\" class=\"yoast-schema-graph\">{\"@context\":\"https:\/\/schema.org\",\"@graph\":[{\"@type\":\"WebPage\",\"@id\":\"https:\/\/huretransports.com\/pl\/transport\/wywrotka\/\",\"url\":\"https:\/\/huretransports.com\/pl\/transport\/wywrotka\/\",\"name\":\"Wywrotka - Hure\",\"isPartOf\":{\"@id\":\"https:\/\/huretransports.com\/pl\/#website\"},\"primaryImageOfPage\":{\"@id\":\"https:\/\/huretransports.com\/pl\/transport\/wywrotka\/#primaryimage\"},\"image\":{\"@id\":\"https:\/\/huretransports.com\/pl\/transport\/wywrotka\/#primaryimage\"},\"thumbnailUrl\":\"https:\/\/huretransports.com\/wp-content\/uploads\/2024\/11\/benne.jpg\",\"datePublished\":\"2024-05-09T11:54:08+00:00\",\"dateModified\":\"2024-11-26T20:16:06+00:00\",\"breadcrumb\":{\"@id\":\"https:\/\/huretransports.com\/pl\/transport\/wywrotka\/#breadcrumb\"},\"inLanguage\":\"pl-PL\",\"potentialAction\":[{\"@type\":\"ReadAction\",\"target\":[\"https:\/\/huretransports.com\/pl\/transport\/wywrotka\/\"]}]},{\"@type\":\"ImageObject\",\"inLanguage\":\"pl-PL\",\"@id\":\"https:\/\/huretransports.com\/pl\/transport\/wywrotka\/#primaryimage\",\"url\":\"https:\/\/huretransports.com\/wp-content\/uploads\/2024\/11\/benne.jpg\",\"contentUrl\":\"https:\/\/huretransports.com\/wp-content\/uploads\/2024\/11\/benne.jpg\",\"width\":1900,\"height\":532},{\"@type\":\"BreadcrumbList\",\"@id\":\"https:\/\/huretransports.com\/pl\/transport\/wywrotka\/#breadcrumb\",\"itemListElement\":[{\"@type\":\"ListItem\",\"position\":1,\"name\":\"Home\",\"item\":\"https:\/\/huretransports.com\/pl\/\"},{\"@type\":\"ListItem\",\"position\":2,\"name\":\"Transport\",\"item\":\"https:\/\/huretransports.com\/pl\/transport\/\"},{\"@type\":\"ListItem\",\"position\":3,\"name\":\"Wywrotka\"}]},{\"@type\":\"WebSite\",\"@id\":\"https:\/\/huretransports.com\/pl\/#website\",\"url\":\"https:\/\/huretransports.com\/pl\/\",\"name\":\"Hure\",\"description\":\"\",\"potentialAction\":[{\"@type\":\"SearchAction\",\"target\":{\"@type\":\"EntryPoint\",\"urlTemplate\":\"https:\/\/huretransports.com\/pl\/?s={search_term_string}\"},\"query-input\":{\"@type\":\"PropertyValueSpecification\",\"valueRequired\":true,\"valueName\":\"search_term_string\"}}],\"inLanguage\":\"pl-PL\"}]}<\/script>\n<!-- \/ Yoast SEO plugin. -->","yoast_head_json":{"title":"Wywrotka - Hure","robots":{"index":"index","follow":"follow","max-snippet":"max-snippet:-1","max-image-preview":"max-image-preview:large","max-video-preview":"max-video-preview:-1"},"canonical":"https:\/\/huretransports.com\/pl\/transport\/wywrotka\/","og_locale":"pl_PL","og_type":"article","og_title":"Wywrotka - Hure","og_description":"[vc_row row_height_percent=&#8221;0&#8243; override_padding=&#8221;yes&#8221; h_padding=&#8221;2&#8243; top_padding=&#8221;0&#8243; bottom_padding=&#8221;0&#8243; overlay_alpha=&#8221;50&#8243; gutter_size=&#8221;4&#8243; column_width_percent=&#8221;100&#8243; shift_y=&#8221;0&#8243; z_index=&#8221;0&#8243; uncode_shortcode_id=&#8221;122019&#8243; css=&#8221;.vc_custom_1715345476348{padding-top: 50px !important;padding-bottom: 100px !important;}&#8221;][vc_column column_width_percent=&#8221;100&#8243; gutter_size=&#8221;3&#8243; overlay_alpha=&#8221;50&#8243; [&hellip;]","og_url":"https:\/\/huretransports.com\/pl\/transport\/wywrotka\/","og_site_name":"Hure","article_modified_time":"2024-11-26T20:16:06+00:00","og_image":[{"width":1900,"height":532,"url":"https:\/\/huretransports.com\/wp-content\/uploads\/2024\/11\/benne.jpg","type":"image\/jpeg"}],"twitter_card":"summary_large_image","twitter_misc":{"Szacowany czas czytania":"4 minuty"},"schema":{"@context":"https:\/\/schema.org","@graph":[{"@type":"WebPage","@id":"https:\/\/huretransports.com\/pl\/transport\/wywrotka\/","url":"https:\/\/huretransports.com\/pl\/transport\/wywrotka\/","name":"Wywrotka - Hure","isPartOf":{"@id":"https:\/\/huretransports.com\/pl\/#website"},"primaryImageOfPage":{"@id":"https:\/\/huretransports.com\/pl\/transport\/wywrotka\/#primaryimage"},"image":{"@id":"https:\/\/huretransports.com\/pl\/transport\/wywrotka\/#primaryimage"},"thumbnailUrl":"https:\/\/huretransports.com\/wp-content\/uploads\/2024\/11\/benne.jpg","datePublished":"2024-05-09T11:54:08+00:00","dateModified":"2024-11-26T20:16:06+00:00","breadcrumb":{"@id":"https:\/\/huretransports.com\/pl\/transport\/wywrotka\/#breadcrumb"},"inLanguage":"pl-PL","potentialAction":[{"@type":"ReadAction","target":["https:\/\/huretransports.com\/pl\/transport\/wywrotka\/"]}]},{"@type":"ImageObject","inLanguage":"pl-PL","@id":"https:\/\/huretransports.com\/pl\/transport\/wywrotka\/#primaryimage","url":"https:\/\/huretransports.com\/wp-content\/uploads\/2024\/11\/benne.jpg","contentUrl":"https:\/\/huretransports.com\/wp-content\/uploads\/2024\/11\/benne.jpg","width":1900,"height":532},{"@type":"BreadcrumbList","@id":"https:\/\/huretransports.com\/pl\/transport\/wywrotka\/#breadcrumb","itemListElement":[{"@type":"ListItem","position":1,"name":"Home","item":"https:\/\/huretransports.com\/pl\/"},{"@type":"ListItem","position":2,"name":"Transport","item":"https:\/\/huretransports.com\/pl\/transport\/"},{"@type":"ListItem","position":3,"name":"Wywrotka"}]},{"@type":"WebSite","@id":"https:\/\/huretransports.com\/pl\/#website","url":"https:\/\/huretransports.com\/pl\/","name":"Hure","description":"","potentialAction":[{"@type":"SearchAction","target":{"@type":"EntryPoint","urlTemplate":"https:\/\/huretransports.com\/pl\/?s={search_term_string}"},"query-input":{"@type":"PropertyValueSpecification","valueRequired":true,"valueName":"search_term_string"}}],"inLanguage":"pl-PL"}]}},"_links":{"self":[{"href":"https:\/\/huretransports.com\/pl\/wp-json\/wp\/v2\/pages\/961","targetHints":{"allow":["GET"]}}],"collection":[{"href":"https:\/\/huretransports.com\/pl\/wp-json\/wp\/v2\/pages"}],"about":[{"href":"https:\/\/huretransports.com\/pl\/wp-json\/wp\/v2\/types\/page"}],"author":[{"embeddable":true,"href":"https:\/\/huretransports.com\/pl\/wp-json\/wp\/v2\/users\/1"}],"replies":[{"embeddable":true,"href":"https:\/\/huretransports.com\/pl\/wp-json\/wp\/v2\/comments?post=961"}],"version-history":[{"count":2,"href":"https:\/\/huretransports.com\/pl\/wp-json\/wp\/v2\/pages\/961\/revisions"}],"predecessor-version":[{"id":963,"href":"https:\/\/huretransports.com\/pl\/wp-json\/wp\/v2\/pages\/961\/revisions\/963"}],"up":[{"embeddable":true,"href":"https:\/\/huretransports.com\/pl\/wp-json\/wp\/v2\/pages\/919"}],"wp:featuredmedia":[{"embeddable":true,"href":"https:\/\/huretransports.com\/pl\/wp-json\/wp\/v2\/media\/524"}],"wp:attachment":[{"href":"https:\/\/huretransports.com\/pl\/wp-json\/wp\/v2\/media?parent=961"}],"curies":[{"name":"wp","href":"https:\/\/api.w.org\/{rel}","templated":true}]}}